{"id":190,"date":"2018-04-24T08:24:37","date_gmt":"2018-04-24T08:24:37","guid":{"rendered":"http:\/\/demo.acmethemes.com\/construction-field-pro\/?page_id=17"},"modified":"2026-03-04T17:55:12","modified_gmt":"2026-03-04T16:55:12","slug":"front-page","status":"publish","type":"page","link":"https:\/\/tiere-opr.de\/","title":{"rendered":"Front Page"},"content":{"rendered":"<h1 style=\"text-align: center;\">&nbsp;Willkommen auf unserer Webseite!<\/h1>\n<p>&nbsp; &nbsp; &nbsp; &nbsp; &nbsp; &nbsp; &nbsp; &nbsp; &nbsp; &nbsp; &nbsp; &nbsp; &nbsp; &nbsp; &nbsp; &nbsp; &nbsp; &nbsp; &nbsp; &nbsp; &nbsp; &nbsp; &nbsp; &nbsp; &nbsp; &nbsp; &nbsp; &nbsp; &nbsp; &nbsp; &nbsp; &nbsp; &nbsp; &nbsp; &nbsp; &nbsp; &nbsp; &nbsp; &nbsp; &nbsp;<span style=\"color: #993300; font-size: 10pt;\">&nbsp;\u201eGemeinsam schenken wir Tieren eine zweite Chance.\u201c<\/span><\/p>\n<p>&nbsp;<\/p>\n<p>&nbsp; &nbsp; &nbsp; &nbsp; &nbsp; &nbsp; &nbsp; &nbsp; &nbsp; &nbsp; &nbsp; &nbsp; &nbsp; &nbsp; &nbsp; &nbsp; &nbsp; &nbsp; &nbsp; &nbsp; &nbsp; &nbsp; &nbsp; &nbsp; &nbsp; &nbsp; &nbsp; &nbsp; &nbsp; &nbsp; &nbsp; <img loading=\"lazy\" decoding=\"async\" class=\"alignnone wp-image-3931\" src=\"http:\/\/tiere-opr.de\/wp-content\/uploads\/2026\/03\/b95fbe07-1a38-451d-a580-888d9bb55f5b-300x200.png\" alt=\"\" width=\"415\" height=\"276\" srcset=\"https:\/\/tiere-opr.de\/wp-content\/uploads\/2026\/03\/b95fbe07-1a38-451d-a580-888d9bb55f5b-300x200.png 300w, https:\/\/tiere-opr.de\/wp-content\/uploads\/2026\/03\/b95fbe07-1a38-451d-a580-888d9bb55f5b-1024x683.png 1024w, https:\/\/tiere-opr.de\/wp-content\/uploads\/2026\/03\/b95fbe07-1a38-451d-a580-888d9bb55f5b-768x512.png 768w, https:\/\/tiere-opr.de\/wp-content\/uploads\/2026\/03\/b95fbe07-1a38-451d-a580-888d9bb55f5b-600x400.png 600w, https:\/\/tiere-opr.de\/wp-content\/uploads\/2026\/03\/b95fbe07-1a38-451d-a580-888d9bb55f5b.png 1536w\" sizes=\"auto, (max-width: 415px) 100vw, 415px\" \/><\/p>\n<p>&nbsp;<\/p>\n<p>&nbsp; &nbsp; &nbsp; &nbsp; &nbsp; &nbsp; &nbsp; &nbsp; &nbsp; &nbsp; &nbsp; &nbsp; &nbsp; &nbsp; &nbsp; &nbsp; &nbsp; &nbsp; &nbsp; &nbsp; &nbsp; &nbsp; &nbsp; &nbsp; &nbsp; &nbsp; &nbsp; &nbsp; &nbsp; &nbsp; &nbsp; &nbsp; &nbsp; &nbsp; &nbsp; &nbsp; &nbsp; &nbsp; &nbsp; &nbsp; &nbsp; &nbsp; &nbsp; &nbsp; &nbsp; &nbsp; &nbsp; &nbsp; &nbsp; &nbsp; &nbsp; &nbsp;&nbsp; &nbsp; &nbsp; &nbsp; &nbsp; &nbsp; &nbsp; &nbsp; &nbsp; &nbsp; &nbsp;&nbsp;<\/p>\n<p>&nbsp;<\/p>\n<p data-start=\"111\" data-end=\"163\"><span style=\"font-size: 18pt; font-family: georgia, palatino, serif; color: #000080;\"><strong data-start=\"111\" data-end=\"163\">&nbsp; &nbsp; &nbsp; &nbsp; &nbsp; &nbsp; Herzlich willkommen \u2013 sch\u00f6n, dass Sie hier sind<\/strong><\/span><\/p>\n<p data-start=\"111\" data-end=\"163\">&nbsp;<\/p>\n<p data-start=\"165\" data-end=\"286\"><span style=\"font-size: 14pt; font-family: arial, helvetica, sans-serif; color: #333399;\">Jedes Tier verdient Schutz, F\u00fcrsorge und ein liebevolles Zuhause. Genau daf\u00fcr setzen wir uns mit Herz und Engagement ein.<\/span><\/p>\n<p data-start=\"165\" data-end=\"286\">&nbsp;<\/p>\n<p data-start=\"288\" data-end=\"517\"><span style=\"font-size: 14pt; font-family: arial, helvetica, sans-serif; color: #333399;\">Auf unserer Homepage erfahren Sie mehr \u00fcber unsere Arbeit im Tierschutz, unsere Sch\u00fctzlinge und die vielf\u00e4ltigen M\u00f6glichkeiten, wie Sie helfen k\u00f6nnen \u2013 sei es durch Adoption, Patenschaft, Spenden oder ehrenamtliche Unterst\u00fctzung.<\/span><\/p>\n<p data-start=\"288\" data-end=\"517\">&nbsp;<\/p>\n<p data-start=\"519\" data-end=\"610\"><span style=\"font-size: 14pt; font-family: arial, helvetica, sans-serif; color: #333399;\">Gemeinsam k\u00f6nnen wir Leben ver\u00e4ndern.<\/span><br data-start=\"556\" data-end=\"559\"><span style=\"font-size: 14pt; font-family: arial, helvetica, sans-serif; color: #333399;\">Danke, dass Sie nicht wegsehen, sondern hinschauen.<\/span><\/p>\n<p data-start=\"519\" data-end=\"610\">&nbsp;<\/p>\n<p data-start=\"612\" data-end=\"668\"><span style=\"font-size: 14pt; font-family: arial, helvetica, sans-serif; color: #333399;\">Wir freuen uns, wenn Sie Teil unserer Mission werden. \ud83d\udc3e<\/span><\/p>\n<p>&nbsp;<\/p>\n<p>&nbsp;<\/p>\n<p>&nbsp;<\/p>\n<p>&nbsp;<\/p>\n<p>&nbsp;<\/p>\n<p>&nbsp;<\/p>\n<p style=\"text-align: center;\"><strong><span style=\"font-size: 14pt; font-family: arial, helvetica, sans-serif;\">Liebe Tierfreundin, lieber Tierfreund!<\/span><\/strong><\/p>\n<p style=\"text-align: center;\"><span style=\"font-size: 14pt; font-family: arial, helvetica, sans-serif;\">Wir freuen uns, dass Sie den Kontakt zu uns suchen!<\/span><\/p>\n<p style=\"text-align: center;\"><span style=\"font-size: 14pt; font-family: arial, helvetica, sans-serif;\">Sie erreichen uns telefonisch unter den angegebenen Rufnummern (unter Kontakte)<\/span><\/p>\n<p style=\"text-align: center;\"><span style=\"font-size: 14pt; font-family: arial, helvetica, sans-serif;\">oder Sie schreiben uns eine E-Mail mit Ihren W\u00fcnschen oder Anregungen an:<\/span><\/p>\n<p style=\"text-align: center;\"><span style=\"font-size: 14pt; font-family: arial, helvetica, sans-serif;\"><a href=\"mailto:tierschutz@tiere-opr.de\">tierschutz@tiere-opr.de<\/a><\/span><\/p>\n<p><span style=\"font-family: arial, helvetica, sans-serif;\">:<\/span><\/p>\n<p><span style=\"font-family: arial, helvetica, sans-serif;\"><strong>&nbsp; &nbsp; &nbsp; &nbsp; &nbsp; &nbsp; &nbsp; &nbsp; &nbsp; &nbsp; &nbsp; &nbsp; &nbsp; &nbsp; &nbsp; &nbsp; &nbsp; &nbsp; &nbsp; &nbsp; &nbsp; &nbsp; &nbsp; &nbsp; &nbsp; &nbsp; &nbsp; &nbsp; &nbsp; &nbsp; &nbsp; &nbsp; &nbsp; &nbsp; &nbsp; &nbsp; <\/strong><\/span><\/p>\n","protected":false},"excerpt":{"rendered":"<p>&nbsp;Willkommen auf unserer Webseite! &nbsp; &nbsp; &nbsp; &nbsp; &nbsp; &nbsp; &nbsp; &nbsp; &nbsp; &nbsp; &nbsp; &nbsp; &nbsp; &nbsp; &nbsp; &nbsp; &nbsp; &nbsp; &nbsp; &nbsp; &nbsp; &nbsp; &nbsp; &nbsp; &nbsp; &nbsp; &nbsp; &nbsp; &nbsp; &nbsp; &nbsp; &nbsp; &nbsp; &nbsp; &nbsp; &nbsp; &nbsp; &nbsp; &nbsp; &nbsp;&nbsp;\u201eGemeinsam schenken wir Tieren eine zweite Chance.\u201c &nbsp; &nbsp; &nbsp; &nbsp; &nbsp; [&hellip;]<\/p>\n","protected":false},"author":4,"featured_media":0,"parent":0,"menu_order":0,"comment_status":"closed","ping_status":"closed","template":"","meta":{"ngg_post_thumbnail":0,"_joinchat":[],"footnotes":""},"class_list":["post-190","page","type-page","status-publish","hentry"],"_links":{"self":[{"href":"https:\/\/tiere-opr.de\/index.php?rest_route=\/wp\/v2\/pages\/190","targetHints":{"allow":["GET"]}}],"collection":[{"href":"https:\/\/tiere-opr.de\/index.php?rest_route=\/wp\/v2\/pages"}],"about":[{"href":"https:\/\/tiere-opr.de\/index.php?rest_route=\/wp\/v2\/types\/page"}],"author":[{"embeddable":true,"href":"https:\/\/tiere-opr.de\/index.php?rest_route=\/wp\/v2\/users\/4"}],"replies":[{"embeddable":true,"href":"https:\/\/tiere-opr.de\/index.php?rest_route=%2Fwp%2Fv2%2Fcomments&post=190"}],"version-history":[{"count":81,"href":"https:\/\/tiere-opr.de\/index.php?rest_route=\/wp\/v2\/pages\/190\/revisions"}],"predecessor-version":[{"id":3949,"href":"https:\/\/tiere-opr.de\/index.php?rest_route=\/wp\/v2\/pages\/190\/revisions\/3949"}],"wp:attachment":[{"href":"https:\/\/tiere-opr.de\/index.php?rest_route=%2Fwp%2Fv2%2Fmedia&parent=190"}],"curies":[{"name":"wp","href":"https:\/\/api.w.org\/{rel}","templated":true}]}}