{"id":234,"date":"2023-03-13T15:33:50","date_gmt":"2023-03-13T14:33:50","guid":{"rendered":"https:\/\/tiere-opr.de\/?page_id=234"},"modified":"2023-03-15T15:46:48","modified_gmt":"2023-03-15T14:46:48","slug":"aktuelles","status":"publish","type":"page","link":"https:\/\/tiere-opr.de\/?page_id=234","title":{"rendered":"Aktuelles"},"content":{"rendered":"<h1><span style=\"font-size: 14pt;\">Diese Seiten verweisen auf externe Links, wir \u00fcbernehmen keinerlei Haftung f\u00fcr externe Inhalte.<\/span><\/h1>\n<p>&nbsp;<\/p>\n<p><a href=\"https:\/\/www.tierheimhelden.de\/\" target=\"_blank\" rel=\"noopener\"><span style=\"color: #ff6600;\">Tierheimhelden<\/span><\/a><\/p>\n<p><a href=\"https:\/\/www.findefix.com\/\" target=\"_blank\" rel=\"noopener\"><span style=\"color: #ff6600;\">Findefix<\/span><\/a><\/p>\n<p><span style=\"color: #ff6600;\"><a style=\"color: #ff6600;\" href=\"https:\/\/www.tierheime-helfen.de\/katzenschutz\" target=\"_blank\" rel=\"noopener\">Tierheime helfen beim Katzenschutz<\/a><\/span><\/p>\n<p><span style=\"color: #ff6600;\"><a style=\"color: #ff6600;\" href=\"https:\/\/www.youtube.com\/watch?v=OuepQfLAUpc\" target=\"_blank\" rel=\"noopener\">Schlafboxen f\u00fcr Stra\u00dfenkatzen (Youtube)<\/a><\/span><\/p>\n<p><span style=\"color: #ff6600;\"><a style=\"color: #ff6600;\" href=\"https:\/\/www.facebook.com\/groups\/327272832025649\/\" target=\"_blank\" rel=\"noopener\">Vermittlungshilfe f\u00fcr Tierschutz-Katzen \u2661 Berlin und Brandenburg<\/a><\/span><\/p>\n<p>&nbsp;<\/p>\n<p>&nbsp;<\/p>\n","protected":false},"excerpt":{"rendered":"<p>Diese Seiten verweisen auf externe Links, wir \u00fcbernehmen keinerlei Haftung f\u00fcr externe Inhalte. &nbsp; Tierheimhelden Findefix Tierheime helfen beim Katzenschutz Schlafboxen f\u00fcr Stra\u00dfenkatzen (Youtube) Vermittlungshilfe f\u00fcr Tierschutz-Katzen \u2661 Berlin und Brandenburg &nbsp; &nbsp;<\/p>\n","protected":false},"author":4,"featured_media":0,"parent":0,"menu_order":0,"comment_status":"closed","ping_status":"closed","template":"","meta":{"ngg_post_thumbnail":0,"_joinchat":[],"footnotes":""},"class_list":["post-234","page","type-page","status-publish","hentry"],"_links":{"self":[{"href":"https:\/\/tiere-opr.de\/index.php?rest_route=\/wp\/v2\/pages\/234","targetHints":{"allow":["GET"]}}],"collection":[{"href":"https:\/\/tiere-opr.de\/index.php?rest_route=\/wp\/v2\/pages"}],"about":[{"href":"https:\/\/tiere-opr.de\/index.php?rest_route=\/wp\/v2\/types\/page"}],"author":[{"embeddable":true,"href":"https:\/\/tiere-opr.de\/index.php?rest_route=\/wp\/v2\/users\/4"}],"replies":[{"embeddable":true,"href":"https:\/\/tiere-opr.de\/index.php?rest_route=%2Fwp%2Fv2%2Fcomments&post=234"}],"version-history":[{"count":4,"href":"https:\/\/tiere-opr.de\/index.php?rest_route=\/wp\/v2\/pages\/234\/revisions"}],"predecessor-version":[{"id":425,"href":"https:\/\/tiere-opr.de\/index.php?rest_route=\/wp\/v2\/pages\/234\/revisions\/425"}],"wp:attachment":[{"href":"https:\/\/tiere-opr.de\/index.php?rest_route=%2Fwp%2Fv2%2Fmedia&parent=234"}],"curies":[{"name":"wp","href":"https:\/\/api.w.org\/{rel}","templated":true}]}}