{"id":244,"date":"2023-03-13T15:40:39","date_gmt":"2023-03-13T14:40:39","guid":{"rendered":"https:\/\/tiere-opr.de\/?page_id=244"},"modified":"2026-03-05T23:25:04","modified_gmt":"2026-03-05T22:25:04","slug":"spenden","status":"publish","type":"page","link":"https:\/\/tiere-opr.de\/?page_id=244","title":{"rendered":"Unterst\u00fctzen"},"content":{"rendered":"<h1 style=\"text-align: center;\"><span style=\"font-size: 14pt;\">Tun sie etwas Gutes! Helfen sie uns, damit wir den Tieren helfen k\u00f6nnen.<\/span><\/h1>\n<p>&nbsp;<\/p>\n<p>&nbsp; &nbsp;&nbsp;<\/p>\n<p><img loading=\"lazy\" decoding=\"async\" class=\"alignnone wp-image-3956\" src=\"http:\/\/tiere-opr.de\/wp-content\/uploads\/2026\/03\/Aktiv-200x300.jpg\" alt=\"\" width=\"424\" height=\"636\" srcset=\"https:\/\/tiere-opr.de\/wp-content\/uploads\/2026\/03\/Aktiv-200x300.jpg 200w, https:\/\/tiere-opr.de\/wp-content\/uploads\/2026\/03\/Aktiv-683x1024.jpg 683w, https:\/\/tiere-opr.de\/wp-content\/uploads\/2026\/03\/Aktiv-768x1152.jpg 768w, https:\/\/tiere-opr.de\/wp-content\/uploads\/2026\/03\/Aktiv-600x900.jpg 600w, https:\/\/tiere-opr.de\/wp-content\/uploads\/2026\/03\/Aktiv.jpg 1024w\" sizes=\"auto, (max-width: 424px) 100vw, 424px\" \/>&nbsp;<\/p>\n<figure id=\"attachment_3957\" aria-describedby=\"caption-attachment-3957\" style=\"width: 374px\" class=\"wp-caption alignleft\"><img loading=\"lazy\" decoding=\"async\" class=\" wp-image-3957\" src=\"http:\/\/tiere-opr.de\/wp-content\/uploads\/2026\/03\/enga-203x300.jpg\" alt=\"\" width=\"374\" height=\"553\" srcset=\"https:\/\/tiere-opr.de\/wp-content\/uploads\/2026\/03\/enga-203x300.jpg 203w, https:\/\/tiere-opr.de\/wp-content\/uploads\/2026\/03\/enga-693x1024.jpg 693w, https:\/\/tiere-opr.de\/wp-content\/uploads\/2026\/03\/enga-768x1135.jpg 768w, https:\/\/tiere-opr.de\/wp-content\/uploads\/2026\/03\/enga-1040x1536.jpg 1040w, https:\/\/tiere-opr.de\/wp-content\/uploads\/2026\/03\/enga-600x886.jpg 600w, https:\/\/tiere-opr.de\/wp-content\/uploads\/2026\/03\/enga.jpg 1125w\" sizes=\"auto, (max-width: 374px) 100vw, 374px\" \/><figcaption id=\"caption-attachment-3957\" class=\"wp-caption-text\">&nbsp;&nbsp;<\/figcaption><\/figure>\n<h2>&nbsp;<\/h2>\n<h2>&nbsp;<\/h2>\n<h2>&nbsp;<\/h2>\n<h2>&nbsp;<\/h2>\n<h2>&nbsp;<\/h2>\n<h2>&nbsp;<\/h2>\n<h2>&nbsp;<\/h2>\n<h2>&nbsp;<\/h2>\n<h2>&nbsp;<\/h2>\n<h2>&nbsp;<\/h2>\n<h2>&nbsp;<\/h2>\n<h2>&nbsp;<\/h2>\n<h2 class=\"mb0 p-campaign-title\" style=\"text-align: center;\"><span style=\"font-size: 14pt;\">Aktuelle Aktion: Kastration freilaufender Katzen<\/span><\/h2>\n<p><span style=\"font-size: 14pt;\">&nbsp;<\/span><\/p>\n<p><a href=\"https:\/\/www.gofundme.com\/f\/kastration-freilaufender-katzen\" target=\"_blank\" rel=\"noopener\"><img loading=\"lazy\" decoding=\"async\" class=\"size-medium wp-image-500 aligncenter\" src=\"http:\/\/tiere-opr.de\/wp-content\/uploads\/2023\/03\/GoFundMe-Logo-300x169.png\" alt=\"\" width=\"300\" height=\"169\" srcset=\"https:\/\/tiere-opr.de\/wp-content\/uploads\/2023\/03\/GoFundMe-Logo-300x169.png 300w, https:\/\/tiere-opr.de\/wp-content\/uploads\/2023\/03\/GoFundMe-Logo-1024x576.png 1024w, https:\/\/tiere-opr.de\/wp-content\/uploads\/2023\/03\/GoFundMe-Logo-768x432.png 768w, https:\/\/tiere-opr.de\/wp-content\/uploads\/2023\/03\/GoFundMe-Logo-1536x864.png 1536w, https:\/\/tiere-opr.de\/wp-content\/uploads\/2023\/03\/GoFundMe-Logo-2048x1152.png 2048w, https:\/\/tiere-opr.de\/wp-content\/uploads\/2023\/03\/GoFundMe-Logo-600x338.png 600w\" sizes=\"auto, (max-width: 300px) 100vw, 300px\" \/><\/a><\/p>\n<p style=\"text-align: center;\"><a href=\"https:\/\/einkaufen.gooding.de\/tierschutzverein-ostprignitz-e-v-108451\" target=\"_blank\" rel=\"noopener\"><img loading=\"lazy\" decoding=\"async\" class=\"alignnone wp-image-734\" src=\"http:\/\/tiere-opr.de\/wp-content\/uploads\/2023\/04\/online-einkaufen-tierschutzverein-unterstuetzen-vorlage-TierschutzvereinOstprignitzRuppin-Gross-300x300.jpg\" alt=\"\" width=\"201\" height=\"201\" srcset=\"https:\/\/tiere-opr.de\/wp-content\/uploads\/2023\/04\/online-einkaufen-tierschutzverein-unterstuetzen-vorlage-TierschutzvereinOstprignitzRuppin-Gross-300x300.jpg 300w, https:\/\/tiere-opr.de\/wp-content\/uploads\/2023\/04\/online-einkaufen-tierschutzverein-unterstuetzen-vorlage-TierschutzvereinOstprignitzRuppin-Gross-1024x1024.jpg 1024w, https:\/\/tiere-opr.de\/wp-content\/uploads\/2023\/04\/online-einkaufen-tierschutzverein-unterstuetzen-vorlage-TierschutzvereinOstprignitzRuppin-Gross-150x150.jpg 150w, https:\/\/tiere-opr.de\/wp-content\/uploads\/2023\/04\/online-einkaufen-tierschutzverein-unterstuetzen-vorlage-TierschutzvereinOstprignitzRuppin-Gross-768x768.jpg 768w, https:\/\/tiere-opr.de\/wp-content\/uploads\/2023\/04\/online-einkaufen-tierschutzverein-unterstuetzen-vorlage-TierschutzvereinOstprignitzRuppin-Gross-600x600.jpg 600w, https:\/\/tiere-opr.de\/wp-content\/uploads\/2023\/04\/online-einkaufen-tierschutzverein-unterstuetzen-vorlage-TierschutzvereinOstprignitzRuppin-Gross-100x100.jpg 100w, https:\/\/tiere-opr.de\/wp-content\/uploads\/2023\/04\/online-einkaufen-tierschutzverein-unterstuetzen-vorlage-TierschutzvereinOstprignitzRuppin-Gross.jpg 1200w\" sizes=\"auto, (max-width: 201px) 100vw, 201px\" \/><\/a><\/p>\n<p><a href=\"https:\/\/www.betterplace.org\/de\/projects\/68090-kastration-von-100-freilaufenden-katzen\" target=\"_blank\" rel=\"noopener\"><img loading=\"lazy\" decoding=\"async\" class=\"size-medium wp-image-502 aligncenter\" src=\"http:\/\/tiere-opr.de\/wp-content\/uploads\/2023\/03\/betterplace_Logo_org-300x79.png\" alt=\"\" width=\"300\" height=\"79\" srcset=\"https:\/\/tiere-opr.de\/wp-content\/uploads\/2023\/03\/betterplace_Logo_org-300x79.png 300w, https:\/\/tiere-opr.de\/wp-content\/uploads\/2023\/03\/betterplace_Logo_org-1024x271.png 1024w, https:\/\/tiere-opr.de\/wp-content\/uploads\/2023\/03\/betterplace_Logo_org-768x203.png 768w, https:\/\/tiere-opr.de\/wp-content\/uploads\/2023\/03\/betterplace_Logo_org-1536x407.png 1536w, https:\/\/tiere-opr.de\/wp-content\/uploads\/2023\/03\/betterplace_Logo_org-2048x542.png 2048w, https:\/\/tiere-opr.de\/wp-content\/uploads\/2023\/03\/betterplace_Logo_org-600x159.png 600w\" sizes=\"auto, (max-width: 300px) 100vw, 300px\" \/><\/a><\/p>\n<p><span style=\"font-size: 18pt;\">Die steigenden Kosten beim Futter, beim Tanken, beim Tierarzt, bei der medizinischen Versorgung und nun auch wieder die Kittenflut &#8230;.Wir ben\u00f6tigen DRINGEND finanzielle Unterst\u00fctzung! Jeder kleine Taler hilft!<\/span><\/p>\n<p>&nbsp; &nbsp; &nbsp; &nbsp; &nbsp; &nbsp; &nbsp; &nbsp; &nbsp; &nbsp; &nbsp; &nbsp; &nbsp; &nbsp; &nbsp; &nbsp; &nbsp; &nbsp; &nbsp; &nbsp; &nbsp; &nbsp; &nbsp; &nbsp; &nbsp; &nbsp; &nbsp; &nbsp; &nbsp; &nbsp; &nbsp; &nbsp; &nbsp; &nbsp; &nbsp; &nbsp; &nbsp; &nbsp; &nbsp; &nbsp; &nbsp; &nbsp; &nbsp; &nbsp;<\/p>\n<h3><span style=\"font-size: 18pt;\">!!! Spende jetzt !!!! Kastration von 100 freilaufenden Katzen<\/span><\/h3>\n<p><span style=\"font-size: 18pt;\">Das Ziel des Projektes liegt in der finanziellen Unterst\u00fctzung der Kastration von freilaufenden und verwilderten Katzen, um eine weitere unkontrollierte Vermehrung zu verhindern. Die Hauptaufgabe des Projektes liegt in der Kastration von verwilderten Katzen. Katzen sind Haustiere und auf die Pflege und F\u00fctterung durch den Menschen angewiesen. Wenn herrenlose Tiere nicht kastriert werden, vermehren sie sich in kurzer Zeit rasant, was die Lage all dieser Tiere zus\u00e4tzlich verschlimmert. Aus diesem Grund treffen die Mitglieder des Vereins immer wieder auf elende, kranke und halb verhungerte Katzen, die geplagt werden von Mangelern\u00e4hrung, Infektionskrankheiten und Verletzungen. Die Tiersch\u00fctzer des Vereins versuchen, solche Populationen, die oft in Gewerbe- und Neubaugebieten und in landwirtschaftlichen Betrieben gefunden werden, m.H. von Lebendfallen einzufangen. Die Tiere werden dann durch Tier\u00e4rzte aus der Region, mit denen der Verein seit vielen Jahren vertrauensvoll zusammenarbeitet, kastriert und bei Bedarf medizinisch behandelt. Anschlie\u00dfend werden die Tiere in Pflegestellen untergebracht, dort gez\u00e4hmt und anschlie\u00dfend vermittelt. Dies ist aber oft nur bei jungen Tieren m\u00f6glich. \u00c4ltere Tiere, die sehr scheu sind und bei denen eine Z\u00e4hmung meist nicht gelingt, werden an den Fundort zur\u00fcckgesetzt und dann regelm\u00e4\u00dfig mit Futter versorgt. Der Tierschutzverein Ostprignitz-Ruppin e.V. hat \u00fcber die Jahre seines Wirkens eine recht gro\u00dfe Anzahl an Futterstellen in der Region eingerichtet, die alle durch ehrenamtliche Helfer unterhalten werden m\u00fcssen. Gleichwohl hat der Verein auch hohe Futterkosten zu tragen, da sowohl die Futterstellen als auch die Pflegestellen, die ebenfalls durch tierliebe Menschen erm\u00f6glicht werden, mit gro\u00dfen Mengen Futter versorgt werden m\u00fcssen und das Tag f\u00fcr Tag, Jahr f\u00fcr Jahr.<\/span><\/p>\n<p>&nbsp;<\/p>\n<h3>&nbsp; &nbsp; &nbsp; &nbsp; &nbsp; &nbsp; &nbsp; &nbsp; &nbsp; &nbsp; &nbsp; &nbsp; &nbsp; &nbsp; &nbsp; &nbsp; &nbsp; &nbsp; &nbsp; &nbsp; &nbsp; &nbsp; &nbsp; &nbsp; &nbsp; &nbsp; &nbsp; &nbsp; &nbsp; &nbsp; &nbsp; &nbsp; &nbsp; &nbsp; <a href=\"https:\/\/gofund.me\/119e3cdbe\" target=\"_blank\" rel=\"noopener\">https:\/\/gofund.me\/119e3cdbe<\/a><\/h3>\n<h3>&nbsp;<\/h3>\n<h3><span style=\"font-size: 18pt;\">Liebe Tierschutzfreunde,<\/span><\/h3>\n<p><span style=\"font-size: 18pt;\">Irgendwann kommt jeder einmal an seine Kapazit\u00e4tsgrenzen f\u00fcr die Aufnahme von Fundtieren, insbesondere von Katzen. Bei uns ist derzeit gerade diese Situation eingetreten. Wir bitten Euch alle hier, denkt dar\u00fcber nach, ob Ihr vielleicht das eine oder andere Tier (Katze) bei Euch zur Pflege aufnehmen k\u00f6nnt. F\u00fcr medizinische Versorgung, Futter und alles andere sorgen wir. Fragt Eure Freunde und Bekannte. Helft uns und den Tieren die vor dem kommenden Winter dringend ein zu Hause ben\u00f6tigen. Gesucht werden aber auch freiwillige Helfer die uns beim aufstellen der Lebendfallen und dem anschlie\u00dfenden Transport zu den Tier\u00e4rzten unterst\u00fctzen.<\/span><\/p>\n<p><span style=\"font-size: 18pt;\">Hilfsangebote bitte per Mail oder Kontaktformular an uns.<\/span><\/p>\n<p>&nbsp;<\/p>\n<p>&nbsp;<\/p>\n<p style=\"text-align: center;\"><strong><span style=\"color: #000000; font-size: 18pt;\">Spendenkonto des&nbsp;Tierschutzvereins Ostprignitz-Ruppin e.V.<\/span><\/strong><\/p>\n<p style=\"text-align: center;\"><strong><span style=\"color: #000000; font-size: 18pt;\">Tierschutzverein OPR im Tierschutzbund e.V.<\/span><\/strong><\/p>\n<p style=\"text-align: center;\"><strong><span style=\"color: #000000; font-size: 18pt;\">IBAN DE 171 6050 2021 82 000 5522<\/span><\/strong><\/p>\n<p style=\"text-align: center;\"><strong><span style=\"color: #000000; font-size: 18pt;\">ODER<\/span><\/strong><\/p>\n<p style=\"text-align: center;\"><strong><span style=\"color: #000000; font-size: 18pt;\">Paypal: Tierschutz-opr@web.de<\/span><\/strong><\/p>\n<p style=\"text-align: center;\"><a href=\"https:\/\/paypal.me\/TierschutzvereinOPR\" target=\"_blank\" rel=\"noopener\">https:\/\/paypal.me\/TierschutzvereinOPR<\/a><\/p>\n<p>&nbsp; &nbsp; &nbsp; &nbsp; &nbsp; &nbsp; &nbsp; &nbsp; &nbsp; &nbsp; &nbsp; &nbsp; &nbsp; &nbsp; &nbsp; &nbsp; &nbsp; &nbsp; &nbsp; &nbsp; &nbsp; &nbsp; &nbsp; &nbsp; &nbsp; &nbsp; &nbsp; &nbsp; &nbsp; &nbsp; &nbsp; &nbsp; &nbsp; &nbsp; &nbsp; &nbsp; &nbsp; &nbsp; &nbsp; &nbsp; &nbsp; &nbsp; &nbsp; &nbsp; &nbsp; &nbsp; &nbsp; &nbsp; &nbsp; <img loading=\"lazy\" decoding=\"async\" class=\"alignnone size-medium wp-image-3596\" src=\"http:\/\/tiere-opr.de\/wp-content\/uploads\/2025\/12\/PHOTO-2025-11-26-19-05-36-1-300x300.jpg\" alt=\"\" width=\"300\" height=\"300\" srcset=\"https:\/\/tiere-opr.de\/wp-content\/uploads\/2025\/12\/PHOTO-2025-11-26-19-05-36-1-300x300.jpg 300w, https:\/\/tiere-opr.de\/wp-content\/uploads\/2025\/12\/PHOTO-2025-11-26-19-05-36-1-150x150.jpg 150w, https:\/\/tiere-opr.de\/wp-content\/uploads\/2025\/12\/PHOTO-2025-11-26-19-05-36-1-100x100.jpg 100w, https:\/\/tiere-opr.de\/wp-content\/uploads\/2025\/12\/PHOTO-2025-11-26-19-05-36-1.jpg 500w\" sizes=\"auto, (max-width: 300px) 100vw, 300px\" \/><\/p>\n<p style=\"text-align: center;\"><a href=\"https:\/\/tiere-opr.de\/sponsoren\/\"><span style=\"color: #ff6600;\"><strong>Zu den Sponsoren &#8211;&gt;&gt;&gt;<\/strong><\/span><\/a><\/p>\n<p>&nbsp;<\/p>\n<p>&nbsp;<\/p>\n<p>&nbsp;<\/p>\n","protected":false},"excerpt":{"rendered":"<p>Tun sie etwas Gutes! Helfen sie uns, damit wir den Tieren helfen k\u00f6nnen. &nbsp; &nbsp; &nbsp;&nbsp; &nbsp; &nbsp; &nbsp; &nbsp; &nbsp; &nbsp; &nbsp; &nbsp; &nbsp; &nbsp; &nbsp; &nbsp; &nbsp; Aktuelle Aktion: Kastration freilaufender Katzen &nbsp; Die steigenden Kosten beim Futter, beim Tanken, beim Tierarzt, bei der medizinischen Versorgung und nun auch wieder die Kittenflut &#8230;.Wir [&hellip;]<\/p>\n","protected":false},"author":4,"featured_media":0,"parent":0,"menu_order":0,"comment_status":"closed","ping_status":"closed","template":"","meta":{"ngg_post_thumbnail":0,"_joinchat":[],"footnotes":""},"class_list":["post-244","page","type-page","status-publish","hentry"],"_links":{"self":[{"href":"https:\/\/tiere-opr.de\/index.php?rest_route=\/wp\/v2\/pages\/244","targetHints":{"allow":["GET"]}}],"collection":[{"href":"https:\/\/tiere-opr.de\/index.php?rest_route=\/wp\/v2\/pages"}],"about":[{"href":"https:\/\/tiere-opr.de\/index.php?rest_route=\/wp\/v2\/types\/page"}],"author":[{"embeddable":true,"href":"https:\/\/tiere-opr.de\/index.php?rest_route=\/wp\/v2\/users\/4"}],"replies":[{"embeddable":true,"href":"https:\/\/tiere-opr.de\/index.php?rest_route=%2Fwp%2Fv2%2Fcomments&post=244"}],"version-history":[{"count":28,"href":"https:\/\/tiere-opr.de\/index.php?rest_route=\/wp\/v2\/pages\/244\/revisions"}],"predecessor-version":[{"id":3974,"href":"https:\/\/tiere-opr.de\/index.php?rest_route=\/wp\/v2\/pages\/244\/revisions\/3974"}],"wp:attachment":[{"href":"https:\/\/tiere-opr.de\/index.php?rest_route=%2Fwp%2Fv2%2Fmedia&parent=244"}],"curies":[{"name":"wp","href":"https:\/\/api.w.org\/{rel}","templated":true}]}}