{"id":3825,"date":"2026-03-01T13:04:27","date_gmt":"2026-03-01T12:04:27","guid":{"rendered":"https:\/\/tiere-opr.de\/?page_id=3825"},"modified":"2026-03-02T08:04:07","modified_gmt":"2026-03-02T07:04:07","slug":"pflegestelle","status":"publish","type":"page","link":"https:\/\/tiere-opr.de\/?page_id=3825","title":{"rendered":"Pflegestellen"},"content":{"rendered":"<h2 data-start=\"0\" data-end=\"39\"><span style=\"color: #993300;\">Warum sind Pflegestellen so wichtig?<\/span><\/h2>\n<p data-start=\"41\" data-end=\"240\">&nbsp;<\/p>\n<p data-start=\"242\" data-end=\"489\"><span style=\"font-family: arial, helvetica, sans-serif; font-size: 14pt;\">Gerade Pflegestellen sind das Herzst\u00fcck unserer Tierschutzarbeit. Sie schenken Tieren in Not Sicherheit, Ruhe und die individuelle F\u00fcrsorge, die sie so dringend brauchen.<\/span><\/p>\n<p data-start=\"242\" data-end=\"489\"><span style=\"font-family: arial, helvetica, sans-serif; font-size: 14pt;\">Gerade kranke, \u00e4ngstliche oder sehr junge Tiere profitieren vom h\u00e4uslichen Alltag, in dem sie Vertrauen aufbauen und zur Ruhe kommen k\u00f6nnen. Gleichzeitig lassen sich Verhalten und Bed\u00fcrfnisse besser einsch\u00e4tzen, um ein passendes Zuhause zu finden.<\/span><\/p>\n<p data-start=\"491\" data-end=\"587\" data-is-last-node=\"\" data-is-only-node=\"\"><span style=\"font-family: arial, helvetica, sans-serif; font-size: 14pt;\">Pflegestellen schaffen damit die Grundlage f\u00fcr eine erfolgreiche und nachhaltige Vermittlung. \ud83d\udc3e<\/span><\/p>\n","protected":false},"excerpt":{"rendered":"<p>Warum sind Pflegestellen so wichtig? &nbsp; Gerade Pflegestellen sind das Herzst\u00fcck unserer Tierschutzarbeit. Sie schenken Tieren in Not Sicherheit, Ruhe und die individuelle F\u00fcrsorge, die sie so dringend brauchen. Gerade kranke, \u00e4ngstliche oder sehr junge Tiere profitieren vom h\u00e4uslichen Alltag, in dem sie Vertrauen aufbauen und zur Ruhe kommen k\u00f6nnen. Gleichzeitig lassen sich Verhalten und [&hellip;]<\/p>\n","protected":false},"author":2,"featured_media":0,"parent":0,"menu_order":0,"comment_status":"closed","ping_status":"closed","template":"","meta":{"ngg_post_thumbnail":0,"_joinchat":[],"footnotes":""},"class_list":["post-3825","page","type-page","status-publish","hentry"],"_links":{"self":[{"href":"https:\/\/tiere-opr.de\/index.php?rest_route=\/wp\/v2\/pages\/3825","targetHints":{"allow":["GET"]}}],"collection":[{"href":"https:\/\/tiere-opr.de\/index.php?rest_route=\/wp\/v2\/pages"}],"about":[{"href":"https:\/\/tiere-opr.de\/index.php?rest_route=\/wp\/v2\/types\/page"}],"author":[{"embeddable":true,"href":"https:\/\/tiere-opr.de\/index.php?rest_route=\/wp\/v2\/users\/2"}],"replies":[{"embeddable":true,"href":"https:\/\/tiere-opr.de\/index.php?rest_route=%2Fwp%2Fv2%2Fcomments&post=3825"}],"version-history":[{"count":7,"href":"https:\/\/tiere-opr.de\/index.php?rest_route=\/wp\/v2\/pages\/3825\/revisions"}],"predecessor-version":[{"id":3839,"href":"https:\/\/tiere-opr.de\/index.php?rest_route=\/wp\/v2\/pages\/3825\/revisions\/3839"}],"wp:attachment":[{"href":"https:\/\/tiere-opr.de\/index.php?rest_route=%2Fwp%2Fv2%2Fmedia&parent=3825"}],"curies":[{"name":"wp","href":"https:\/\/api.w.org\/{rel}","templated":true}]}}