{"id":3843,"date":"2026-03-02T08:35:10","date_gmt":"2026-03-02T07:35:10","guid":{"rendered":"https:\/\/tiere-opr.de\/?page_id=3843"},"modified":"2026-03-02T23:59:29","modified_gmt":"2026-03-02T22:59:29","slug":"regenbogenbruecke","status":"publish","type":"page","link":"https:\/\/tiere-opr.de\/?page_id=3843","title":{"rendered":"Regenbogenbr\u00fccke"},"content":{"rendered":"<p>&nbsp;<\/p>\n<p>&nbsp;<\/p>\n<p>&nbsp;<\/p>\n<p>&nbsp;<\/p>\n<p>&nbsp;<\/p>\n<h2 data-start=\"129\" data-end=\"148\"><span style=\"font-size: 24pt;\">&nbsp; &nbsp; &nbsp; &nbsp; &nbsp; &nbsp; &nbsp; &nbsp; &nbsp; &nbsp; &nbsp; &nbsp; &nbsp; &nbsp; &nbsp; &nbsp; &nbsp; &nbsp; &nbsp; &nbsp; &nbsp; &nbsp; &nbsp; &nbsp; Regenbogenbr\u00fccke<\/span><\/h2>\n<h2 data-start=\"129\" data-end=\"148\">&nbsp;<\/h2>\n<h2 data-start=\"129\" data-end=\"148\">&nbsp;<img loading=\"lazy\" decoding=\"async\" class=\"wp-image-3844 alignleft\" src=\"http:\/\/tiere-opr.de\/wp-content\/uploads\/2026\/03\/59321bfc-d3bf-4af6-b6f8-988bb29389f3-200x300.png\" alt=\"\" width=\"276\" height=\"414\" srcset=\"https:\/\/tiere-opr.de\/wp-content\/uploads\/2026\/03\/59321bfc-d3bf-4af6-b6f8-988bb29389f3-200x300.png 200w, https:\/\/tiere-opr.de\/wp-content\/uploads\/2026\/03\/59321bfc-d3bf-4af6-b6f8-988bb29389f3-683x1024.png 683w, https:\/\/tiere-opr.de\/wp-content\/uploads\/2026\/03\/59321bfc-d3bf-4af6-b6f8-988bb29389f3-768x1152.png 768w, https:\/\/tiere-opr.de\/wp-content\/uploads\/2026\/03\/59321bfc-d3bf-4af6-b6f8-988bb29389f3-600x900.png 600w, https:\/\/tiere-opr.de\/wp-content\/uploads\/2026\/03\/59321bfc-d3bf-4af6-b6f8-988bb29389f3.png 1024w\" sizes=\"auto, (max-width: 276px) 100vw, 276px\" \/><\/h2>\n<p data-start=\"150\" data-end=\"232\"><span style=\"font-family: 'trebuchet ms', geneva, sans-serif; font-size: 14pt;\">Manche Wege gehen wir nur ein St\u00fcck gemeinsam \u2013 und doch pr\u00e4gen sie uns f\u00fcr immer.<\/span><\/p>\n<p data-start=\"234\" data-end=\"437\"><span style=\"font-family: 'trebuchet ms', geneva, sans-serif; font-size: 14pt;\">Wenn ein Tier \u00fcber die Regenbogenbr\u00fccke gehen muss, bleibt eine L\u00fccke. <\/span><\/p>\n<p data-start=\"234\" data-end=\"437\"><span style=\"font-family: 'trebuchet ms', geneva, sans-serif; font-size: 14pt;\">Tiere sind Familienmitglieder, treue Begleiter und Seelentr\u00f6ster. Ihr Abschied schmerzt \u2013 und dieser Schmerz ist Ausdruck von Liebe.<\/span><\/p>\n<p data-start=\"439\" data-end=\"622\"><span style=\"font-family: 'trebuchet ms', geneva, sans-serif; font-size: 14pt;\">Im Tierschutz begleiten wir nicht nur Neuanf\u00e4nge, sondern manchmal auch die letzten Schritte. <\/span><\/p>\n<p data-start=\"439\" data-end=\"622\"><span style=\"font-family: 'trebuchet ms', geneva, sans-serif; font-size: 14pt;\">Unser Wunsch ist es, jedem Tier bis zuletzt W\u00fcrde, Geborgenheit und F\u00fcrsorge zu schenken.<\/span><\/p>\n<p data-start=\"624\" data-end=\"697\" data-is-last-node=\"\" data-is-only-node=\"\"><span style=\"font-family: 'trebuchet ms', geneva, sans-serif; font-size: 14pt;\">Was bleibt, sind Erinnerungen.<\/span><\/p>\n<p data-start=\"624\" data-end=\"697\" data-is-last-node=\"\" data-is-only-node=\"\"><br data-start=\"654\" data-end=\"657\"><span style=\"font-family: 'trebuchet ms', geneva, sans-serif; font-size: 14pt;\">&nbsp; &nbsp; &nbsp; &nbsp; &nbsp; &nbsp; &nbsp; &nbsp; &nbsp; &nbsp; &nbsp; &nbsp; &nbsp; &nbsp; &nbsp; &nbsp; &nbsp; &nbsp; &nbsp; &nbsp; &nbsp; &nbsp; &nbsp; &nbsp; &nbsp; &nbsp; &nbsp; &nbsp; &nbsp; &nbsp; &nbsp; &nbsp; &nbsp; &nbsp; &nbsp; &nbsp; &nbsp; &nbsp; &nbsp;<span style=\"text-decoration: underline;\"> Und die Gewissheit: Es wurde geliebt. \ud83d\udc3e<\/span><\/span><\/p>\n<p data-start=\"624\" data-end=\"697\" data-is-last-node=\"\" data-is-only-node=\"\">&nbsp;<\/p>\n<p data-start=\"624\" data-end=\"697\" data-is-last-node=\"\" data-is-only-node=\"\">&nbsp;<\/p>\n<p data-start=\"624\" data-end=\"697\" data-is-last-node=\"\" data-is-only-node=\"\">&nbsp;<\/p>\n","protected":false},"excerpt":{"rendered":"<p>&nbsp; &nbsp; &nbsp; &nbsp; &nbsp; &nbsp; &nbsp; &nbsp; &nbsp; &nbsp; &nbsp; &nbsp; &nbsp; &nbsp; &nbsp; &nbsp; &nbsp; &nbsp; &nbsp; &nbsp; &nbsp; &nbsp; &nbsp; &nbsp; &nbsp; &nbsp; &nbsp; &nbsp; &nbsp; Regenbogenbr\u00fccke &nbsp; &nbsp; Manche Wege gehen wir nur ein St\u00fcck gemeinsam \u2013 und doch pr\u00e4gen sie uns f\u00fcr immer. Wenn ein Tier \u00fcber die Regenbogenbr\u00fccke gehen [&hellip;]<\/p>\n","protected":false},"author":2,"featured_media":0,"parent":0,"menu_order":0,"comment_status":"closed","ping_status":"closed","template":"","meta":{"ngg_post_thumbnail":0,"_joinchat":[],"footnotes":""},"class_list":["post-3843","page","type-page","status-publish","hentry"],"_links":{"self":[{"href":"https:\/\/tiere-opr.de\/index.php?rest_route=\/wp\/v2\/pages\/3843","targetHints":{"allow":["GET"]}}],"collection":[{"href":"https:\/\/tiere-opr.de\/index.php?rest_route=\/wp\/v2\/pages"}],"about":[{"href":"https:\/\/tiere-opr.de\/index.php?rest_route=\/wp\/v2\/types\/page"}],"author":[{"embeddable":true,"href":"https:\/\/tiere-opr.de\/index.php?rest_route=\/wp\/v2\/users\/2"}],"replies":[{"embeddable":true,"href":"https:\/\/tiere-opr.de\/index.php?rest_route=%2Fwp%2Fv2%2Fcomments&post=3843"}],"version-history":[{"count":7,"href":"https:\/\/tiere-opr.de\/index.php?rest_route=\/wp\/v2\/pages\/3843\/revisions"}],"predecessor-version":[{"id":3859,"href":"https:\/\/tiere-opr.de\/index.php?rest_route=\/wp\/v2\/pages\/3843\/revisions\/3859"}],"wp:attachment":[{"href":"https:\/\/tiere-opr.de\/index.php?rest_route=%2Fwp%2Fv2%2Fmedia&parent=3843"}],"curies":[{"name":"wp","href":"https:\/\/api.w.org\/{rel}","templated":true}]}}