{"id":3861,"date":"2026-03-03T00:03:03","date_gmt":"2026-03-02T23:03:03","guid":{"rendered":"https:\/\/tiere-opr.de\/?page_id=3861"},"modified":"2026-03-11T21:48:30","modified_gmt":"2026-03-11T20:48:30","slug":"unvergessen","status":"publish","type":"page","link":"https:\/\/tiere-opr.de\/?page_id=3861","title":{"rendered":"Unvergessen&#8230;."},"content":{"rendered":"<div class=\"xdj266r x14z9mp xat24cr x1lziwak x1vvkbs x126k92a\">\n<div dir=\"auto\" style=\"text-align: left;\">&nbsp; &nbsp; &nbsp; &nbsp; &nbsp; &nbsp; &nbsp; &nbsp; &nbsp; &nbsp; &nbsp; &nbsp; &nbsp; &nbsp; &nbsp; &nbsp; &nbsp; &nbsp; &nbsp; &nbsp; &nbsp; &nbsp; &nbsp; &nbsp; &nbsp; &nbsp; &nbsp; &nbsp; &nbsp; &nbsp; &nbsp;<\/div>\n<div dir=\"auto\" style=\"text-align: left;\"><strong>&nbsp;<span style=\"font-family: 'arial black', sans-serif; font-size: 18pt; color: #0000ff;\">Tayo<\/span><\/strong><\/div>\n<div dir=\"auto\">\n<p>&nbsp;<\/p>\n<p data-start=\"80\" data-end=\"147\"><img loading=\"lazy\" decoding=\"async\" class=\"wp-image-3875 alignnone\" src=\"http:\/\/tiere-opr.de\/wp-content\/uploads\/2026\/03\/Tayo-e1772495377402-206x300.jpg\" alt=\"\" width=\"188\" height=\"273\" srcset=\"https:\/\/tiere-opr.de\/wp-content\/uploads\/2026\/03\/Tayo-e1772495377402-206x300.jpg 206w, https:\/\/tiere-opr.de\/wp-content\/uploads\/2026\/03\/Tayo-e1772495377402-703x1024.jpg 703w, https:\/\/tiere-opr.de\/wp-content\/uploads\/2026\/03\/Tayo-e1772495377402-768x1119.jpg 768w, https:\/\/tiere-opr.de\/wp-content\/uploads\/2026\/03\/Tayo-e1772495377402-1054x1536.jpg 1054w, https:\/\/tiere-opr.de\/wp-content\/uploads\/2026\/03\/Tayo-e1772495377402-600x874.jpg 600w, https:\/\/tiere-opr.de\/wp-content\/uploads\/2026\/03\/Tayo-e1772495377402.jpg 1225w\" sizes=\"auto, (max-width: 188px) 100vw, 188px\" \/><\/p>\n<p style=\"text-align: left;\" data-start=\"80\" data-end=\"147\"><strong><span style=\"font-family: 'arial black', sans-serif; color: #808080;\">Vor drei Jahren kam Tayo als H\u00e4ufchen Elend in unsere Pflegestelle.<\/span><\/strong><\/p>\n<p style=\"text-align: left;\" data-start=\"149\" data-end=\"271\"><strong><span style=\"font-family: 'arial black', sans-serif; color: #808080;\">Ein alter Kater, ungeliebt, verjagt, verletzt \u2013 sogar mit Steinen beworfen. Seine Seele war scheu, sein K\u00f6rper gezeichnet.<\/span><\/strong><\/p>\n<p style=\"text-align: left;\" data-start=\"273\" data-end=\"434\"><strong><span style=\"font-family: 'arial black', sans-serif; color: #808080;\">Doch langsam lernte er Vertrauen. Er wurde stark,\u00fc<\/span><span style=\"font-family: 'arial black', sans-serif; color: #808080;\">bernahm das stille Regiment in unserer Katzenscheune \u2013 nie mit Gewalt,<\/span><\/strong><\/p>\n<p style=\"text-align: left;\" data-start=\"273\" data-end=\"434\"><strong><span style=\"font-family: 'arial black', sans-serif; color: #808080;\"> sondern mit einer w\u00fcrdevollen Klarheit.<\/span><\/strong><\/p>\n<p style=\"text-align: left;\" data-start=\"436\" data-end=\"527\"><strong><span style=\"font-family: 'arial black', sans-serif; color: #808080;\">F\u00fcr uns wurde er ein anh\u00e4nglicher Begleiter, immer in unserer N\u00e4he, ohne sich aufzudr\u00e4ngen.<\/span><\/strong><\/p>\n<p style=\"text-align: left;\" data-start=\"529\" data-end=\"636\"><strong><span style=\"font-family: 'arial black', sans-serif; color: #808080;\">Er war mehr als ein Pflegekater \u2013 er war ein Symbol daf\u00fcr, was Liebe, Geduld und Zuwendung bewirken k\u00f6nnen.<\/span><\/strong><\/p>\n<p style=\"text-align: left;\" data-start=\"529\" data-end=\"636\"><strong><span style=\"font-family: 'arial black', sans-serif;\"><span style=\"color: #333300;\">Am 31. August 2025 endete seine Kraft.<\/span><\/span><\/strong><\/p>\n<p style=\"text-align: left;\" data-start=\"529\" data-end=\"636\"><strong><span style=\"font-family: 'arial black', sans-serif; color: #808080;\">Doch seine Geschichte bleibt \u2013 als Botschaft f\u00fcr alle Tiere, die noch auf eine zweite Chance warten.<\/span><\/strong><\/p>\n<p style=\"text-align: left;\" data-start=\"780\" data-end=\"817\"><strong><span style=\"font-family: 'arial black', sans-serif; color: #808080;\">Geliebt \u2013 geborgen \u2013 unvergessen!<\/span><\/strong><\/p>\n<\/div>\n<div dir=\"auto\">&nbsp;<\/div>\n<div dir=\"auto\">&nbsp;<\/div>\n<div dir=\"auto\">&nbsp;<\/div>\n<div dir=\"auto\">&nbsp;<\/div>\n<div dir=\"auto\">&nbsp;<\/div>\n<div dir=\"auto\" style=\"text-align: left;\"><strong><span style=\"font-family: 'arial black', sans-serif; font-size: 18pt;\"><span style=\"color: #0000ff;\">Oswald<\/span><\/span><\/strong><\/div>\n<div dir=\"auto\">&nbsp;<\/div>\n<div dir=\"auto\"><img loading=\"lazy\" decoding=\"async\" class=\"size-medium wp-image-3857 alignnone\" src=\"http:\/\/tiere-opr.de\/wp-content\/uploads\/2026\/03\/644792606_1339430134896392_8404735947021061366_n-e1772493047972-300x289.jpg\" alt=\"\" width=\"300\" height=\"289\" srcset=\"https:\/\/tiere-opr.de\/wp-content\/uploads\/2026\/03\/644792606_1339430134896392_8404735947021061366_n-e1772493047972-300x289.jpg 300w, https:\/\/tiere-opr.de\/wp-content\/uploads\/2026\/03\/644792606_1339430134896392_8404735947021061366_n-e1772493047972-600x578.jpg 600w, https:\/\/tiere-opr.de\/wp-content\/uploads\/2026\/03\/644792606_1339430134896392_8404735947021061366_n-e1772493047972.jpg 704w\" sizes=\"auto, (max-width: 300px) 100vw, 300px\" \/><\/div>\n<\/div>\n<div class=\"x14z9mp xat24cr x1lziwak x1vvkbs xtlvy1s x126k92a\" style=\"text-align: left;\">\n<div dir=\"auto\">&nbsp;<\/div>\n<div dir=\"auto\">&nbsp;<\/div>\n<div dir=\"auto\"><strong><span style=\"font-size: 12pt; color: #808080; font-family: 'arial black', sans-serif;\">Nur wenige Monate durften wir dich begleiten \u2013 und doch warst du etwas ganz Besonderes.<\/span><\/strong><\/div>\n<div dir=\"auto\"><strong><span style=\"font-size: 12pt; color: #808080; font-family: 'arial black', sans-serif;\">Fast blind hast du deine kleinen Freig\u00e4nge genossen und vor allem die N\u00e4he deiner Pflegemama Petra. <\/span><\/strong><\/div>\n<div dir=\"auto\"><strong><span style=\"font-size: 12pt; color: #808080; font-family: 'arial black', sans-serif;\">Bei ihr hast du dich sicher gef\u00fchlt.<\/span><\/strong><\/div>\n<\/div>\n<div class=\"x14z9mp xat24cr x1lziwak x1vvkbs xtlvy1s x126k92a\" style=\"text-align: left;\">\n<div dir=\"auto\"><strong><span style=\"font-size: 12pt; color: #808080; font-family: 'arial black', sans-serif;\">Wir h\u00e4tten dir so sehr noch einen Fr\u00fchling und Sommer gew\u00fcnscht. <\/span><\/strong><\/div>\n<div dir=\"auto\"><strong><span style=\"font-size: 12pt; color: #808080; font-family: 'arial black', sans-serif;\">Es sollte nicht sein.<\/span><\/strong><\/div>\n<\/div>\n<div class=\"x14z9mp xat24cr x1lziwak x1vvkbs xtlvy1s x126k92a\" style=\"text-align: left;\">\n<div dir=\"auto\"><strong><span style=\"font-size: 12pt; color: #808080; font-family: 'arial black', sans-serif;\">Liebe Petra \u2013 danke, dass du ihm in seiner letzten Zeit so viel W\u00e4rme, Geduld und Liebe geschenkt hast. <span class=\"html-span xexx8yu xyri2b x18d9i69 x1c1uobl x1hl2dhg x16tdsg8 x1vvkbs x3nfvp2 x1j61x8r x1fcty0u xdj266r xat24cr xm2jcoa x1mpyi22 xxymvpz xlup9mm x1kky2od\"><img loading=\"lazy\" decoding=\"async\" class=\"xz74otr x15mokao x1ga7v0g x16uus16 xbiv7yw\" src=\"https:\/\/static.xx.fbcdn.net\/images\/emoji.php\/v9\/tc5\/1\/16\/1f90d.png\" alt=\"\ud83e\udd0d\" width=\"16\" height=\"16\"><\/span><\/span><\/strong><\/div>\n<\/div>\n<div class=\"x14z9mp xat24cr x1lziwak x1vvkbs xtlvy1s x126k92a\">\n<div dir=\"auto\" style=\"text-align: left;\"><strong><span style=\"color: #808080; font-family: 'arial black', sans-serif; font-size: 12pt;\">Mach\u2019s gut, kleiner Schatz.&nbsp;Du wirst sehr vermisst.<\/span><\/strong><\/div>\n<\/div>\n<div dir=\"auto\">&nbsp;<\/div>\n<div dir=\"auto\">&nbsp;<\/div>\n<div dir=\"auto\">&nbsp;<\/div>\n<div dir=\"auto\">&nbsp;<\/div>\n<div dir=\"auto\">&nbsp;<\/div>\n<div dir=\"auto\">&nbsp;<\/div>\n<div dir=\"auto\"><strong><span style=\"font-family: 'arial black', sans-serif; font-size: 18pt; color: #0000ff;\">Casper<\/span><\/strong><\/div>\n<div dir=\"auto\">&nbsp; &nbsp; &nbsp; &nbsp; &nbsp; &nbsp; &nbsp; &nbsp; &nbsp; &nbsp; &nbsp; &nbsp; &nbsp; &nbsp; &nbsp; &nbsp; &nbsp; &nbsp; &nbsp; &nbsp; &nbsp; &nbsp; &nbsp; &nbsp; &nbsp; &nbsp; &nbsp; &nbsp; &nbsp; &nbsp; &nbsp; &nbsp; &nbsp; &nbsp; &nbsp; &nbsp; &nbsp; &nbsp; &nbsp; &nbsp; &nbsp; &nbsp; &nbsp; &nbsp; &nbsp; &nbsp; &nbsp; &nbsp; &nbsp; &nbsp; &nbsp; &nbsp; &nbsp; &nbsp;<\/div>\n<div dir=\"auto\"><img loading=\"lazy\" decoding=\"async\" class=\"size-medium wp-image-3872 alignnone\" src=\"http:\/\/tiere-opr.de\/wp-content\/uploads\/2026\/03\/Casper-2-e1772494436767-300x226.jpg\" alt=\"\" width=\"300\" height=\"226\" srcset=\"https:\/\/tiere-opr.de\/wp-content\/uploads\/2026\/03\/Casper-2-e1772494436767-300x226.jpg 300w, https:\/\/tiere-opr.de\/wp-content\/uploads\/2026\/03\/Casper-2-e1772494436767-600x451.jpg 600w, https:\/\/tiere-opr.de\/wp-content\/uploads\/2026\/03\/Casper-2-e1772494436767.jpg 674w\" sizes=\"auto, (max-width: 300px) 100vw, 300px\" \/><\/div>\n<div dir=\"auto\">\n<div class=\"xdj266r x14z9mp xat24cr x1lziwak x1vvkbs x126k92a\">\n<div dir=\"auto\">&nbsp;<\/div>\n<div dir=\"auto\" style=\"text-align: left;\"><strong><span style=\"font-family: 'arial black', sans-serif; color: #808080;\">Heute mussten wir unseren Pflegekater&nbsp; gehen lassen.<\/span><\/strong><\/div>\n<\/div>\n<div class=\"x14z9mp xat24cr x1lziwak x1vvkbs xtlvy1s x126k92a\" style=\"text-align: left;\">\n<div dir=\"auto\"><strong><span style=\"font-family: 'arial black', sans-serif; color: #808080;\">Seine Pflegemama bemerkte, dass er beim Streicheln schmerzempfindlich war. Mit Schmerzmedikation ging es ihm kurz besser \u2013 er spielte sogar noch ein wenig. Doch bei genauerer Untersuchung zeigte sich das ganze Ausma\u00df seines Leidens: vergr\u00f6\u00dferte Pfoten, h\u00e4ngende Ohren, schwerste Arthrose, deformierte Gliedma\u00dfen \u2026<\/span><\/strong><\/div>\n<div dir=\"auto\"><strong><span style=\"font-family: 'arial black', sans-serif; color: #808080;\">und schlie\u00dflich die ersch\u00fctternde Diagnose: wahrscheinlich Blutkrebs.<\/span><\/strong><\/div>\n<div dir=\"auto\"><strong><span style=\"font-family: 'arial black', sans-serif; color: #808080;\">Wir mussten Casper erl\u00f6sen, um ihm weiteres Leiden zu ersparen. <span class=\"html-span xexx8yu xyri2b x18d9i69 x1c1uobl x1hl2dhg x16tdsg8 x1vvkbs x3nfvp2 x1j61x8r x1fcty0u xdj266r xat24cr xm2jcoa x1mpyi22 xxymvpz xlup9mm x1kky2od\"><img loading=\"lazy\" decoding=\"async\" class=\"xz74otr x15mokao x1ga7v0g x16uus16 xbiv7yw\" src=\"https:\/\/static.xx.fbcdn.net\/images\/emoji.php\/v9\/t13\/1\/16\/1f308.png\" alt=\"\ud83c\udf08\" width=\"16\" height=\"16\"><\/span><\/span><\/strong><\/div>\n<\/div>\n<div class=\"x14z9mp xat24cr x1lziwak x1vvkbs xtlvy1s x126k92a\" style=\"text-align: left;\">\n<div dir=\"auto\"><strong><span style=\"font-family: 'arial black', sans-serif; color: #808080;\">Sein K\u00f6rper trug deutliche Merkmale einer sogenannten Qualzucht. Bei Rassen wie der Scottish Fold werden Katzen absichtlich mit Genen gez\u00fcchtet, die zu Knickohren und rundlichen Pfoten f\u00fchren \u2013 f\u00fcr viele Menschen niedlich, f\u00fcr die Tiere jedoch lebenslanges Leid. Hinter diesen \u201es\u00fc\u00dfen\u201c Merkmalen verbergen sich Schmerzen, Gelenkdeformationen und Krankheiten, die ein normales Katzenleben unm\u00f6glich machen.<\/span><\/strong><\/div>\n<div dir=\"auto\">&nbsp;<\/div>\n<\/div>\n<div class=\"x14z9mp xat24cr x1lziwak x1vvkbs xtlvy1s x126k92a\" style=\"text-align: left;\">\n<div dir=\"auto\"><strong><span style=\"color: #993300; font-family: 'arial black', sans-serif;\"><span style=\"text-decoration: underline;\"><span class=\"html-span xexx8yu xyri2b x18d9i69 x1c1uobl x1hl2dhg x16tdsg8 x1vvkbs x3nfvp2 x1j61x8r x1fcty0u xdj266r xat24cr xm2jcoa x1mpyi22 xxymvpz xlup9mm x1kky2od\"><img loading=\"lazy\" decoding=\"async\" class=\"xz74otr x15mokao x1ga7v0g x16uus16 xbiv7yw\" src=\"https:\/\/static.xx.fbcdn.net\/images\/emoji.php\/v9\/t51\/1\/16\/1f449.png\" alt=\"\ud83d\udc49\" width=\"16\" height=\"16\"><\/span> Bitte denkt daran: Tiere sind kein Modeaccessoire.<\/span> <\/span><\/strong><\/div>\n<div dir=\"auto\">&nbsp;<\/div>\n<div dir=\"auto\"><strong><span style=\"font-family: 'arial black', sans-serif; color: #993300;\">Wer solche Zuchten unterst\u00fctzt, tr\u00e4gt dazu bei, dass Katzen wie Casper ihr Leben lang leiden m\u00fcssen \u2013 nur, weil sie einem bestimmten Sch\u00f6nheitsideal entsprechen sollen.<\/span><\/strong><\/div>\n<\/div>\n<div class=\"x14z9mp xat24cr x1lziwak x1vvkbs xtlvy1s x126k92a\" style=\"text-align: left;\">\n<div dir=\"auto\"><strong><span style=\"font-family: 'arial black', sans-serif; color: #993300;\">Casper hat uns noch einmal deutlich gezeigt, warum wir niemals m\u00fcde werden d\u00fcrfen, aufzukl\u00e4ren. <\/span><\/strong><\/div>\n<div dir=\"auto\"><strong><span style=\"font-family: 'arial black', sans-serif; color: #993300;\">F\u00fcr ihn kam jede Hilfe zu sp\u00e4t \u2013 f\u00fcr viele andere vielleicht nicht, wenn Menschen endlich umdenken. <span class=\"html-span xexx8yu xyri2b x18d9i69 x1c1uobl x1hl2dhg x16tdsg8 x1vvkbs x3nfvp2 x1j61x8r x1fcty0u xdj266r xat24cr xm2jcoa x1mpyi22 xxymvpz xlup9mm x1kky2od\"><img loading=\"lazy\" decoding=\"async\" class=\"xz74otr x15mokao x1ga7v0g x16uus16 xbiv7yw\" src=\"https:\/\/static.xx.fbcdn.net\/images\/emoji.php\/v9\/tde\/1\/16\/1f43e.png\" alt=\"\ud83d\udc3e\" width=\"16\" height=\"16\"><\/span><\/span><\/strong><\/div>\n<div dir=\"auto\">&nbsp;<\/div>\n<div dir=\"auto\"><strong><span style=\"font-family: 'arial black', sans-serif; color: #993300;\"><span class=\"html-span xexx8yu xyri2b x18d9i69 x1c1uobl x1hl2dhg x16tdsg8 x1vvkbs x3nfvp2 x1j61x8r x1fcty0u xdj266r xat24cr xm2jcoa x1mpyi22 xxymvpz xlup9mm x1kky2od\"><span style=\"text-align: right;\">Lasst uns gemeinsam laut sein gegen Qualzuchten. <\/span><\/span><span style=\"text-align: right;\">F\u00fcr Casper. F\u00fcr alle, die noch kommen.<\/span><\/span><\/strong><\/div>\n<\/div>\n<\/div>\n<div dir=\"auto\" style=\"text-align: left;\">&nbsp;<\/div>\n<div dir=\"auto\">&nbsp;<\/div>\n<div dir=\"auto\">&nbsp;<\/div>\n<div dir=\"auto\"><strong><span style=\"font-family: 'arial black', sans-serif; color: #ff0000; font-size: 18pt;\">Lolina<\/span><\/strong><\/div>\n<div dir=\"auto\">&nbsp;<\/div>\n<div dir=\"auto\" style=\"text-align: left;\"><img loading=\"lazy\" decoding=\"async\" class=\"size-medium wp-image-3877 alignnone\" src=\"http:\/\/tiere-opr.de\/wp-content\/uploads\/2026\/03\/lolina-225x300.jpg\" alt=\"\" width=\"225\" height=\"300\" srcset=\"https:\/\/tiere-opr.de\/wp-content\/uploads\/2026\/03\/lolina-225x300.jpg 225w, https:\/\/tiere-opr.de\/wp-content\/uploads\/2026\/03\/lolina-768x1024.jpg 768w, https:\/\/tiere-opr.de\/wp-content\/uploads\/2026\/03\/lolina-1152x1536.jpg 1152w, https:\/\/tiere-opr.de\/wp-content\/uploads\/2026\/03\/lolina-600x800.jpg 600w, https:\/\/tiere-opr.de\/wp-content\/uploads\/2026\/03\/lolina.jpg 1440w\" sizes=\"auto, (max-width: 225px) 100vw, 225px\" \/> &nbsp;<\/div>\n<div dir=\"auto\">&nbsp;<\/div>\n<div dir=\"auto\" style=\"text-align: left;\"><strong><span style=\"font-family: 'arial black', sans-serif; font-size: 12pt; color: #808080;\">Lolina war fr\u00fcher ein wildes, starkes Wesen. Sie lebte jahrelang an einer Futterstelle \u2013 drau\u00dfen, in Freiheit.<\/span><\/strong><\/div>\n<div dir=\"auto\" style=\"text-align: left;\"><strong><span style=\"text-align: right; font-family: 'arial black', sans-serif; font-size: 12pt; color: #808080;\">Sie war eigenst\u00e4ndig, stolz, eine K\u00e4mpferin.<\/span><\/strong><\/div>\n<div dir=\"auto\" style=\"text-align: right;\">\n<div class=\"x14z9mp xat24cr x1lziwak x1vvkbs xtlvy1s x126k92a\" style=\"text-align: left;\">\n<div dir=\"auto\" style=\"text-align: left;\"><strong><span style=\"font-family: 'arial black', sans-serif; font-size: 12pt; color: #808080;\">Und nun?<\/span><\/strong><\/div>\n<div dir=\"auto\" style=\"text-align: left;\"><strong><span style=\"font-family: 'arial black', sans-serif; font-size: 12pt; color: #808080;\">Blind. Taub. Gefangen \u2013 nicht nur im Haus, sondern auch in sich selbst.<\/span><\/strong><\/div>\n<div dir=\"auto\"><strong><span style=\"font-family: 'arial black', sans-serif; font-size: 12pt; color: #808080;\">Sie sa\u00df stundenlang im Katzenklo, kam kaum noch raus. Sie fra\u00df, ja. Und sie ging aufs Klo. Aber dazwischen: Leere. Orientierungslosigkeit. Sie rannte oft gegen W\u00e4nde, schien gar nicht mehr zu wissen, wo sie war.<\/span><\/strong><\/div>\n<\/div>\n<div class=\"x14z9mp xat24cr x1lziwak x1vvkbs xtlvy1s x126k92a\" style=\"text-align: left;\">\n<div dir=\"auto\"><strong><span style=\"font-family: 'arial black', sans-serif; font-size: 12pt; color: #808080;\">Viele sagten: \u201eAber sie frisst doch noch.\u201c<\/span><\/strong><\/div>\n<div dir=\"auto\"><strong><span style=\"font-family: 'arial black', sans-serif; font-size: 12pt; color: #808080;\">Doch f\u00fcr mich war klar: Das allein ist kein Ma\u00dfstab f\u00fcr Leben. Nicht f\u00fcr Lebensqualit\u00e4t.<\/span><\/strong><\/div>\n<\/div>\n<div class=\"x14z9mp xat24cr x1lziwak x1vvkbs xtlvy1s x126k92a\" style=\"text-align: left;\">\n<div dir=\"auto\"><strong><span style=\"font-family: 'arial black', sans-serif; font-size: 12pt; color: #808080;\">Wahrscheinlich lag ein neurologisches Problem vor. Aber mit fast 15 Jahren h\u00e4tte eine Diagnostik keine Ver\u00e4nderung mehr gebracht \u2013 nur zus\u00e4tzlichen Stress. Und so blieb nur mein Gef\u00fchl. Mein Blick. Mein Mitgef\u00fchl. Und die Verantwortung, die ich als Pflegestelle \u00fcbernommen habe.<\/span><\/strong><\/div>\n<\/div>\n<div class=\"x14z9mp xat24cr x1lziwak x1vvkbs xtlvy1s x126k92a\" style=\"text-align: left;\">\n<div dir=\"auto\"><strong><span style=\"font-family: 'arial black', sans-serif; font-size: 12pt; color: #808080;\">Tierschutz bedeutet nicht nur zu retten \u2013 sondern auch zu begleiten. Und manchmal hei\u00dft das: loslassen.<\/span><\/strong><\/div>\n<div dir=\"auto\"><strong><span style=\"font-family: 'arial black', sans-serif; font-size: 12pt; color: #808080;\">Nicht zu fr\u00fch. Nicht zu sp\u00e4t. Sondern im richtigen Moment.<\/span><\/strong><\/div>\n<\/div>\n<div class=\"x14z9mp xat24cr x1lziwak x1vvkbs xtlvy1s x126k92a\">\n<div dir=\"auto\" style=\"text-align: left;\"><strong><span style=\"font-family: 'arial black', sans-serif; font-size: 12pt; color: #808080;\">Ich habe Lolina nicht aufgegeben.<\/span><\/strong><\/div>\n<div dir=\"auto\" style=\"text-align: left;\"><strong><span style=\"font-family: 'arial black', sans-serif; font-size: 12pt; color: #808080;\">Ich habe ihr zur\u00fcckgegeben, was sie verloren hatte: Freiheit.<\/span><\/strong><\/div>\n<div dir=\"auto\" style=\"text-align: left;\"><strong><span style=\"font-family: 'arial black', sans-serif; font-size: 12pt; color: #808080;\">Mach\u2019s gut, kleines wildes Herz. Jetzt darfst du wieder drau\u00dfen sein \u2013 ohne Schmerz, ohne Grenzen.&nbsp;<\/span><\/strong><\/div>\n<\/div>\n<div dir=\"auto\">&nbsp;<\/div>\n<\/div>\n<div dir=\"auto\">&nbsp;<\/div>\n<div dir=\"auto\">&nbsp;<\/div>\n<div dir=\"auto\">&nbsp;<\/div>\n<div dir=\"auto\"><span style=\"color: #003366; font-family: 'arial black', sans-serif; font-size: 18pt;\"><strong>Baby<\/strong><\/span><\/div>\n<div dir=\"auto\">&nbsp;<\/div>\n<div dir=\"auto\"><img loading=\"lazy\" decoding=\"async\" class=\"alignnone size-medium wp-image-3964\" src=\"http:\/\/tiere-opr.de\/wp-content\/uploads\/2026\/03\/baby-275x300.jpg\" alt=\"\" width=\"275\" height=\"300\" srcset=\"https:\/\/tiere-opr.de\/wp-content\/uploads\/2026\/03\/baby-275x300.jpg 275w, https:\/\/tiere-opr.de\/wp-content\/uploads\/2026\/03\/baby-937x1024.jpg 937w, https:\/\/tiere-opr.de\/wp-content\/uploads\/2026\/03\/baby-768x839.jpg 768w, https:\/\/tiere-opr.de\/wp-content\/uploads\/2026\/03\/baby-600x656.jpg 600w, https:\/\/tiere-opr.de\/wp-content\/uploads\/2026\/03\/baby.jpg 1112w\" sizes=\"auto, (max-width: 275px) 100vw, 275px\" \/><\/div>\n<div dir=\"auto\">&nbsp;<\/div>\n<div dir=\"auto\">\n<div class=\"xdj266r x14z9mp xat24cr x1lziwak x1vvkbs x126k92a\">\n<div dir=\"auto\"><span style=\"font-family: 'arial black', sans-serif;\"><strong><span style=\"color: #808080;\">Am Sonntag wurde uns dieses winzige Wesen gemeldet \u2013 noch mit Nabelschnur, die Augen geschlossen, hilflos drau\u00dfen in einem Beet gefunden. Wir haben alles versucht, Stunde um Stunde gehofft und gebangt.<\/span><\/strong><\/span><\/div>\n<\/div>\n<div class=\"x14z9mp xat24cr x1lziwak x1vvkbs xtlvy1s x126k92a\">\n<div dir=\"auto\"><span style=\"font-family: 'arial black', sans-serif;\"><strong><span style=\"color: #808080;\">Doch manchmal entscheidet das Leben anders, als wir es uns w\u00fcnschen. <span class=\"html-span xexx8yu xyri2b x18d9i69 x1c1uobl x1hl2dhg x16tdsg8 x1vvkbs x3nfvp2 x1j61x8r x1fcty0u xdj266r xat24cr xm2jcoa x1mpyi22 xxymvpz xlup9mm x1kky2od\"><img loading=\"lazy\" decoding=\"async\" class=\"xz74otr x15mokao x1ga7v0g x16uus16 xbiv7yw\" src=\"https:\/\/static.xx.fbcdn.net\/images\/emoji.php\/v9\/t13\/1\/16\/1f308.png\" alt=\"\ud83c\udf08\" width=\"16\" height=\"16\"><\/span><\/span><\/strong><\/span><\/div>\n<div dir=\"auto\"><span style=\"font-family: 'arial black', sans-serif;\"><strong><span style=\"color: #808080;\">Gute Reise, kleiner Engel.<\/span><\/strong><\/span><\/div>\n<div dir=\"auto\"><span style=\"font-family: 'arial black', sans-serif;\"><strong><span style=\"color: #808080;\">Stephi hat sich liebevoll und aufopferungsvoll um dich gek\u00fcmmert \u2013 bis zum Schluss. Danke f\u00fcr deinen Einsatz. <\/span><\/strong><span class=\"html-span xexx8yu xyri2b x18d9i69 x1c1uobl x1hl2dhg x16tdsg8 x1vvkbs x3nfvp2 x1j61x8r x1fcty0u xdj266r xat24cr xm2jcoa x1mpyi22 xxymvpz xlup9mm x1kky2od\"><img loading=\"lazy\" decoding=\"async\" class=\"xz74otr x15mokao x1ga7v0g x16uus16 xbiv7yw\" src=\"https:\/\/static.xx.fbcdn.net\/images\/emoji.php\/v9\/t6c\/1\/16\/2764.png\" alt=\"\u2764\ufe0f\" width=\"16\" height=\"16\"><\/span><\/span><\/div>\n<\/div>\n<\/div>\n<div dir=\"auto\">&nbsp;<\/div>\n<div dir=\"auto\">&nbsp;<\/div>\n<div dir=\"auto\">&nbsp;<\/div>\n<div dir=\"auto\"><span style=\"font-family: 'arial black', sans-serif; color: #ff0000; font-size: 18pt;\">Stummelchen &#8211; eine kleine K\u00e4mpferin<\/span><\/div>\n<div dir=\"auto\">&nbsp;<\/div>\n<div dir=\"auto\"><img loading=\"lazy\" decoding=\"async\" class=\"alignnone size-medium wp-image-3999\" src=\"http:\/\/tiere-opr.de\/wp-content\/uploads\/2026\/03\/WhatsApp-Image-2026-03-11-at-20.13.44-240x300.jpeg\" alt=\"\" width=\"240\" height=\"300\" srcset=\"https:\/\/tiere-opr.de\/wp-content\/uploads\/2026\/03\/WhatsApp-Image-2026-03-11-at-20.13.44-240x300.jpeg 240w, https:\/\/tiere-opr.de\/wp-content\/uploads\/2026\/03\/WhatsApp-Image-2026-03-11-at-20.13.44-820x1024.jpeg 820w, https:\/\/tiere-opr.de\/wp-content\/uploads\/2026\/03\/WhatsApp-Image-2026-03-11-at-20.13.44-768x959.jpeg 768w, https:\/\/tiere-opr.de\/wp-content\/uploads\/2026\/03\/WhatsApp-Image-2026-03-11-at-20.13.44-1230x1536.jpeg 1230w, https:\/\/tiere-opr.de\/wp-content\/uploads\/2026\/03\/WhatsApp-Image-2026-03-11-at-20.13.44-600x749.jpeg 600w, https:\/\/tiere-opr.de\/wp-content\/uploads\/2026\/03\/WhatsApp-Image-2026-03-11-at-20.13.44.jpeg 1640w\" sizes=\"auto, (max-width: 240px) 100vw, 240px\" \/><\/div>\n<div dir=\"auto\">&nbsp;<\/div>\n<div dir=\"auto\">\n<p><span style=\"font-family: 'arial black', sans-serif; color: #808080;\">Im April 2023 wurde Stummelchen halbtot zu uns in den Tierschutz gebracht. Ihr Zustand war kritisch. Sie hatte nur noch einen halben Schwanz, ihre Z\u00e4hne mussten gezogen werden und lange war nicht klar, ob sie \u00fcberhaupt eine Chance haben w\u00fcrde.<\/span><\/p>\n<p><span style=\"font-family: 'arial black', sans-serif; color: #808080;\">Doch Stummelchen wollte leben.<\/span><\/p>\n<p><span style=\"font-family: 'arial black', sans-serif; color: #808080;\">Die Laborwerte machten Hoffnung: Bis auf eine Schilddr\u00fcsenerkrankung waren ihre Werte stabil. Mit der richtigen Medikation, viel F\u00fcrsorge und Geduld begann f\u00fcr sie Schritt f\u00fcr Schritt der Weg zur\u00fcck ins Leben.<\/span><\/p>\n<p><span style=\"font-family: 'arial black', sans-serif; color: #808080;\">Und bald zeigte sich, wer Stummelchen wirklich war: eine unglaublich liebe, verschmuste Katze, die einfach nur dazugeh\u00f6ren wollte.<\/span><\/p>\n<p><span style=\"font-family: 'arial black', sans-serif; color: #808080;\">Dann kam ihr gro\u00dfes Gl\u00fcck.<\/span><br \/>\n<span style=\"font-family: 'arial black', sans-serif; color: #808080;\">Bei Aleksandra und Hans in Hohen Neuendorf fand Stummelchen ihr Zuhause und durfte endlich ankommen.<\/span><\/p>\n<p><span style=\"font-family: 'arial black', sans-serif; color: #808080;\">Dort verbrachte sie noch zweieinhalb Jahre voller Liebe, Geborgenheit und Streicheleinheiten. Aus der einst so kranken Katze wurde eine gl\u00fcckliche Schmusekatze, die ihre Menschen jeden Tag aufs Neue verzauberte und ihr Leben bereicherte.<\/span><\/p>\n<p><span style=\"font-family: 'arial black', sans-serif; color: #808080;\">Gestern ist Stummelchen \u00fcber die Regenbogenbr\u00fccke gegangen.<\/span><\/p>\n<p><span style=\"font-family: 'arial black', sans-serif; color: #808080;\">Was bleibt, ist die Erinnerung an eine kleine K\u00e4mpferin, die uns gezeigt hat, wie stark der Lebenswille sein kann \u2013 und wie wichtig es ist, Tieren eine zweite Chance zu geben.<\/span><\/p>\n<p><span style=\"font-family: 'arial black', sans-serif; color: #808080;\">Unser besonderer Dank gilt Aleksandra und Hans, die Stummelchen ein Zuhause voller Liebe geschenkt haben.<\/span><\/p>\n<p><span style=\"font-family: 'arial black', sans-serif; color: #808080;\">Nicht die Zeit z\u00e4hlt \u2013 sondern die Liebe, die sie hinterl\u00e4sst.<\/span><\/p>\n<\/div>\n","protected":false},"excerpt":{"rendered":"<p>&nbsp; &nbsp; &nbsp; &nbsp; &nbsp; &nbsp; &nbsp; &nbsp; &nbsp; &nbsp; &nbsp; &nbsp; &nbsp; &nbsp; &nbsp; &nbsp; &nbsp; &nbsp; &nbsp; &nbsp; &nbsp; &nbsp; &nbsp; &nbsp; &nbsp; &nbsp; &nbsp; &nbsp; &nbsp; &nbsp; &nbsp; &nbsp;Tayo &nbsp; Vor drei Jahren kam Tayo als H\u00e4ufchen Elend in unsere Pflegestelle. Ein alter Kater, ungeliebt, verjagt, verletzt \u2013 sogar mit Steinen beworfen. [&hellip;]<\/p>\n","protected":false},"author":2,"featured_media":0,"parent":0,"menu_order":0,"comment_status":"closed","ping_status":"closed","template":"","meta":{"ngg_post_thumbnail":0,"_joinchat":[],"footnotes":""},"class_list":["post-3861","page","type-page","status-publish","hentry"],"_links":{"self":[{"href":"https:\/\/tiere-opr.de\/index.php?rest_route=\/wp\/v2\/pages\/3861","targetHints":{"allow":["GET"]}}],"collection":[{"href":"https:\/\/tiere-opr.de\/index.php?rest_route=\/wp\/v2\/pages"}],"about":[{"href":"https:\/\/tiere-opr.de\/index.php?rest_route=\/wp\/v2\/types\/page"}],"author":[{"embeddable":true,"href":"https:\/\/tiere-opr.de\/index.php?rest_route=\/wp\/v2\/users\/2"}],"replies":[{"embeddable":true,"href":"https:\/\/tiere-opr.de\/index.php?rest_route=%2Fwp%2Fv2%2Fcomments&post=3861"}],"version-history":[{"count":18,"href":"https:\/\/tiere-opr.de\/index.php?rest_route=\/wp\/v2\/pages\/3861\/revisions"}],"predecessor-version":[{"id":4002,"href":"https:\/\/tiere-opr.de\/index.php?rest_route=\/wp\/v2\/pages\/3861\/revisions\/4002"}],"wp:attachment":[{"href":"https:\/\/tiere-opr.de\/index.php?rest_route=%2Fwp%2Fv2%2Fmedia&parent=3861"}],"curies":[{"name":"wp","href":"https:\/\/api.w.org\/{rel}","templated":true}]}}