{"id":3897,"date":"2026-03-03T08:04:12","date_gmt":"2026-03-03T07:04:12","guid":{"rendered":"https:\/\/tiere-opr.de\/?page_id=3897"},"modified":"2026-03-03T08:13:00","modified_gmt":"2026-03-03T07:13:00","slug":"kontakte","status":"publish","type":"page","link":"https:\/\/tiere-opr.de\/?page_id=3897","title":{"rendered":"Kontakte"},"content":{"rendered":"<h6 style=\"text-align: left;\"><span style=\"font-size: 14pt; font-family: arial, helvetica, sans-serif;\"><span style=\"color: #800000;\">Die aktiven Mitglieder unseres Tierschutzvereins setzen sich alle ehrenamtlich, neben Beruf und Familie, f\u00fcr den Tierschutz und notleidende Tiere ein. Aufgrund der Vielzahl an Anfragen und Notf\u00e4(e)llen sind wir an unsere Leistungsgrenze gesto\u00dfen und m\u00f6chten Sie daher bitten, sich entsprechend ihrem tierischen Problem an eine der unten aufgef\u00fchrten Telefonnummern zu wenden:<\/span><\/span><\/h6>\n<p><span style=\"font-size: 14pt;\"><strong>Katzen<\/strong>: 0172\/ 5215751 oder 0151\/ 16568641&nbsp;<\/span><\/p>\n<p><span style=\"font-size: 14pt;\"><strong>Hunde<\/strong>:&nbsp;0173\/ 6341704 oder 01525\/ 8522476<\/span><\/p>\n<p><span style=\"font-size: 14pt;\"><strong>Tauben&nbsp;<\/strong>&nbsp;0173 \/ 9090362<\/span><\/p>\n<p><span style=\"font-size: 14pt;\"><strong>Kleintiere<\/strong>:&nbsp;0176\/ 55342943<\/span><\/p>\n<p><span style=\"font-size: 14pt;\"><strong>Zierv\u00f6gel<\/strong>: 0176\/ 22347709 (bitte Mailbox nutzen)<\/span><\/p>\n<p><span style=\"color: #0000ff; font-family: arial, helvetica, sans-serif; font-size: 18pt;\">Wildv\u00f6gel k\u00f6nnen durch unseren Verein nicht ad\u00e4quat versorgt werden! Wenden Sie sich dazu z.B. an eine der folgenden Stellen:<\/span><\/p>\n<p><span style=\"font-size: 14pt;\"><strong>Greifv\u00f6gel und Eulen:<\/strong><\/span><br \/>\n<span style=\"font-size: 14pt;\">Herr Henry Lange<\/span><br \/>\n<span style=\"font-size: 14pt;\">16816 Neuruppin<\/span><br \/>\n<span style=\"font-size: 14pt;\">Tel. 03391\/ 502733 o. 0151\/ 75020962<\/span><\/p>\n<p><span style=\"font-size: 14pt;\"><strong>Aufnahme von&nbsp; Rabenv\u00f6geln, Schwalben, Mauerseglern, Eisv\u00f6geln und Tauben usw. (auch Eichh\u00f6rnchen, Igel, \u2026.)<\/strong><\/span><br \/>\n<span style=\"font-size: 14pt;\">Frau Jana Hinrich<\/span><br \/>\n<span style=\"font-size: 14pt;\">16766 Kremmen \/ OT Amalienfelde, Mittelweg 12<\/span><br \/>\n<span style=\"font-size: 14pt;\">Tel. 0157\/ 57449594<\/span><\/p>\n<p><span style=\"font-size: 14pt;\"><strong>Aufnahme s\u00e4mtlicher Wildvogelarten (auch Greifv\u00f6gel und Wassergefl\u00fcgel !)<\/strong><\/span><br \/>\n<span style=\"font-size: 14pt;\">Wildtierauffangstation bei Angie&nbsp;<\/span><br \/>\n<span style=\"font-size: 14pt;\">Tel. 0162\/ 6026761<\/span><\/p>\n<p><strong><span style=\"text-decoration: underline;\"><span style=\"color: #993300; text-decoration: underline;\">Aufnahme aller Wildv\u00f6gel (Hinweis: Wildv\u00f6gel m\u00fcssen binnen 24 h u. ohne jegliche Vorbehandlung durch den Finder o.a. Personen in die Station gebracht werden!)<\/span><\/span><\/strong><\/p>\n<p>&nbsp;<\/p>\n","protected":false},"excerpt":{"rendered":"<p>Die aktiven Mitglieder unseres Tierschutzvereins setzen sich alle ehrenamtlich, neben Beruf und Familie, f\u00fcr den Tierschutz und notleidende Tiere ein. Aufgrund der Vielzahl an Anfragen und Notf\u00e4(e)llen sind wir an unsere Leistungsgrenze gesto\u00dfen und m\u00f6chten Sie daher bitten, sich entsprechend ihrem tierischen Problem an eine der unten aufgef\u00fchrten Telefonnummern zu wenden: Katzen: 0172\/ 5215751 oder [&hellip;]<\/p>\n","protected":false},"author":2,"featured_media":0,"parent":0,"menu_order":0,"comment_status":"closed","ping_status":"closed","template":"","meta":{"ngg_post_thumbnail":0,"_joinchat":[],"footnotes":""},"class_list":["post-3897","page","type-page","status-publish","hentry"],"_links":{"self":[{"href":"https:\/\/tiere-opr.de\/index.php?rest_route=\/wp\/v2\/pages\/3897","targetHints":{"allow":["GET"]}}],"collection":[{"href":"https:\/\/tiere-opr.de\/index.php?rest_route=\/wp\/v2\/pages"}],"about":[{"href":"https:\/\/tiere-opr.de\/index.php?rest_route=\/wp\/v2\/types\/page"}],"author":[{"embeddable":true,"href":"https:\/\/tiere-opr.de\/index.php?rest_route=\/wp\/v2\/users\/2"}],"replies":[{"embeddable":true,"href":"https:\/\/tiere-opr.de\/index.php?rest_route=%2Fwp%2Fv2%2Fcomments&post=3897"}],"version-history":[{"count":10,"href":"https:\/\/tiere-opr.de\/index.php?rest_route=\/wp\/v2\/pages\/3897\/revisions"}],"predecessor-version":[{"id":3908,"href":"https:\/\/tiere-opr.de\/index.php?rest_route=\/wp\/v2\/pages\/3897\/revisions\/3908"}],"wp:attachment":[{"href":"https:\/\/tiere-opr.de\/index.php?rest_route=%2Fwp%2Fv2%2Fmedia&parent=3897"}],"curies":[{"name":"wp","href":"https:\/\/api.w.org\/{rel}","templated":true}]}}