{"id":3920,"date":"2026-03-04T10:50:59","date_gmt":"2026-03-04T09:50:59","guid":{"rendered":"https:\/\/tiere-opr.de\/?page_id=3920"},"modified":"2026-03-17T15:06:55","modified_gmt":"2026-03-17T14:06:55","slug":"unterstuetzen","status":"publish","type":"page","link":"https:\/\/tiere-opr.de\/?page_id=3920","title":{"rendered":"Spenden"},"content":{"rendered":"<div class=\"flex flex-col text-sm pb-25\">\n<article class=\"text-token-text-primary w-full focus:outline-none [--shadow-height:45px] has-data-writing-block:pointer-events-none has-data-writing-block:-mt-(--shadow-height) has-data-writing-block:pt-(--shadow-height) [&amp;:has([data-writing-block])&gt;*]:pointer-events-auto scroll-mt-[calc(var(--header-height)+min(200px,max(70px,20svh)))]\" dir=\"auto\" tabindex=\"-1\" data-turn-id=\"request-WEB:3583ba86-d1a1-47bd-a6fe-7646205c4d96-6\" data-testid=\"conversation-turn-14\" data-scroll-anchor=\"true\" data-turn=\"assistant\">\n<div class=\"text-base my-auto mx-auto pb-10 [--thread-content-margin:--spacing(4)] @w-sm\/main:[--thread-content-margin:--spacing(6)] @w-lg\/main:[--thread-content-margin:--spacing(16)] px-(--thread-content-margin)\">\n<div class=\"[--thread-content-max-width:40rem] @w-lg\/main:[--thread-content-max-width:48rem] mx-auto max-w-(--thread-content-max-width) flex-1 group\/turn-messages focus-visible:outline-hidden relative flex w-full min-w-0 flex-col agent-turn\" tabindex=\"-1\">\n<div class=\"flex max-w-full flex-col grow\">\n<div class=\"min-h-8 text-message relative flex w-full flex-col items-end gap-2 text-start break-words whitespace-normal [.text-message+&amp;]:mt-1\" dir=\"auto\" data-message-author-role=\"assistant\" data-message-id=\"bce4d971-631d-47d9-997d-f236bf3e7d0b\" data-message-model-slug=\"gpt-5-2\">\n<div class=\"flex w-full flex-col gap-1 empty:hidden first:pt-[1px]\">\n<div class=\"markdown prose dark:prose-invert w-full wrap-break-word dark markdown-new-styling\">\n<h2 data-start=\"80\" data-end=\"99\"><span style=\"color: #0000ff;\">&nbsp; &nbsp; &nbsp; &nbsp; &nbsp; &nbsp; &nbsp; &nbsp; &nbsp; &nbsp; &nbsp; &nbsp; &nbsp; &nbsp; &nbsp; &nbsp; &nbsp; &nbsp; &nbsp; &nbsp; &nbsp; &nbsp; &nbsp; &nbsp; &nbsp; &nbsp; &nbsp; &nbsp; &nbsp; &nbsp; &nbsp;<span style=\"font-size: 24pt;\"> &nbsp;Gemeinsam helfen<\/span><\/span><\/h2>\n<p>&nbsp;<\/p>\n<\/div>\n<\/div>\n<\/div>\n<p>&nbsp;<\/p>\n<div class=\"min-h-8 text-message relative flex w-full flex-col items-end gap-2 text-start break-words whitespace-normal [.text-message+&amp;]:mt-1\" dir=\"auto\" data-message-author-role=\"assistant\" data-message-id=\"bce4d971-631d-47d9-997d-f236bf3e7d0b\" data-message-model-slug=\"gpt-5-2\">\n<div class=\"flex w-full flex-col gap-1 empty:hidden first:pt-[1px]\">\n<div class=\"markdown prose dark:prose-invert w-full wrap-break-word dark markdown-new-styling\">\n<p data-start=\"101\" data-end=\"288\"><span style=\"font-size: 14pt;\"><strong>Unsere Tierschutzarbeit ist nur mit Ihrer Unterst\u00fctzung m\u00f6glich. Jeden Tag versorgen wir Tiere in Not, k\u00fcmmern uns um medizinische Behandlungen und schenken ihnen Schutz und Geborgenheit.<\/strong><\/span><\/p>\n<p data-start=\"290\" data-end=\"325\">&nbsp;<\/p>\n<p data-start=\"290\" data-end=\"325\"><span style=\"color: #339966; font-size: 14pt;\"><strong>Mit Ihrer Spende helfen Sie direkt:<\/strong><\/span><\/p>\n<ul data-start=\"326\" data-end=\"425\">\n<li data-start=\"326\" data-end=\"362\">\n<p data-start=\"328\" data-end=\"362\"><span style=\"color: #993366; font-size: 14pt;\"><strong>Versorgung mit Futter und Pflege<\/strong><\/span><\/p>\n<\/li>\n<li data-start=\"363\" data-end=\"393\">\n<p data-start=\"365\" data-end=\"393\"><span style=\"color: #993366; font-size: 14pt;\"><strong>Tier\u00e4rztliche Behandlungen&nbsp;<\/strong><\/span><\/p>\n<\/li>\n<li data-start=\"363\" data-end=\"393\"><span style=\"color: #993366; font-size: 14pt;\"><strong>Kastrationen von Streunern<\/strong><\/span><\/li>\n<\/ul>\n<p>&nbsp;<\/p>\n<p data-start=\"427\" data-end=\"505\"><span style=\"font-size: 14pt;\"><strong>Ob einmalig oder regelm\u00e4\u00dfig \u2013 jeder Beitrag z\u00e4hlt und macht einen Unterschied.<\/strong><\/span><\/p>\n<p data-start=\"507\" data-end=\"567\" data-is-last-node=\"\" data-is-only-node=\"\"><span style=\"font-size: 14pt;\"><strong>Im Namen unserer Sch\u00fctzlinge danken wir Ihnen von Herzen. \ud83d\udc3e<\/strong><\/span><\/p>\n<p data-start=\"507\" data-end=\"567\" data-is-last-node=\"\" data-is-only-node=\"\">&nbsp;<\/p>\n<\/div>\n<\/div>\n<p data-start=\"507\" data-end=\"567\" data-is-last-node=\"\" data-is-only-node=\"\"><span style=\"font-family: 'arial black', sans-serif; color: #ff0000; font-size: 14pt;\">Aktuell versorgen wir ca 150 Katzen in unseren Pflegestellen und ca 150 Fellnasen drau\u00dfen an unseren Futterstellen.&nbsp;<\/span><\/p>\n<\/div>\n<p data-start=\"507\" data-end=\"567\" data-is-last-node=\"\" data-is-only-node=\"\"><strong><span style=\"font-size: 14pt; color: #000080;\">Unsere Amazon Wunschliste:<\/span><\/strong><\/p>\n<p><a href=\"https:\/\/www.amazon.de\/registries\/gl\/guest-view\/1T39MK9TRTZIU?ref_=cm_sw_r_apann_ggr-subnav-share_Q3WDKT8KN7KVQ5DS5SXS&amp;language=en-US\" target=\"_blank\" rel=\"noopener\">https:\/\/www.amazon.de\/registries\/gl\/guest-view\/1T39MK9TRTZIU?ref_=cm_sw_r_apann_ggr-subnav-share_Q3WDKT8KN7KVQ5DS5SXS&amp;language=en-US<\/a><\/p>\n<\/div>\n<div class=\"z-0 flex min-h-[46px] justify-start\">&nbsp;<\/div>\n<div class=\"mt-3 w-full empty:hidden\">\n<div class=\"text-center\">&nbsp;<\/div>\n<\/div>\n<\/div>\n<\/div>\n<\/article>\n<\/div>\n<p><span style=\"color: #000080; font-size: 14pt;\"><strong>\u00dcberweisung:<\/strong><\/span><\/p>\n<p><span style=\"font-family: arial, helvetica, sans-serif;\"><strong>Tierschutzverein OPR im Tierschutzbund e.V.<\/strong><\/span><\/p>\n<p><span style=\"font-family: arial, helvetica, sans-serif;\"><strong><span style=\"font-size: 14pt;\">IBAN : DE17 1605 0202 1820 0055 22<\/span><\/strong><\/span><\/p>\n<p>&nbsp;<\/p>\n<p><strong><span style=\"font-size: 14pt; color: #000080;\">Paypal:<\/span><\/strong><\/p>\n<p><span style=\"font-family: arial, helvetica, sans-serif;\"><strong><span style=\"font-size: 14pt;\">Tierschutz-opr@web.de<\/span><\/strong><\/span><\/p>\n<p><span style=\"font-family: arial, helvetica, sans-serif;\"><strong>&nbsp; <a href=\"https:\/\/paypal.me\/TierschutzvereinOPR\" target=\"_blank\" rel=\"noopener\">https:\/\/paypal.me\/TierschutzvereinOPR&nbsp;<\/a><\/strong><\/span><\/p>\n<p>&nbsp;<\/p>\n<p>&nbsp;<\/p>\n<p>&nbsp;<\/p>\n<p><img loading=\"lazy\" decoding=\"async\" class=\" wp-image-838 aligncenter\" src=\"http:\/\/tiere-opr.de\/wp-content\/uploads\/2023\/04\/home-300x200.jpg\" alt=\"\" width=\"380\" height=\"253\" srcset=\"https:\/\/tiere-opr.de\/wp-content\/uploads\/2023\/04\/home-300x200.jpg 300w, https:\/\/tiere-opr.de\/wp-content\/uploads\/2023\/04\/home-1024x683.jpg 1024w, https:\/\/tiere-opr.de\/wp-content\/uploads\/2023\/04\/home-768x512.jpg 768w, https:\/\/tiere-opr.de\/wp-content\/uploads\/2023\/04\/home-1536x1024.jpg 1536w, https:\/\/tiere-opr.de\/wp-content\/uploads\/2023\/04\/home-600x400.jpg 600w, https:\/\/tiere-opr.de\/wp-content\/uploads\/2023\/04\/home.jpg 1920w\" sizes=\"auto, (max-width: 380px) 100vw, 380px\" \/><\/p>\n","protected":false},"excerpt":{"rendered":"<p>&nbsp; &nbsp; &nbsp; &nbsp; &nbsp; &nbsp; &nbsp; &nbsp; &nbsp; &nbsp; &nbsp; &nbsp; &nbsp; &nbsp; &nbsp; &nbsp; &nbsp; &nbsp; &nbsp; &nbsp; &nbsp; &nbsp; &nbsp; &nbsp; &nbsp; &nbsp; &nbsp; &nbsp; &nbsp; &nbsp; &nbsp; &nbsp;Gemeinsam helfen &nbsp; &nbsp; Unsere Tierschutzarbeit ist nur mit Ihrer Unterst\u00fctzung m\u00f6glich. Jeden Tag versorgen wir Tiere in Not, k\u00fcmmern uns um medizinische Behandlungen [&hellip;]<\/p>\n","protected":false},"author":2,"featured_media":0,"parent":0,"menu_order":0,"comment_status":"closed","ping_status":"closed","template":"","meta":{"ngg_post_thumbnail":0,"_joinchat":[],"footnotes":""},"class_list":["post-3920","page","type-page","status-publish","hentry"],"_links":{"self":[{"href":"https:\/\/tiere-opr.de\/index.php?rest_route=\/wp\/v2\/pages\/3920","targetHints":{"allow":["GET"]}}],"collection":[{"href":"https:\/\/tiere-opr.de\/index.php?rest_route=\/wp\/v2\/pages"}],"about":[{"href":"https:\/\/tiere-opr.de\/index.php?rest_route=\/wp\/v2\/types\/page"}],"author":[{"embeddable":true,"href":"https:\/\/tiere-opr.de\/index.php?rest_route=\/wp\/v2\/users\/2"}],"replies":[{"embeddable":true,"href":"https:\/\/tiere-opr.de\/index.php?rest_route=%2Fwp%2Fv2%2Fcomments&post=3920"}],"version-history":[{"count":8,"href":"https:\/\/tiere-opr.de\/index.php?rest_route=\/wp\/v2\/pages\/3920\/revisions"}],"predecessor-version":[{"id":4014,"href":"https:\/\/tiere-opr.de\/index.php?rest_route=\/wp\/v2\/pages\/3920\/revisions\/4014"}],"wp:attachment":[{"href":"https:\/\/tiere-opr.de\/index.php?rest_route=%2Fwp%2Fv2%2Fmedia&parent=3920"}],"curies":[{"name":"wp","href":"https:\/\/api.w.org\/{rel}","templated":true}]}}