{"id":3939,"date":"2026-03-04T17:47:04","date_gmt":"2026-03-04T16:47:04","guid":{"rendered":"https:\/\/tiere-opr.de\/?page_id=3939"},"modified":"2026-03-05T23:24:16","modified_gmt":"2026-03-05T22:24:16","slug":"sachspenden","status":"publish","type":"page","link":"https:\/\/tiere-opr.de\/?page_id=3939","title":{"rendered":"Sachspenden"},"content":{"rendered":"<p data-start=\"112\" data-end=\"218\"><span style=\"color: #000080; font-family: georgia, palatino, serif; font-size: 14pt;\">Der Tierschutzverein Ostprignitz-Ruppin ist f\u00fcr jede Unterst\u00fctzung rund um das Thema Katze sehr dankbar.<\/span><\/p>\n<p data-start=\"220\" data-end=\"601\"><span style=\"color: #000080; font-family: georgia, palatino, serif; font-size: 14pt;\">Da es in unserer Region leider kein Tierheim gibt, sind wir im Rahmen unserer Tierschutzarbeit auf engagierte Pflegestellen angewiesen, die Katzen bei sich aufnehmen. <\/span><\/p>\n<p data-start=\"220\" data-end=\"601\"><span style=\"color: #000080; font-family: georgia, palatino, serif; font-size: 14pt;\">Um diese Unterbringung zu sichern und weiter auszubauen, ben\u00f6tigen wir regelm\u00e4\u00dfig Zubeh\u00f6r wie :<\/span><\/p>\n<p data-start=\"220\" data-end=\"601\">&nbsp;<\/p>\n<ul>\n<li data-start=\"220\" data-end=\"601\"><strong><span style=\"color: #000080; font-family: georgia, palatino, serif; font-size: 14pt;\">Futter (Nass und Trocken) f\u00fcr jedes Alter<\/span><\/strong><\/li>\n<li data-start=\"220\" data-end=\"601\"><strong><span style=\"color: #000080; font-family: georgia, palatino, serif; font-size: 14pt;\">Kittenmilch<\/span><\/strong><\/li>\n<li data-start=\"220\" data-end=\"601\"><strong><span style=\"color: #000080; font-family: georgia, palatino, serif; font-size: 14pt;\">Leckerlies<\/span><\/strong><\/li>\n<li data-start=\"220\" data-end=\"601\"><strong><span style=\"color: #000080; font-family: georgia, palatino, serif; font-size: 14pt;\">Kratzb\u00e4ume, Spielzeug und alles andere, was Katzen f\u00fcr ein artgerechtes und liebevolles Umfeld brauchen.<\/span><\/strong><\/li>\n<li data-start=\"220\" data-end=\"601\"><strong><span style=\"color: #000080; font-family: georgia, palatino, serif; font-size: 14pt;\">Hygieneartikel<\/span><\/strong><\/li>\n<\/ul>\n<p>&nbsp;<\/p>\n<p data-start=\"603\" data-end=\"764\"><span style=\"color: #000080; font-family: georgia, palatino, serif; font-size: 14pt;\">Da unser Verein nur begrenzt \u00f6ffentliche finanzielle Mittel erh\u00e4lt, sind wir in vielen Bereichen auf Spenden angewiesen, um unsere Arbeit fortf\u00fchren zu k\u00f6nnen.<\/span><\/p>\n<p data-start=\"766\" data-end=\"879\"><span style=\"color: #000080; font-family: georgia, palatino, serif; font-size: 14pt;\">Jede Unterst\u00fctzung hilft uns dabei, Katzen in Not Schutz und F\u00fcrsorge zu schenken.<\/span><br data-start=\"848\" data-end=\"851\"><span style=\"color: #000080; font-family: georgia, palatino, serif; font-size: 14pt;\">Vielen herzlichen Dank! \ud83d\udc3e\ud83d\udc9b<\/span><\/p>\n<p data-start=\"766\" data-end=\"879\">&nbsp;<\/p>\n<p data-start=\"766\" data-end=\"879\"><span style=\"color: #993300;\">Aktuell versorgen wir ca 150 Katzen in unseren Pflegestellen und ca 150 Fellnasen drau\u00dfen an unseren Futterstellen.&nbsp;<\/span><\/p>\n","protected":false},"excerpt":{"rendered":"<p>Der Tierschutzverein Ostprignitz-Ruppin ist f\u00fcr jede Unterst\u00fctzung rund um das Thema Katze sehr dankbar. Da es in unserer Region leider kein Tierheim gibt, sind wir im Rahmen unserer Tierschutzarbeit auf engagierte Pflegestellen angewiesen, die Katzen bei sich aufnehmen. Um diese Unterbringung zu sichern und weiter auszubauen, ben\u00f6tigen wir regelm\u00e4\u00dfig Zubeh\u00f6r wie : &nbsp; Futter (Nass [&hellip;]<\/p>\n","protected":false},"author":2,"featured_media":0,"parent":0,"menu_order":0,"comment_status":"closed","ping_status":"closed","template":"","meta":{"ngg_post_thumbnail":0,"_joinchat":[],"footnotes":""},"class_list":["post-3939","page","type-page","status-publish","hentry"],"_links":{"self":[{"href":"https:\/\/tiere-opr.de\/index.php?rest_route=\/wp\/v2\/pages\/3939","targetHints":{"allow":["GET"]}}],"collection":[{"href":"https:\/\/tiere-opr.de\/index.php?rest_route=\/wp\/v2\/pages"}],"about":[{"href":"https:\/\/tiere-opr.de\/index.php?rest_route=\/wp\/v2\/types\/page"}],"author":[{"embeddable":true,"href":"https:\/\/tiere-opr.de\/index.php?rest_route=\/wp\/v2\/users\/2"}],"replies":[{"embeddable":true,"href":"https:\/\/tiere-opr.de\/index.php?rest_route=%2Fwp%2Fv2%2Fcomments&post=3939"}],"version-history":[{"count":4,"href":"https:\/\/tiere-opr.de\/index.php?rest_route=\/wp\/v2\/pages\/3939\/revisions"}],"predecessor-version":[{"id":3944,"href":"https:\/\/tiere-opr.de\/index.php?rest_route=\/wp\/v2\/pages\/3939\/revisions\/3944"}],"wp:attachment":[{"href":"https:\/\/tiere-opr.de\/index.php?rest_route=%2Fwp%2Fv2%2Fmedia&parent=3939"}],"curies":[{"name":"wp","href":"https:\/\/api.w.org\/{rel}","templated":true}]}}