{"id":406,"date":"2023-03-15T15:25:09","date_gmt":"2023-03-15T14:25:09","guid":{"rendered":"https:\/\/tiere-opr.de\/?page_id=406"},"modified":"2023-03-28T09:45:41","modified_gmt":"2023-03-28T07:45:41","slug":"kontakt-nach-verantwortungsbereich","status":"publish","type":"page","link":"https:\/\/tiere-opr.de\/?page_id=406","title":{"rendered":"Kontakt nach Verantwortungsbereich"},"content":{"rendered":"<h1><span style=\"font-size: 18pt;\">Kontakt nach Verantwortungsbereich<\/span><\/h1>\n<p>Die aktiven Mitglieder unseres Tierschutzvereins setzen sich alle ehrenamtlich, neben Beruf und Familie, f\u00fcr den Tierschutz und notleidende Tiere ein. Aufgrund der Vielzahl an Anfragen und Notf\u00e4(e)llen sind wir an unsere Leistungsgrenze gesto\u00dfen und m\u00f6chten Sie daher bitten, sich entsprechend ihrem tierischen Problem an eine der unten aufgef\u00fchrten Telefonnummern zu wenden:<\/p>\n<p>Katzen: 0172\/ 5215751; 0151\/ 16568641, 01575\/ 8544825<\/p>\n<p>Hunde: 0173\/ 6341704<\/p>\n<p>Kleintiere: 0176\/ 55342943<\/p>\n<p>Zierv\u00f6gel: 0176\/ 22347709 (bitte Mailbox nutzen)<\/p>\n<p>Wildv\u00f6gel k\u00f6nnen durch unseren Verein nicht ad\u00e4quat versorgt werden! Wenden Sie sich dazu z.B. an eine der folgenden Stellen:<\/p>\n<p>Greifv\u00f6gel und Eulen:<br \/>\nHerr Henry Lange<br \/>\n16816 Neuruppin<br \/>\nTel. 03391\/ 502733 o. 0151\/ 75020962<\/p>\n<p>Aufnahme von Greifv\u00f6geln, Eulen, Rabenv\u00f6geln, Schwalben, Mauerseglern, Eisv\u00f6geln und Tauben usw. (auch Eichh\u00f6rnchen, Igel, &#8230;.)<br \/>\nFrau Jana Hinrich<br \/>\n16766 Kremmen \/ OT Amalienfelde, Mittelweg 12<br \/>\nTel. 0157\/ 57449594<\/p>\n<p>Aufnahme s\u00e4mtlicher Wildvogelarten (auch Greifv\u00f6gel und Wassergefl\u00fcgel !)<br \/>\nWildtierauffangstation Struck<br \/>\n16928 Gerdshagen\/ GT Struck<br \/>\nTel. 0162\/ 6026761<br \/>\nAufnahme aller Wildv\u00f6gel (Hinweis: Wildv\u00f6gel m\u00fcssen binnen 24 h u. ohne jegliche Vorbehandlung durch den Finder o.a. Personen in die Station gebracht werden!)<\/p>\n<footer class=\"entry-footer\">\n<table border=\"0\" width=\"100%\" cellspacing=\"0\" cellpadding=\"0\">\n<tbody>\n<tr>\n<td align=\"left\"><\/td>\n<\/tr>\n<\/tbody>\n<\/table>\n<\/footer>\n<p>&nbsp;<\/p>\n<p>&nbsp;<\/p>\n<p>&nbsp;<\/p>\n<p>&nbsp;<\/p>\n<p>&nbsp;<\/p>\n<p>&nbsp;<\/p>\n","protected":false},"excerpt":{"rendered":"<p>Kontakt nach Verantwortungsbereich Die aktiven Mitglieder unseres Tierschutzvereins setzen sich alle ehrenamtlich, neben Beruf und Familie, f\u00fcr den Tierschutz und notleidende Tiere ein. Aufgrund der Vielzahl an Anfragen und Notf\u00e4(e)llen sind wir an unsere Leistungsgrenze gesto\u00dfen und m\u00f6chten Sie daher bitten, sich entsprechend ihrem tierischen Problem an eine der unten aufgef\u00fchrten Telefonnummern zu wenden: Katzen: [&hellip;]<\/p>\n","protected":false},"author":4,"featured_media":0,"parent":0,"menu_order":0,"comment_status":"closed","ping_status":"closed","template":"","meta":{"ngg_post_thumbnail":0,"_joinchat":[],"footnotes":""},"class_list":["post-406","page","type-page","status-publish","hentry"],"_links":{"self":[{"href":"https:\/\/tiere-opr.de\/index.php?rest_route=\/wp\/v2\/pages\/406","targetHints":{"allow":["GET"]}}],"collection":[{"href":"https:\/\/tiere-opr.de\/index.php?rest_route=\/wp\/v2\/pages"}],"about":[{"href":"https:\/\/tiere-opr.de\/index.php?rest_route=\/wp\/v2\/types\/page"}],"author":[{"embeddable":true,"href":"https:\/\/tiere-opr.de\/index.php?rest_route=\/wp\/v2\/users\/4"}],"replies":[{"embeddable":true,"href":"https:\/\/tiere-opr.de\/index.php?rest_route=%2Fwp%2Fv2%2Fcomments&post=406"}],"version-history":[{"count":2,"href":"https:\/\/tiere-opr.de\/index.php?rest_route=\/wp\/v2\/pages\/406\/revisions"}],"predecessor-version":[{"id":597,"href":"https:\/\/tiere-opr.de\/index.php?rest_route=\/wp\/v2\/pages\/406\/revisions\/597"}],"wp:attachment":[{"href":"https:\/\/tiere-opr.de\/index.php?rest_route=%2Fwp%2Fv2%2Fmedia&parent=406"}],"curies":[{"name":"wp","href":"https:\/\/api.w.org\/{rel}","templated":true}]}}