{"id":1541,"date":"2023-08-15T13:13:10","date_gmt":"2023-08-15T11:13:10","guid":{"rendered":"https:\/\/tiere-opr.de\/?post_type=product&#038;p=1541"},"modified":"2026-02-28T02:17:20","modified_gmt":"2026-02-28T01:17:20","slug":"minka-antonia","status":"publish","type":"product","link":"https:\/\/tiere-opr.de\/?product=minka-antonia","title":{"rendered":"Minka-Antonia"},"content":{"rendered":"<div class=\"flex flex-col text-sm pb-25\">\n<article class=\"text-token-text-primary w-full focus:outline-none [--shadow-height:45px] has-data-writing-block:pointer-events-none has-data-writing-block:-mt-(--shadow-height) has-data-writing-block:pt-(--shadow-height) [&amp;:has([data-writing-block])&gt;*]:pointer-events-auto scroll-mt-[calc(var(--header-height)+min(200px,max(70px,20svh)))]\" dir=\"auto\" tabindex=\"-1\" data-turn-id=\"request-WEB:e4fa9b25-5834-4023-b025-79b305b7d39d-23\" data-testid=\"conversation-turn-48\" data-scroll-anchor=\"true\" data-turn=\"assistant\">\n<div class=\"text-base my-auto mx-auto pb-10 [--thread-content-margin:--spacing(4)] @w-sm\/main:[--thread-content-margin:--spacing(6)] @w-lg\/main:[--thread-content-margin:--spacing(16)] px-(--thread-content-margin)\">\n<div class=\"[--thread-content-max-width:40rem] @w-lg\/main:[--thread-content-max-width:48rem] mx-auto max-w-(--thread-content-max-width) flex-1 group\/turn-messages focus-visible:outline-hidden relative flex w-full min-w-0 flex-col agent-turn\" tabindex=\"-1\">\n<div class=\"flex max-w-full flex-col grow\">\n<div class=\"min-h-8 text-message relative flex w-full flex-col items-end gap-2 text-start break-words whitespace-normal [.text-message+&amp;]:mt-1\" dir=\"auto\" data-message-author-role=\"assistant\" data-message-id=\"2f349ac2-eaa4-4041-937d-99ac85acf80a\" data-message-model-slug=\"gpt-5-2\">\n<div class=\"flex w-full flex-col gap-1 empty:hidden first:pt-[1px]\">\n<div class=\"markdown prose dark:prose-invert w-full wrap-break-word dark markdown-new-styling\">\n<p data-start=\"0\" data-end=\"85\">Ich bin <strong data-start=\"8\" data-end=\"25\">Minka-Antonia<\/strong> \u2013 Einzelprinzessin, H\u00f6henakrobatin und stolze Revierchefin.<\/p>\n<p data-start=\"87\" data-end=\"353\">Ich suche eine gro\u00dfz\u00fcgige Miezbude mit viel Garten in ruhiger, l\u00e4ndlicher Lage, damit ich nach Herzenslust klettern, springen und mein Reich erkunden kann. Mein Hof ist mir heilig \u2013 andere Katzen dulde ich dort nur ungern und verteidige ihn mit vollem K\u00f6rpereinsatz.<\/p>\n<p data-start=\"355\" data-end=\"591\">So s\u00fc\u00df ich auch schaue: Ich bin eine echte Charakterkatze. Wenn man meine k\u00e4tzische Sprache nicht versteht oder meine Grenzen ignoriert, kann ich durchaus deutlich werden. Hausregeln akzeptiere ich \u2013 solange sie f\u00fcr mich Sinn ergeben.<\/p>\n<p data-start=\"593\" data-end=\"809\">In meiner Pflegestelle lebe ich mit drei kleinen Menschenkindern zusammen und habe sie ins Herz geschlossen. Trotzdem brauche ich Menschen, die verstehen, dass ich oft lieber f\u00fcr mich bin und meinen Freiraum brauche.<\/p>\n<p data-start=\"811\" data-end=\"1056\">Wenn ich gl\u00fccklich bin und Vertrauen gefasst habe, komme ich auch gerne zum Schmusen vorbei. Doch meist dauert es nicht lange, bis der Ruf der Freiheit wieder st\u00e4rker ist \u2013 dann m\u00f6chte ich einfach mein Ding machen und liebevoll bewundert werden.<\/p>\n<p data-start=\"1058\" data-end=\"1169\">Ich bin im Fr\u00fchjahr 2020 geboren und somit im besten Alter, noch einmal mein ganz pers\u00f6nliches Gl\u00fcck zu finden.<\/p>\n<p data-start=\"1171\" data-end=\"1244\" data-is-last-node=\"\" data-is-only-node=\"\">Wer schenkt einer liebenswerten Diva wie mir ein passendes K\u00f6nigreich? \ud83d\udc3e<\/p>\n<\/div>\n<\/div>\n<\/div>\n<\/div>\n<div class=\"z-0 flex min-h-[46px] justify-start\">&nbsp;<\/div>\n<div class=\"mt-3 w-full empty:hidden\">\n<div class=\"text-center\">&nbsp;<\/div>\n<\/div>\n<\/div>\n<\/div>\n<\/article>\n<\/div>\n<div class=\"pointer-events-none h-px w-px absolute bottom-0\" aria-hidden=\"true\" data-edge=\"true\">&nbsp;<\/div>\n<p><span style=\"font-size: 18pt;\">Kontakt unter: 0172\/5215751<\/span><\/p>\n<p>&nbsp;<\/p>\n<p>&nbsp;<\/p>\n<div dir=\"auto\">&nbsp;<\/div>\n<div dir=\"auto\">&nbsp;<\/div>\n<p>&nbsp;<\/p>\n<p>&nbsp;<\/p>\n","protected":false},"excerpt":{"rendered":"<p>Ich bin Minka-Antonia \u2013 Einzelprinzessin, H\u00f6henakrobatin und stolze Revierchefin. Ich suche eine gro\u00dfz\u00fcgige Miezbude mit viel Garten in ruhiger, l\u00e4ndlicher Lage, damit ich nach Herzenslust klettern, springen und mein Reich erkunden kann. Mein Hof ist mir heilig \u2013 andere Katzen dulde ich dort nur ungern und verteidige ihn mit vollem K\u00f6rpereinsatz. So s\u00fc\u00df ich auch [&hellip;]<\/p>\n","protected":false},"featured_media":1542,"template":"","meta":{"ngg_post_thumbnail":0,"_joinchat":{"telephone":"+491725215751"}},"product_brand":[],"product_cat":[58,49,48],"product_tag":[],"class_list":{"0":"post-1541","1":"product","2":"type-product","3":"status-publish","4":"has-post-thumbnail","6":"product_cat-adult-1-9-jahre","7":"product_cat-katzen","8":"product_cat-tiervermittlung","10":"first","11":"instock","12":"taxable","13":"shipping-taxable","14":"product-type-simple"},"_links":{"self":[{"href":"https:\/\/tiere-opr.de\/index.php?rest_route=\/wp\/v2\/product\/1541","targetHints":{"allow":["GET"]}}],"collection":[{"href":"https:\/\/tiere-opr.de\/index.php?rest_route=\/wp\/v2\/product"}],"about":[{"href":"https:\/\/tiere-opr.de\/index.php?rest_route=\/wp\/v2\/types\/product"}],"wp:featuredmedia":[{"embeddable":true,"href":"https:\/\/tiere-opr.de\/index.php?rest_route=\/wp\/v2\/media\/1542"}],"wp:attachment":[{"href":"https:\/\/tiere-opr.de\/index.php?rest_route=%2Fwp%2Fv2%2Fmedia&parent=1541"}],"wp:term":[{"taxonomy":"product_brand","embeddable":true,"href":"https:\/\/tiere-opr.de\/index.php?rest_route=%2Fwp%2Fv2%2Fproduct_brand&post=1541"},{"taxonomy":"product_cat","embeddable":true,"href":"https:\/\/tiere-opr.de\/index.php?rest_route=%2Fwp%2Fv2%2Fproduct_cat&post=1541"},{"taxonomy":"product_tag","embeddable":true,"href":"https:\/\/tiere-opr.de\/index.php?rest_route=%2Fwp%2Fv2%2Fproduct_tag&post=1541"}],"curies":[{"name":"wp","href":"https:\/\/api.w.org\/{rel}","templated":true}]}}