{"id":2847,"date":"2024-11-24T20:32:44","date_gmt":"2024-11-24T19:32:44","guid":{"rendered":"https:\/\/tiere-opr.de\/?post_type=product&#038;p=2847"},"modified":"2024-11-24T20:44:26","modified_gmt":"2024-11-24T19:44:26","slug":"bambina","status":"publish","type":"product","link":"https:\/\/tiere-opr.de\/?product=bambina","title":{"rendered":"Bambina"},"content":{"rendered":"<div id=\"viewad-description\" class=\"splitlinebox l-container-row\">\n<div class=\"l-container last-paragraph-no-margin-bottom\">\n<p><span style=\"font-size: 18pt;\">Bambina ist ein etwa 7j\u00e4hriger Kater, der noch nie ein richtiges Zuhause hatte, wo man sich um ihn k\u00fcmmerte.&nbsp;<\/span><\/p>\n<p><span style=\"font-size: 18pt;\">Er lebt bis heute an einer Futterstelle mit vielen anderen Katzen und hat Gl\u00fcck im Ungl\u00fcck, indem er&nbsp; 2x am Tag von einer lieben Tierfreundin gef\u00fcttert wird.<\/span><\/p>\n<p><span style=\"font-size: 18pt;\">Ihr&nbsp; gegen\u00fcber ist er zutraulig und freut sich \u00fcber jede Streicheleinheit.&nbsp;<\/span><\/p>\n<p><span style=\"font-size: 18pt;\">Bambina w\u00fcnscht sich ein liebes Heim, wo er die maximale Aufmerksamkeit erh\u00e4lt, die er sich so sehr w\u00fcnscht.&nbsp;<\/span><\/p>\n<p><span style=\"font-size: 18pt;\">Er ist vertr\u00e4glich mit Katzen &#8211; von anderen Katern h\u00e4lt er nicht viel. Er ben\u00f6tigt unbedingten Freigang in l\u00e4ndlicher Umgebung.<\/span><\/p>\n<p><span style=\"font-size: 18pt;\">Wer Bambina kennenlernen m\u00f6chte, der melde sich unter 01739626036!&nbsp;<\/span><\/p>\n<\/div>\n<\/div>\n<div id=\"viewad-imprint-section\" class=\"splitlinebox l-container-row\">&nbsp;<\/div>\n","protected":false},"excerpt":{"rendered":"<p>&nbsp;<\/p>\n<p>&nbsp;<\/p>\n","protected":false},"featured_media":2848,"template":"","meta":{"ngg_post_thumbnail":0,"_joinchat":{"telephone":"+491725215751"}},"product_brand":[],"product_cat":[49,48],"product_tag":[],"class_list":{"0":"post-2847","1":"product","2":"type-product","3":"status-publish","4":"has-post-thumbnail","6":"product_cat-katzen","7":"product_cat-tiervermittlung","9":"first","10":"instock","11":"taxable","12":"shipping-taxable","13":"product-type-simple"},"_links":{"self":[{"href":"https:\/\/tiere-opr.de\/index.php?rest_route=\/wp\/v2\/product\/2847","targetHints":{"allow":["GET"]}}],"collection":[{"href":"https:\/\/tiere-opr.de\/index.php?rest_route=\/wp\/v2\/product"}],"about":[{"href":"https:\/\/tiere-opr.de\/index.php?rest_route=\/wp\/v2\/types\/product"}],"wp:featuredmedia":[{"embeddable":true,"href":"https:\/\/tiere-opr.de\/index.php?rest_route=\/wp\/v2\/media\/2848"}],"wp:attachment":[{"href":"https:\/\/tiere-opr.de\/index.php?rest_route=%2Fwp%2Fv2%2Fmedia&parent=2847"}],"wp:term":[{"taxonomy":"product_brand","embeddable":true,"href":"https:\/\/tiere-opr.de\/index.php?rest_route=%2Fwp%2Fv2%2Fproduct_brand&post=2847"},{"taxonomy":"product_cat","embeddable":true,"href":"https:\/\/tiere-opr.de\/index.php?rest_route=%2Fwp%2Fv2%2Fproduct_cat&post=2847"},{"taxonomy":"product_tag","embeddable":true,"href":"https:\/\/tiere-opr.de\/index.php?rest_route=%2Fwp%2Fv2%2Fproduct_tag&post=2847"}],"curies":[{"name":"wp","href":"https:\/\/api.w.org\/{rel}","templated":true}]}}