{"id":3290,"date":"2025-05-17T12:41:13","date_gmt":"2025-05-17T10:41:13","guid":{"rendered":"https:\/\/tiere-opr.de\/?post_type=product&#038;p=3290"},"modified":"2026-02-28T02:02:57","modified_gmt":"2026-02-28T01:02:57","slug":"zoja","status":"publish","type":"product","link":"https:\/\/tiere-opr.de\/?product=zoja","title":{"rendered":"Zoja"},"content":{"rendered":"<p data-start=\"0\" data-end=\"290\">Ich bin <strong data-start=\"8\" data-end=\"16\">Zoja<\/strong>, ungef\u00e4hr 5\u201310 Jahre alt \u2013 und mein Leben war lange alles andere als leicht. Als Streunerin habe ich drau\u00dfen ums \u00dcberleben gek\u00e4mpft. Als ich im tiefsten Winter aufgenommen wurde, wog ich nicht einmal mehr 2 kg. Es hat lange gedauert, bis ich wieder zu Kr\u00e4ften gekommen bin.<\/p>\n<p data-start=\"292\" data-end=\"580\">Bei den Untersuchungen zeigte mein Blutbild, dass ich Corona-positiv bin. Das bedeutet, dass theoretisch einmal FIP ausbrechen k\u00f6nnte. Deshalb werde ich aktuell noch alleine gehalten. Doch ich zeige immer deutlicher, dass ich mir einen passenden Katzenpartner oder eine Partnerin w\u00fcnsche.<\/p>\n<p data-start=\"582\" data-end=\"871\">Inzwischen bin ich kastriert, gechipt und meine Z\u00e4hne wurden saniert. Heute bin ich eine wundersch\u00f6ne Katze \u2013 auch wenn ich Menschen gegen\u00fcber noch vorsichtig bis \u00e4ngstlich bin. Meiner Pflegemama vertraue ich immer mehr, und ich lerne jeden Tag, dass nicht alle Zweibeiner gef\u00e4hrlich sind.<\/p>\n<p data-start=\"873\" data-end=\"1075\">Ich w\u00fcnsche mir ein ruhiges Zuhause in Wohnungshaltung mit Balkon oder gesichertem Freigehege. Geduldige Menschen sollen mir zeigen, wie sch\u00f6n ein sicheres Leben sein kann \u2013 in meinem Tempo, ohne Druck.<\/p>\n<p data-start=\"1077\" data-end=\"1132\" data-is-last-node=\"\" data-is-only-node=\"\">Wer gibt einer leisen K\u00e4mpferin wie mir eine Chance? \ud83d\udc3e<\/p>\n<p><span style=\"font-size: 18pt;\">Kontakt unter: +49 172 5215751 oder 0173\/9626036<\/span><\/p>\n","protected":false},"excerpt":{"rendered":"<p>&nbsp;<\/p>\n<p>&nbsp;<\/p>\n","protected":false},"featured_media":3295,"template":"","meta":{"ngg_post_thumbnail":0,"_joinchat":{"telephone":"+491725215751"}},"product_brand":[],"product_cat":[58,49,48],"product_tag":[],"class_list":{"0":"post-3290","1":"product","2":"type-product","3":"status-publish","4":"has-post-thumbnail","6":"product_cat-adult-1-9-jahre","7":"product_cat-katzen","8":"product_cat-tiervermittlung","10":"first","11":"instock","12":"taxable","13":"shipping-taxable","14":"product-type-simple"},"_links":{"self":[{"href":"https:\/\/tiere-opr.de\/index.php?rest_route=\/wp\/v2\/product\/3290","targetHints":{"allow":["GET"]}}],"collection":[{"href":"https:\/\/tiere-opr.de\/index.php?rest_route=\/wp\/v2\/product"}],"about":[{"href":"https:\/\/tiere-opr.de\/index.php?rest_route=\/wp\/v2\/types\/product"}],"wp:featuredmedia":[{"embeddable":true,"href":"https:\/\/tiere-opr.de\/index.php?rest_route=\/wp\/v2\/media\/3295"}],"wp:attachment":[{"href":"https:\/\/tiere-opr.de\/index.php?rest_route=%2Fwp%2Fv2%2Fmedia&parent=3290"}],"wp:term":[{"taxonomy":"product_brand","embeddable":true,"href":"https:\/\/tiere-opr.de\/index.php?rest_route=%2Fwp%2Fv2%2Fproduct_brand&post=3290"},{"taxonomy":"product_cat","embeddable":true,"href":"https:\/\/tiere-opr.de\/index.php?rest_route=%2Fwp%2Fv2%2Fproduct_cat&post=3290"},{"taxonomy":"product_tag","embeddable":true,"href":"https:\/\/tiere-opr.de\/index.php?rest_route=%2Fwp%2Fv2%2Fproduct_tag&post=3290"}],"curies":[{"name":"wp","href":"https:\/\/api.w.org\/{rel}","templated":true}]}}