{"id":3427,"date":"2025-08-23T21:11:35","date_gmt":"2025-08-23T19:11:35","guid":{"rendered":"https:\/\/tiere-opr.de\/?post_type=product&#038;p=3427"},"modified":"2026-03-01T00:29:27","modified_gmt":"2026-02-28T23:29:27","slug":"zwei-kleine-herzen-suchen-ihr-fuer-immer-zuhause","status":"publish","type":"product","link":"https:\/\/tiere-opr.de\/?product=zwei-kleine-herzen-suchen-ihr-fuer-immer-zuhause","title":{"rendered":"Benno und Alien"},"content":{"rendered":"<div dir=\"auto\">\n<p data-start=\"0\" data-end=\"126\">Wir sind zwei kleine Buben \u2013 Ende Mai und Anfang Juni geboren \u2013 und bereit, dein Leben ein bisschen fr\u00f6hlicher zu machen. \ud83d\udc3e<\/p>\n<p data-start=\"128\" data-end=\"387\">Wir sind verspielt, neugierig und entdecken die Welt mit gro\u00dfen Augen. Nichts bleibt lange uninteressant \u2013 ob Spielangel, Papierkugel oder Sonnenstrahl auf dem Boden. Gleichzeitig genie\u00dfen wir auch ruhige Momente, wenn wir uns nach dem Toben zusammenrollen.<\/p>\n<p data-start=\"389\" data-end=\"445\">Jetzt fehlt uns nur noch eines: unser eigenes Zuhause.<\/p>\n<p data-start=\"447\" data-end=\"636\">Wir w\u00fcnschen uns verantwortungsbewusste Menschen, die uns entweder<br data-start=\"513\" data-end=\"516\">\u2022 eine Wohnung mit gesichertem Balkon bieten<br data-start=\"560\" data-end=\"563\">oder<br data-start=\"567\" data-end=\"570\">\u2022 Freigang in einer ruhigen, verkehrsarmen Umgebung erm\u00f6glichen.<\/p>\n<p data-start=\"638\" data-end=\"736\">Wichtig ist uns ein sicheres Umfeld, in dem wir beh\u00fctet aufwachsen und gl\u00fccklich sein d\u00fcrfen. \ud83d\udc9b<\/p>\n<p data-start=\"738\" data-end=\"865\">Unsere Vermittlung erfolgt nach pers\u00f6nlichem Kennenlernen mit Schutzvertrag und Schutzgeb\u00fchr \u2013 damit wir gut aufgehoben sind.<\/p>\n<p data-start=\"867\" data-end=\"973\">Wenn du uns ein liebevolles, sicheres Leben schenken m\u00f6chtest, freuen wir uns sehr \u00fcber deine Nachricht.<\/p>\n<p data-start=\"975\" data-end=\"1005\" data-is-last-node=\"\" data-is-only-node=\"\">Kontakt: <strong data-start=\"984\" data-end=\"1002\">0173 \/ 9626036<\/strong> \ud83d\udc31<\/p>\n<\/div>\n<div dir=\"auto\">&nbsp;<\/div>\n<p>&nbsp;<\/p>\n<p>&nbsp;<\/p>\n","protected":false},"excerpt":{"rendered":"<p>Wir sind zwei kleine Buben \u2013 Ende Mai und Anfang Juni geboren \u2013 und bereit, dein Leben ein bisschen fr\u00f6hlicher zu machen. \ud83d\udc3e Wir sind verspielt, neugierig und entdecken die Welt mit gro\u00dfen Augen. Nichts bleibt lange uninteressant \u2013 ob Spielangel, Papierkugel oder Sonnenstrahl auf dem Boden. Gleichzeitig genie\u00dfen wir auch ruhige Momente, wenn wir [&hellip;]<\/p>\n","protected":false},"featured_media":3653,"template":"","meta":{"ngg_post_thumbnail":0,"_joinchat":{"telephone":"+491725215751"}},"product_brand":[],"product_cat":[49,57,48],"product_tag":[],"class_list":{"0":"post-3427","1":"product","2":"type-product","3":"status-publish","4":"has-post-thumbnail","6":"product_cat-katzen","7":"product_cat-kitten-bis1-jahr","8":"product_cat-tiervermittlung","10":"first","11":"instock","12":"taxable","13":"shipping-taxable","14":"product-type-simple"},"_links":{"self":[{"href":"https:\/\/tiere-opr.de\/index.php?rest_route=\/wp\/v2\/product\/3427","targetHints":{"allow":["GET"]}}],"collection":[{"href":"https:\/\/tiere-opr.de\/index.php?rest_route=\/wp\/v2\/product"}],"about":[{"href":"https:\/\/tiere-opr.de\/index.php?rest_route=\/wp\/v2\/types\/product"}],"wp:featuredmedia":[{"embeddable":true,"href":"https:\/\/tiere-opr.de\/index.php?rest_route=\/wp\/v2\/media\/3653"}],"wp:attachment":[{"href":"https:\/\/tiere-opr.de\/index.php?rest_route=%2Fwp%2Fv2%2Fmedia&parent=3427"}],"wp:term":[{"taxonomy":"product_brand","embeddable":true,"href":"https:\/\/tiere-opr.de\/index.php?rest_route=%2Fwp%2Fv2%2Fproduct_brand&post=3427"},{"taxonomy":"product_cat","embeddable":true,"href":"https:\/\/tiere-opr.de\/index.php?rest_route=%2Fwp%2Fv2%2Fproduct_cat&post=3427"},{"taxonomy":"product_tag","embeddable":true,"href":"https:\/\/tiere-opr.de\/index.php?rest_route=%2Fwp%2Fv2%2Fproduct_tag&post=3427"}],"curies":[{"name":"wp","href":"https:\/\/api.w.org\/{rel}","templated":true}]}}