{"id":3503,"date":"2025-09-22T20:56:32","date_gmt":"2025-09-22T18:56:32","guid":{"rendered":"https:\/\/tiere-opr.de\/?post_type=product&#038;p=3503"},"modified":"2026-02-28T01:58:46","modified_gmt":"2026-02-28T00:58:46","slug":"3503","status":"publish","type":"product","link":"https:\/\/tiere-opr.de\/?product=3503","title":{"rendered":"Jimmy"},"content":{"rendered":"<p data-start=\"0\" data-end=\"74\">Ich bin <strong data-start=\"8\" data-end=\"17\">Jimmy<\/strong>, 9 Jahre alt \u2013 ein Kater mit Charakter und eigenem Kopf.<\/p>\n<p data-start=\"76\" data-end=\"274\">Ich war immer ein echter Freig\u00e4nger und liebe meine Freiheit noch immer sehr. Gleichzeitig habe ich gelernt, wie sch\u00f6n ein warmes Pl\u00e4tzchen im Haus sein kann \u2013 beides zusammen w\u00e4re f\u00fcr mich perfekt.<\/p>\n<p data-start=\"276\" data-end=\"549\">Andere Katzen oder Haustiere brauche ich nicht. Ich m\u00f6chte alleiniger Herrscher meines Reiches sein. Deshalb w\u00fcnsche ich mir ein Zuhause ohne andere Tiere und ohne Kinder, bei katzenerfahrenen Menschen, die meinen Charakter zu sch\u00e4tzen wissen und mir meine Freiheit lassen.<\/p>\n<p data-start=\"551\" data-end=\"674\">Ich suche Menschen, die mir Freigang erm\u00f6glichen und mir drinnen trotzdem einen sicheren, gem\u00fctlichen R\u00fcckzugsort schenken.<\/p>\n<p data-start=\"676\" data-end=\"803\">Vor meinem Umzug m\u00f6chte ich dich nat\u00fcrlich pers\u00f6nlich kennenlernen. Die Vermittlung erfolgt mit Schutzvertrag und Schutzgeb\u00fchr.<\/p>\n<p data-start=\"805\" data-end=\"883\" data-is-last-node=\"\" data-is-only-node=\"\">Wer gibt einem Charakterkater wie mir die Chance auf ein passendes Zuhause? \ud83d\udc3e<\/p>\n<p><span style=\"font-size: 18pt;\">TEL. 01739626036 oder +49 172 5215751<\/span><\/p>\n","protected":false},"excerpt":{"rendered":"<p>Ich bin Jimmy, 9 Jahre alt \u2013 ein Kater mit Charakter und eigenem Kopf. Ich war immer ein echter Freig\u00e4nger und liebe meine Freiheit noch immer sehr. Gleichzeitig habe ich gelernt, wie sch\u00f6n ein warmes Pl\u00e4tzchen im Haus sein kann \u2013 beides zusammen w\u00e4re f\u00fcr mich perfekt. Andere Katzen oder Haustiere brauche ich nicht. Ich [&hellip;]<\/p>\n","protected":false},"featured_media":3506,"template":"","meta":{"ngg_post_thumbnail":0,"_joinchat":{"telephone":"+491725215751"}},"product_brand":[],"product_cat":[58,49,48],"product_tag":[],"class_list":{"0":"post-3503","1":"product","2":"type-product","3":"status-publish","4":"has-post-thumbnail","6":"product_cat-adult-1-9-jahre","7":"product_cat-katzen","8":"product_cat-tiervermittlung","10":"first","11":"instock","12":"taxable","13":"shipping-taxable","14":"product-type-simple"},"_links":{"self":[{"href":"https:\/\/tiere-opr.de\/index.php?rest_route=\/wp\/v2\/product\/3503","targetHints":{"allow":["GET"]}}],"collection":[{"href":"https:\/\/tiere-opr.de\/index.php?rest_route=\/wp\/v2\/product"}],"about":[{"href":"https:\/\/tiere-opr.de\/index.php?rest_route=\/wp\/v2\/types\/product"}],"wp:featuredmedia":[{"embeddable":true,"href":"https:\/\/tiere-opr.de\/index.php?rest_route=\/wp\/v2\/media\/3506"}],"wp:attachment":[{"href":"https:\/\/tiere-opr.de\/index.php?rest_route=%2Fwp%2Fv2%2Fmedia&parent=3503"}],"wp:term":[{"taxonomy":"product_brand","embeddable":true,"href":"https:\/\/tiere-opr.de\/index.php?rest_route=%2Fwp%2Fv2%2Fproduct_brand&post=3503"},{"taxonomy":"product_cat","embeddable":true,"href":"https:\/\/tiere-opr.de\/index.php?rest_route=%2Fwp%2Fv2%2Fproduct_cat&post=3503"},{"taxonomy":"product_tag","embeddable":true,"href":"https:\/\/tiere-opr.de\/index.php?rest_route=%2Fwp%2Fv2%2Fproduct_tag&post=3503"}],"curies":[{"name":"wp","href":"https:\/\/api.w.org\/{rel}","templated":true}]}}