{"id":3516,"date":"2025-10-12T21:48:47","date_gmt":"2025-10-12T19:48:47","guid":{"rendered":"https:\/\/tiere-opr.de\/?post_type=product&#038;p=3516"},"modified":"2025-10-12T21:51:52","modified_gmt":"2025-10-12T19:51:52","slug":"frieda","status":"publish","type":"product","link":"https:\/\/tiere-opr.de\/?product=frieda","title":{"rendered":"Frieda"},"content":{"rendered":"<p><span style=\"font-size: 18pt;\">Frieda\u2026 wo kommste her, wo gehste hin, wann kommste wieda\u2026\u201c singt Friedas Pflegemama ihr zu jedem Abendrundgang vor.<\/span><\/p>\n<p><span style=\"font-size: 18pt;\">Frieda l\u00e4sst sich gerne vorsingen und wartet immer schon ganz ungeduldig an der Geheget\u00fcr. \u00dcber die Schwelle tritt sie niemals. Sie kam zwar als absolut wilde Streunerin zu uns in den Tierschutzverein, doch sie hat dieses harte Leben hinter sich gelassen und genie\u00dft alle Annehmlichkeiten einer Hauskatze.<\/span><\/p>\n<p><span style=\"font-size: 18pt;\">Frieda liebt zwar nach wie vor frische Luft und m\u00f6chte auf einem Balkon ihren Pelz von der Sonne w\u00e4rmen lassen, aber Freigang macht ihr inzwischen Angst.<\/span><\/p>\n<p><span style=\"font-size: 18pt;\">Deswegen w\u00fcnschen wir uns f\u00fcr Frieda ein Zuhause als Wohnungskatze mit Balkon oder Freigehege. Da sie sehr futterneidisch ist teilt sie in der Gruppe gerne aus. Sie ist die Chefin und aktuell Gruppen\u00e4lteste.<\/span><\/p>\n<p><span style=\"font-size: 18pt;\">Ihre Mitbewohnerinnen haben sich an Friedas \u201eChef-Attit\u00fcde\u201c gew\u00f6hnt. Vergesellschaften mit anderen Katzen\/Katern w\u00e4re eher schwierig, lieber w\u00fcrde sie eine gute Freundin (z.B. Amira) mitnehmen oder alleine ihr Gl\u00fcck suchen.<\/span><\/p>\n<p><span style=\"font-size: 18pt;\">Von ihrem Pflegefrauchen l\u00e4sst sich Frieda inzwischen gerne an Kopf und R\u00fccken streicheln. Frieda ist sehr selbstbewusst, fremden Menschen gegen\u00fcber jedoch eher skeptisch.<\/span><\/p>\n<p><span style=\"font-size: 18pt;\">F\u00fcr Leckereien ist sie aber eigentlich immer zu haben<\/span>.<\/p>\n<p><span style=\"font-size: 18pt;\">Wir suchen f\u00fcr sie ein ruhiges Zuhause in Wohnungshaltung. Mit Geduld und Liebe wird sie sich garantiert noch zu einer waschechten Wohnungskatze entwickeln und sich auch mit aufs Sofa und in die Betten kuscheln.<\/span><\/p>\n<p><span style=\"font-size: 18pt;\">Kontakt unter: 01739626036<\/span><\/p>\n","protected":false},"excerpt":{"rendered":"<p>Frieda\u2026 wo kommste her, wo gehste hin, wann kommste wieda\u2026\u201c singt Friedas Pflegemama ihr zu jedem Abendrundgang vor. Frieda l\u00e4sst sich gerne vorsingen und wartet immer schon ganz ungeduldig an der Geheget\u00fcr. \u00dcber die Schwelle tritt sie niemals. Sie kam zwar als absolut wilde Streunerin zu uns in den Tierschutzverein, doch sie hat dieses harte [&hellip;]<\/p>\n","protected":false},"featured_media":3517,"template":"","meta":{"ngg_post_thumbnail":0,"_joinchat":{"telephone":"+491725215751"}},"product_brand":[],"product_cat":[49,48],"product_tag":[],"class_list":{"0":"post-3516","1":"product","2":"type-product","3":"status-publish","4":"has-post-thumbnail","6":"product_cat-katzen","7":"product_cat-tiervermittlung","9":"first","10":"instock","11":"taxable","12":"shipping-taxable","13":"product-type-simple"},"_links":{"self":[{"href":"https:\/\/tiere-opr.de\/index.php?rest_route=\/wp\/v2\/product\/3516","targetHints":{"allow":["GET"]}}],"collection":[{"href":"https:\/\/tiere-opr.de\/index.php?rest_route=\/wp\/v2\/product"}],"about":[{"href":"https:\/\/tiere-opr.de\/index.php?rest_route=\/wp\/v2\/types\/product"}],"wp:featuredmedia":[{"embeddable":true,"href":"https:\/\/tiere-opr.de\/index.php?rest_route=\/wp\/v2\/media\/3517"}],"wp:attachment":[{"href":"https:\/\/tiere-opr.de\/index.php?rest_route=%2Fwp%2Fv2%2Fmedia&parent=3516"}],"wp:term":[{"taxonomy":"product_brand","embeddable":true,"href":"https:\/\/tiere-opr.de\/index.php?rest_route=%2Fwp%2Fv2%2Fproduct_brand&post=3516"},{"taxonomy":"product_cat","embeddable":true,"href":"https:\/\/tiere-opr.de\/index.php?rest_route=%2Fwp%2Fv2%2Fproduct_cat&post=3516"},{"taxonomy":"product_tag","embeddable":true,"href":"https:\/\/tiere-opr.de\/index.php?rest_route=%2Fwp%2Fv2%2Fproduct_tag&post=3516"}],"curies":[{"name":"wp","href":"https:\/\/api.w.org\/{rel}","templated":true}]}}