{"id":3620,"date":"2025-12-28T20:45:26","date_gmt":"2025-12-28T19:45:26","guid":{"rendered":"https:\/\/tiere-opr.de\/?post_type=product&#038;p=3620"},"modified":"2025-12-28T21:09:47","modified_gmt":"2025-12-28T20:09:47","slug":"sechs-junge-seelen-suchen-ein-zuhause-voller-geduld-und-liebe","status":"publish","type":"product","link":"https:\/\/tiere-opr.de\/?product=sechs-junge-seelen-suchen-ein-zuhause-voller-geduld-und-liebe","title":{"rendered":"Sechs junge Seelen suchen ein Zuhause voller Geduld und Liebe"},"content":{"rendered":"<p><span style=\"font-size: 18pt;\">Unsere sechs Jungkatzen \u2013 geboren im April\/Mai dieses Jahres \u2013 tragen noch ein St\u00fcckchen Scheu in ihren Herzen.<\/span><\/p>\n<p><span style=\"font-size: 18pt;\">Sie haben in ihrem kurzen Leben noch nicht viel Vertrauen fassen k\u00f6nnen, doch hinter ihren gro\u00dfen, vorsichtigen Augen steckt so viel Zartheit und Neugier auf die Welt.<\/span><\/p>\n<p><span style=\"font-size: 18pt;\">Diese jungen Katzen brauchen Menschen mit Herz, Ruhe und Geduld \u2013 Menschen, die verstehen, dass Liebe bei scheuen Tieren nicht laut, sondern leise beginnt.<\/span><\/p>\n<p><span style=\"font-size: 18pt;\">Mit Zeit und Einf\u00fchlungsverm\u00f6gen werden sie lernen, dass H\u00e4nde auch streicheln k\u00f6nnen und Zuhause W\u00e4rme bedeutet.<\/span><\/p>\n<p><span style=\"font-size: 18pt;\">Wir w\u00fcnschen uns f\u00fcr sie:<\/span><br \/>\n<span style=\"font-size: 18pt;\">\u2022 Katzenerfahrene Menschen, die Freude daran haben, Vertrauen wachsen zu lassen<\/span><br \/>\n<span style=\"font-size: 18pt;\">\u2022 Ein ruhiges Zuhause, ohne kleine Kinder<\/span><br \/>\n<span style=\"font-size: 18pt;\">\u2022 nach Eingew\u00f6hnung \u2013 Freigang in sicherer Umgebung<\/span><\/p>\n<p><span style=\"font-size: 18pt;\">Fast alle sind bereits kastriert, entwurmt und gechipt.<\/span><\/p>\n<p><span style=\"font-size: 18pt;\">Die Vermittlung erfolgt \u00fcber den Tierschutzverein Ostprignitz Ruppin mit Schutzvertrag und Schutzgeb\u00fchr \u2013 denn jedes Leben ist wertvoll.<\/span><\/p>\n<p><span style=\"font-size: 18pt;\">Wer einer dieser sch\u00fcchternen Samtpfoten zeigen m\u00f6chte, dass die Welt auch sch\u00f6n sein kann, darf sich sehr gern melden.<\/span><\/p>\n<p><span style=\"font-size: 18pt;\">Vielleicht wartet genau hier deine kleine Herzenskatze, die nur noch den richtigen Menschen braucht.<\/span><\/p>\n<p><span style=\"font-size: 18pt;\">Kontakt unter : 01739626036<\/span><\/p>\n","protected":false},"excerpt":{"rendered":"<p>Unsere sechs Jungkatzen \u2013 geboren im April\/Mai dieses Jahres \u2013 tragen noch ein St\u00fcckchen Scheu in ihren Herzen. Sie haben in ihrem kurzen Leben noch nicht viel Vertrauen fassen k\u00f6nnen, doch hinter ihren gro\u00dfen, vorsichtigen Augen steckt so viel Zartheit und Neugier auf die Welt. Diese jungen Katzen brauchen Menschen mit Herz, Ruhe und Geduld [&hellip;]<\/p>\n","protected":false},"featured_media":3622,"template":"","meta":{"ngg_post_thumbnail":0,"_joinchat":{"telephone":"+491725215751"}},"product_brand":[],"product_cat":[49,48],"product_tag":[],"class_list":{"0":"post-3620","1":"product","2":"type-product","3":"status-publish","4":"has-post-thumbnail","6":"product_cat-katzen","7":"product_cat-tiervermittlung","9":"first","10":"instock","11":"taxable","12":"shipping-taxable","13":"product-type-simple"},"_links":{"self":[{"href":"https:\/\/tiere-opr.de\/index.php?rest_route=\/wp\/v2\/product\/3620","targetHints":{"allow":["GET"]}}],"collection":[{"href":"https:\/\/tiere-opr.de\/index.php?rest_route=\/wp\/v2\/product"}],"about":[{"href":"https:\/\/tiere-opr.de\/index.php?rest_route=\/wp\/v2\/types\/product"}],"wp:featuredmedia":[{"embeddable":true,"href":"https:\/\/tiere-opr.de\/index.php?rest_route=\/wp\/v2\/media\/3622"}],"wp:attachment":[{"href":"https:\/\/tiere-opr.de\/index.php?rest_route=%2Fwp%2Fv2%2Fmedia&parent=3620"}],"wp:term":[{"taxonomy":"product_brand","embeddable":true,"href":"https:\/\/tiere-opr.de\/index.php?rest_route=%2Fwp%2Fv2%2Fproduct_brand&post=3620"},{"taxonomy":"product_cat","embeddable":true,"href":"https:\/\/tiere-opr.de\/index.php?rest_route=%2Fwp%2Fv2%2Fproduct_cat&post=3620"},{"taxonomy":"product_tag","embeddable":true,"href":"https:\/\/tiere-opr.de\/index.php?rest_route=%2Fwp%2Fv2%2Fproduct_tag&post=3620"}],"curies":[{"name":"wp","href":"https:\/\/api.w.org\/{rel}","templated":true}]}}