{"id":3631,"date":"2025-12-28T21:11:37","date_gmt":"2025-12-28T20:11:37","guid":{"rendered":"https:\/\/tiere-opr.de\/?post_type=product&#038;p=3631"},"modified":"2026-04-16T01:08:04","modified_gmt":"2026-04-15T23:08:04","slug":"ilse-haensel-gretel","status":"publish","type":"product","link":"https:\/\/tiere-opr.de\/?product=ilse-haensel-gretel","title":{"rendered":"H\u00e4nsel &#038; Gretel"},"content":{"rendered":"<p data-start=\"0\" data-end=\"95\">Wir sind <strong data-start=\"9\" data-end=\"18\">Gretel<\/strong> und <strong data-start=\"62\" data-end=\"72\">H\u00e4nsel<\/strong>, geboren im Juli 2025.<\/p>\n<p data-start=\"97\" data-end=\"328\">Gretel ist inzwischen richtig zutraulich und genie\u00dft die N\u00e4he zu ihren Menschen. H\u00e4nsel braucht am Anfang ein bisschen mehr Zeit, orientiert sich aber sehr an seiner Schwester und sucht nach der Eingew\u00f6hnung ebenfalls aktiv Kontakt.<\/p>\n<p data-start=\"330\" data-end=\"565\">Wir w\u00fcnschen uns ein ruhiges Zuhause \u2013 am liebsten ohne kleine Kinder \u2013 mit gesichertem Balkon oder gesichertem Freigang in ruhiger Umgebung. Wir ziehen mindestens zu zweit oder zu einem altersentsprechenden, sozialen Katzenpartner um.<\/p>\n<p data-start=\"567\" data-end=\"810\">Bevor wir ausziehen, m\u00f6chten wir euch pers\u00f6nlich kennenlernen.<\/p>\n<div class=\"flex flex-col text-sm pb-25\">\n<article class=\"text-token-text-primary w-full focus:outline-none [--shadow-height:45px] has-data-writing-block:pointer-events-none has-data-writing-block:-mt-(--shadow-height) has-data-writing-block:pt-(--shadow-height) [&amp;:has([data-writing-block])&gt;*]:pointer-events-auto scroll-mt-[calc(var(--header-height)+min(200px,max(70px,20svh)))]\" dir=\"auto\" tabindex=\"-1\" data-turn-id=\"request-WEB:e4fa9b25-5834-4023-b025-79b305b7d39d-6\" data-testid=\"conversation-turn-14\" data-scroll-anchor=\"true\" data-turn=\"assistant\">\n<div class=\"text-base my-auto mx-auto pb-10 [--thread-content-margin:--spacing(4)] @w-sm\/main:[--thread-content-margin:--spacing(6)] @w-lg\/main:[--thread-content-margin:--spacing(16)] px-(--thread-content-margin)\">\n<div class=\"[--thread-content-max-width:40rem] @w-lg\/main:[--thread-content-max-width:48rem] mx-auto max-w-(--thread-content-max-width) flex-1 group\/turn-messages focus-visible:outline-hidden relative flex w-full min-w-0 flex-col agent-turn\" tabindex=\"-1\">\n<div class=\"flex max-w-full flex-col grow\">\n<div class=\"min-h-8 text-message relative flex w-full flex-col items-end gap-2 text-start break-words whitespace-normal [.text-message+&amp;]:mt-1\" dir=\"auto\" data-message-author-role=\"assistant\" data-message-id=\"75775b95-482e-4ee1-8200-34fc799e3dbb\" data-message-model-slug=\"gpt-5-2\">\n<div class=\"flex w-full flex-col gap-1 empty:hidden first:pt-[1px]\">\n<div class=\"markdown prose dark:prose-invert w-full wrap-break-word dark markdown-new-styling\">\n<p data-start=\"812\" data-end=\"871\" data-is-last-node=\"\" data-is-only-node=\"\">Vielleicht d\u00fcrfen wir ja bald Teil eurer Familie werden? \ud83d\udc3e<\/p>\n<\/div>\n<\/div>\n<\/div>\n<\/div>\n<\/div>\n<\/div>\n<\/article>\n<\/div>\n<p><span style=\"font-size: 18pt;\">Kontakt: 0173 9626036<\/span><\/p>\n","protected":false},"excerpt":{"rendered":"<p>Wir sind Gretel und H\u00e4nsel, geboren im Juli 2025. Gretel ist inzwischen richtig zutraulich und genie\u00dft die N\u00e4he zu ihren Menschen. H\u00e4nsel braucht am Anfang ein bisschen mehr Zeit, orientiert sich aber sehr an seiner Schwester und sucht nach der Eingew\u00f6hnung ebenfalls aktiv Kontakt. Wir w\u00fcnschen uns ein ruhiges Zuhause \u2013 am liebsten ohne kleine [&hellip;]<\/p>\n","protected":false},"featured_media":4193,"template":"","meta":{"ngg_post_thumbnail":0,"_joinchat":{"telephone":"+491725215751"}},"product_brand":[],"product_cat":[49,57,48],"product_tag":[],"class_list":{"0":"post-3631","1":"product","2":"type-product","3":"status-publish","4":"has-post-thumbnail","6":"product_cat-katzen","7":"product_cat-kitten-bis1-jahr","8":"product_cat-tiervermittlung","10":"first","11":"instock","12":"taxable","13":"shipping-taxable","14":"product-type-simple"},"_links":{"self":[{"href":"https:\/\/tiere-opr.de\/index.php?rest_route=\/wp\/v2\/product\/3631","targetHints":{"allow":["GET"]}}],"collection":[{"href":"https:\/\/tiere-opr.de\/index.php?rest_route=\/wp\/v2\/product"}],"about":[{"href":"https:\/\/tiere-opr.de\/index.php?rest_route=\/wp\/v2\/types\/product"}],"wp:featuredmedia":[{"embeddable":true,"href":"https:\/\/tiere-opr.de\/index.php?rest_route=\/wp\/v2\/media\/4193"}],"wp:attachment":[{"href":"https:\/\/tiere-opr.de\/index.php?rest_route=%2Fwp%2Fv2%2Fmedia&parent=3631"}],"wp:term":[{"taxonomy":"product_brand","embeddable":true,"href":"https:\/\/tiere-opr.de\/index.php?rest_route=%2Fwp%2Fv2%2Fproduct_brand&post=3631"},{"taxonomy":"product_cat","embeddable":true,"href":"https:\/\/tiere-opr.de\/index.php?rest_route=%2Fwp%2Fv2%2Fproduct_cat&post=3631"},{"taxonomy":"product_tag","embeddable":true,"href":"https:\/\/tiere-opr.de\/index.php?rest_route=%2Fwp%2Fv2%2Fproduct_tag&post=3631"}],"curies":[{"name":"wp","href":"https:\/\/api.w.org\/{rel}","templated":true}]}}