{"id":3699,"date":"2026-02-28T00:19:27","date_gmt":"2026-02-27T23:19:27","guid":{"rendered":"https:\/\/tiere-opr.de\/?post_type=product&#038;p=3699"},"modified":"2026-02-28T00:33:06","modified_gmt":"2026-02-27T23:33:06","slug":"caramella-und-leonie","status":"publish","type":"product","link":"https:\/\/tiere-opr.de\/?product=caramella-und-leonie","title":{"rendered":"Caramella und Leonie"},"content":{"rendered":"<div class=\"flex flex-col text-sm pb-25\">\n<article class=\"text-token-text-primary w-full focus:outline-none [--shadow-height:45px] has-data-writing-block:pointer-events-none has-data-writing-block:-mt-(--shadow-height) has-data-writing-block:pt-(--shadow-height) [&amp;:has([data-writing-block])&gt;*]:pointer-events-auto scroll-mt-[calc(var(--header-height)+min(200px,max(70px,20svh)))]\" dir=\"auto\" tabindex=\"-1\" data-turn-id=\"request-WEB:e4fa9b25-5834-4023-b025-79b305b7d39d-1\" data-testid=\"conversation-turn-4\" data-scroll-anchor=\"true\" data-turn=\"assistant\">\n<div class=\"text-base my-auto mx-auto pb-10 [--thread-content-margin:--spacing(4)] @w-sm\/main:[--thread-content-margin:--spacing(6)] @w-lg\/main:[--thread-content-margin:--spacing(16)] px-(--thread-content-margin)\">\n<div class=\"[--thread-content-max-width:40rem] @w-lg\/main:[--thread-content-max-width:48rem] mx-auto max-w-(--thread-content-max-width) flex-1 group\/turn-messages focus-visible:outline-hidden relative flex w-full min-w-0 flex-col agent-turn\" tabindex=\"-1\">\n<div class=\"mt-3 w-full empty:hidden\">\n<div class=\"text-center\">\n<p data-start=\"0\" data-end=\"262\">Wir sind <strong data-start=\"9\" data-end=\"22\">Caramella<\/strong> (Widder) und <strong data-start=\"36\" data-end=\"46\">Leonie<\/strong> (L\u00f6wenk\u00f6pfchen), zwei etwa 3-j\u00e4hrige Kaninchenm\u00e4dchen, die die ganzj\u00e4hrige Au\u00dfenhaltung lieben und gewohnt sind. Frische Luft, viel Platz zum Rennen und Buddeln sowie ein mardersicheres Gehege sind f\u00fcr uns ein Muss.<\/p>\n<p data-start=\"264\" data-end=\"382\">Wir sind entspannt, neugierig und Kindern gegen\u00fcber freundlich \u2013 besonders, wenn es Petersilie aus der Hand gibt. \ud83d\udc30<\/p>\n<p data-start=\"384\" data-end=\"532\">Wir sind geimpft (Impfschutz bis Juni\/Juli), nicht kastriert und per Bluttest als \u201eEC-positiv\u201c getestet. Daher werden wir nicht zur Zucht abgegeben.<\/p>\n<p data-start=\"534\" data-end=\"749\">Gesucht wird ein ruhiges, artgerechtes Zuhause mit dauerhaft Heu und frischer F\u00fctterung.<br data-start=\"622\" data-end=\"625\">Denn wir sind keine Kuscheltiere \u2013 sondern anspruchsvolle, soziale Tiere, die Platz, Verst\u00e4ndnis und Verantwortung brauchen.<\/p>\n<p data-start=\"751\" data-end=\"808\" data-is-last-node=\"\" data-is-only-node=\"\">Unsere Menschen beraten euch gerne zur optimalen Haltung.<\/p>\n<\/div>\n<\/div>\n<\/div>\n<\/div>\n<\/article>\n<\/div>\n<div class=\"pointer-events-none h-px w-px absolute bottom-0\" aria-hidden=\"true\" data-edge=\"true\">&nbsp;<\/div>\n","protected":false},"excerpt":{"rendered":"<p>Wir sind Caramella (Widder) und Leonie (L\u00f6wenk\u00f6pfchen), zwei etwa 3-j\u00e4hrige Kaninchenm\u00e4dchen, die die ganzj\u00e4hrige Au\u00dfenhaltung lieben und gewohnt sind. Frische Luft, viel Platz zum Rennen und Buddeln sowie ein mardersicheres Gehege sind f\u00fcr uns ein Muss. Wir sind entspannt, neugierig und Kindern gegen\u00fcber freundlich \u2013 besonders, wenn es Petersilie aus der Hand gibt. \ud83d\udc30 Wir [&hellip;]<\/p>\n","protected":false},"featured_media":3700,"template":"","meta":{"ngg_post_thumbnail":0,"_joinchat":[]},"product_brand":[],"product_cat":[51,48],"product_tag":[],"class_list":{"0":"post-3699","1":"product","2":"type-product","3":"status-publish","4":"has-post-thumbnail","6":"product_cat-kleintiere","7":"product_cat-tiervermittlung","9":"first","10":"instock","11":"taxable","12":"shipping-taxable","13":"product-type-simple"},"_links":{"self":[{"href":"https:\/\/tiere-opr.de\/index.php?rest_route=\/wp\/v2\/product\/3699","targetHints":{"allow":["GET"]}}],"collection":[{"href":"https:\/\/tiere-opr.de\/index.php?rest_route=\/wp\/v2\/product"}],"about":[{"href":"https:\/\/tiere-opr.de\/index.php?rest_route=\/wp\/v2\/types\/product"}],"wp:featuredmedia":[{"embeddable":true,"href":"https:\/\/tiere-opr.de\/index.php?rest_route=\/wp\/v2\/media\/3700"}],"wp:attachment":[{"href":"https:\/\/tiere-opr.de\/index.php?rest_route=%2Fwp%2Fv2%2Fmedia&parent=3699"}],"wp:term":[{"taxonomy":"product_brand","embeddable":true,"href":"https:\/\/tiere-opr.de\/index.php?rest_route=%2Fwp%2Fv2%2Fproduct_brand&post=3699"},{"taxonomy":"product_cat","embeddable":true,"href":"https:\/\/tiere-opr.de\/index.php?rest_route=%2Fwp%2Fv2%2Fproduct_cat&post=3699"},{"taxonomy":"product_tag","embeddable":true,"href":"https:\/\/tiere-opr.de\/index.php?rest_route=%2Fwp%2Fv2%2Fproduct_tag&post=3699"}],"curies":[{"name":"wp","href":"https:\/\/api.w.org\/{rel}","templated":true}]}}