{"id":3738,"date":"2026-02-28T20:53:34","date_gmt":"2026-02-28T19:53:34","guid":{"rendered":"https:\/\/tiere-opr.de\/?post_type=product&#038;p=3738"},"modified":"2026-03-30T19:35:55","modified_gmt":"2026-03-30T17:35:55","slug":"yoda-und-champi","status":"publish","type":"product","link":"https:\/\/tiere-opr.de\/?product=yoda-und-champi","title":{"rendered":"Koralle"},"content":{"rendered":"<p data-start=\"0\" data-end=\"85\">Hallo, ich bin <strong data-start=\"15\" data-end=\"26\">Koralle<\/strong> \u2013 ein h\u00fcbscher, getigerter Kater von etwa einem Jahr. \ud83d\udc3e<\/p>\n<p data-start=\"87\" data-end=\"350\">ich wurde an einer Futterstelle eingefangen. Damals war ich Menschen gegen\u00fcber ziemlich skeptisch. Alles war neu, alles war unheimlich \u2013 und ich wusste nicht so recht, ob ich euch Zweibeinern trauen kann.<\/p>\n<p data-start=\"352\" data-end=\"747\">Aber wei\u00dft du was? Ich habe schon richtig gro\u00dfe Fortschritte gemacht! Inzwischen suche ich aktiv die N\u00e4he zu Menschen und zeige deutlich, dass ich gern mehr Kontakt h\u00e4tte. Beim Fressen lasse ich mich schon problemlos anfassen. Nur dieses letzte kleine St\u00fcck Mut \u2026 das fehlt mir noch. Ich brauche einfach jemanden, der mir mit Geduld und Liebe hilft, meine restliche Unsicherheit zu \u00fcberwinden.<\/p>\n<p data-start=\"749\" data-end=\"1007\">Meine Pflegemenschen sind sich sicher: In mir steckt das Potenzial zu einem echten Schmusetiger. Wenn du dir Zeit nimmst, dich mit mir besch\u00e4ftigst und mein Vertrauen gewinnst, werde ich dir bestimmt eines Tages schnurrend zeigen, wie sehr ich dich mag. \ud83d\udc9b<\/p>\n<p data-start=\"1009\" data-end=\"1266\">Mit anderen Katzen komme ich gut zurecht. Zu zweit ist vieles einfach leichter.<\/p>\n<p data-start=\"1268\" data-end=\"1365\">Ich bin nat\u00fcrlich entwurmt, kastriert, gechipt und geimpft \u2013 also bereit f\u00fcr unseren Neustart.<\/p>\n<p data-start=\"1367\" data-end=\"1576\" data-is-last-node=\"\" data-is-only-node=\"\">Wenn du mir&nbsp; eine Chance geben m\u00f6chtest, melde dich gern unter <strong data-start=\"1447\" data-end=\"1467\">Tel: 01773007775<\/strong>.<\/p>\n","protected":false},"excerpt":{"rendered":"<p>Hallo, ich bin Koralle \u2013 ein h\u00fcbscher, getigerter Kater von etwa einem Jahr. \ud83d\udc3e ich wurde an einer Futterstelle eingefangen. Damals war ich Menschen gegen\u00fcber ziemlich skeptisch. Alles war neu, alles war unheimlich \u2013 und ich wusste nicht so recht, ob ich euch Zweibeinern trauen kann. Aber wei\u00dft du was? Ich habe schon richtig gro\u00dfe [&hellip;]<\/p>\n","protected":false},"featured_media":3750,"template":"","meta":{"ngg_post_thumbnail":0,"_joinchat":{"telephone":"+491725215751"}},"product_brand":[],"product_cat":[58,49,48],"product_tag":[],"class_list":{"0":"post-3738","1":"product","2":"type-product","3":"status-publish","4":"has-post-thumbnail","6":"product_cat-adult-1-9-jahre","7":"product_cat-katzen","8":"product_cat-tiervermittlung","10":"first","11":"instock","12":"taxable","13":"shipping-taxable","14":"product-type-simple"},"_links":{"self":[{"href":"https:\/\/tiere-opr.de\/index.php?rest_route=\/wp\/v2\/product\/3738","targetHints":{"allow":["GET"]}}],"collection":[{"href":"https:\/\/tiere-opr.de\/index.php?rest_route=\/wp\/v2\/product"}],"about":[{"href":"https:\/\/tiere-opr.de\/index.php?rest_route=\/wp\/v2\/types\/product"}],"wp:featuredmedia":[{"embeddable":true,"href":"https:\/\/tiere-opr.de\/index.php?rest_route=\/wp\/v2\/media\/3750"}],"wp:attachment":[{"href":"https:\/\/tiere-opr.de\/index.php?rest_route=%2Fwp%2Fv2%2Fmedia&parent=3738"}],"wp:term":[{"taxonomy":"product_brand","embeddable":true,"href":"https:\/\/tiere-opr.de\/index.php?rest_route=%2Fwp%2Fv2%2Fproduct_brand&post=3738"},{"taxonomy":"product_cat","embeddable":true,"href":"https:\/\/tiere-opr.de\/index.php?rest_route=%2Fwp%2Fv2%2Fproduct_cat&post=3738"},{"taxonomy":"product_tag","embeddable":true,"href":"https:\/\/tiere-opr.de\/index.php?rest_route=%2Fwp%2Fv2%2Fproduct_tag&post=3738"}],"curies":[{"name":"wp","href":"https:\/\/api.w.org\/{rel}","templated":true}]}}