{"id":3752,"date":"2026-02-28T21:23:26","date_gmt":"2026-02-28T20:23:26","guid":{"rendered":"https:\/\/tiere-opr.de\/?post_type=product&#038;p=3752"},"modified":"2026-02-28T21:25:57","modified_gmt":"2026-02-28T20:25:57","slug":"garnele","status":"publish","type":"product","link":"https:\/\/tiere-opr.de\/?product=garnele","title":{"rendered":"Garnele"},"content":{"rendered":"<p data-start=\"0\" data-end=\"31\">Hallo, ich bin <strong data-start=\"15\" data-end=\"26\">Garnele<\/strong> \ud83d\udc3e<\/p>\n<p data-start=\"33\" data-end=\"213\">Ich bin im August 2024 geboren und wurde zusammen mit meinen Geschwistern vom Verein aufgenommen. Seitdem lerne ich Schritt f\u00fcr Schritt, dass Menschen gar nicht so gruselig sind.<\/p>\n<p data-start=\"215\" data-end=\"661\">Ich bin neugierig und beobachte ganz genau, was um mich herum passiert. Noch habe ich manchmal Angst \u2013 besonders wenn sich jemand schnell bewegt oder etwas ungewohnt ist. Aber von meinen Geschwistern bin ich die Mutigste! Wenn es Futter gibt, bleibe ich meistens sitzen und springe nur selten weg. \u00dcber meinen R\u00fccken darf man mich sogar schon streicheln. Das f\u00fchlt sich eigentlich ganz gut an \u2026 ich muss nur noch lernen, es richtig zu genie\u00dfen.<\/p>\n<p data-start=\"663\" data-end=\"898\">Um mein Herz ganz zu erobern, braucht es Zeit, Geduld und liebevolle Menschen, die mir Sicherheit geben. Wenn du mir diese Chance gibst, werde ich bestimmt immer mutiger und zeige dir, was f\u00fcr eine tolle junge Katze in mir steckt. \ud83d\udc9b<\/p>\n<p data-start=\"900\" data-end=\"1214\">Ich bin kastriert, gechipt und bei meinem Auszug selbstverst\u00e4ndlich geimpft und entwurmt. Mit anderen Katzen verstehe ich mich gut. Am sch\u00f6nsten w\u00e4re es, wenn ich eines meiner Geschwister mitbringen d\u00fcrfte \u2013 oder zu einer bereits vorhandenen jungen Katze ziehen k\u00f6nnte. Gemeinsam f\u00fchlt man sich einfach sicherer.<\/p>\n<p data-start=\"1216\" data-end=\"1381\" data-is-last-node=\"\" data-is-only-node=\"\">Wenn du mir ein Zuhause schenken m\u00f6chtest, melde dich gern unter <strong data-start=\"1281\" data-end=\"1301\">Tel: 01773007775<\/strong>.<br data-start=\"1302\" data-end=\"1305\">Vielleicht darf ich ja bald bei dir ankommen und weiter Vertrauen lernen. \ud83d\udc31<\/p>\n","protected":false},"excerpt":{"rendered":"<p>Hallo, ich bin Garnele \ud83d\udc3e Ich bin im August 2024 geboren und wurde zusammen mit meinen Geschwistern vom Verein aufgenommen. Seitdem lerne ich Schritt f\u00fcr Schritt, dass Menschen gar nicht so gruselig sind. Ich bin neugierig und beobachte ganz genau, was um mich herum passiert. Noch habe ich manchmal Angst \u2013 besonders wenn sich jemand [&hellip;]<\/p>\n","protected":false},"featured_media":3755,"template":"","meta":{"ngg_post_thumbnail":0,"_joinchat":{"telephone":"+491725215751"}},"product_brand":[],"product_cat":[58,49,48],"product_tag":[],"class_list":{"0":"post-3752","1":"product","2":"type-product","3":"status-publish","4":"has-post-thumbnail","6":"product_cat-adult-1-9-jahre","7":"product_cat-katzen","8":"product_cat-tiervermittlung","10":"first","11":"instock","12":"taxable","13":"shipping-taxable","14":"product-type-simple"},"_links":{"self":[{"href":"https:\/\/tiere-opr.de\/index.php?rest_route=\/wp\/v2\/product\/3752","targetHints":{"allow":["GET"]}}],"collection":[{"href":"https:\/\/tiere-opr.de\/index.php?rest_route=\/wp\/v2\/product"}],"about":[{"href":"https:\/\/tiere-opr.de\/index.php?rest_route=\/wp\/v2\/types\/product"}],"wp:featuredmedia":[{"embeddable":true,"href":"https:\/\/tiere-opr.de\/index.php?rest_route=\/wp\/v2\/media\/3755"}],"wp:attachment":[{"href":"https:\/\/tiere-opr.de\/index.php?rest_route=%2Fwp%2Fv2%2Fmedia&parent=3752"}],"wp:term":[{"taxonomy":"product_brand","embeddable":true,"href":"https:\/\/tiere-opr.de\/index.php?rest_route=%2Fwp%2Fv2%2Fproduct_brand&post=3752"},{"taxonomy":"product_cat","embeddable":true,"href":"https:\/\/tiere-opr.de\/index.php?rest_route=%2Fwp%2Fv2%2Fproduct_cat&post=3752"},{"taxonomy":"product_tag","embeddable":true,"href":"https:\/\/tiere-opr.de\/index.php?rest_route=%2Fwp%2Fv2%2Fproduct_tag&post=3752"}],"curies":[{"name":"wp","href":"https:\/\/api.w.org\/{rel}","templated":true}]}}