{"id":3756,"date":"2026-02-28T21:30:47","date_gmt":"2026-02-28T20:30:47","guid":{"rendered":"https:\/\/tiere-opr.de\/?post_type=product&#038;p=3756"},"modified":"2026-02-28T21:34:57","modified_gmt":"2026-02-28T20:34:57","slug":"milka-und-paule","status":"publish","type":"product","link":"https:\/\/tiere-opr.de\/?product=milka-und-paule","title":{"rendered":"Milka und Paule"},"content":{"rendered":"<p data-start=\"0\" data-end=\"60\">Wir sind <strong data-start=\"9\" data-end=\"18\">Milka<\/strong> und <strong data-start=\"23\" data-end=\"32\">Paule<\/strong> \u2013 geboren im Mai 2025. \ud83d\udc3e<\/p>\n<p data-start=\"62\" data-end=\"203\">Wir sind keine Draufg\u00e4nger.<br data-start=\"89\" data-end=\"92\">Wir sind die Leisen. Die Vorsichtigen. Die, die erst einmal beobachten, bevor sie den n\u00e4chsten Schritt wagen.<\/p>\n<p data-start=\"205\" data-end=\"451\">Ich, <strong data-start=\"210\" data-end=\"219\">Milka<\/strong>, bin noch sehr, sehr scheu. Ich halte lieber etwas Abstand und schaue mir alles genau an. Ich brauche Menschen, die nichts von mir erwarten \u2013 au\u00dfer kleinen, ehrlichen Fortschritten. Menschen, die verstehen, dass Mut wachsen muss.<\/p>\n<p data-start=\"453\" data-end=\"711\">Und ich bin <strong data-start=\"465\" data-end=\"474\">Paule<\/strong> \u2013 so etwas wie der kleine Mutmacher von uns beiden. Ich bin neugierig und traue mich schon ein St\u00fcck n\u00e4her heran. Schritt f\u00fcr Schritt taste ich mich vor und versuche, Milka zu zeigen, dass N\u00e4he vielleicht doch etwas Sch\u00f6nes sein kann.<\/p>\n<p data-start=\"713\" data-end=\"863\">Wir geh\u00f6ren zusammen. Wir geben uns Sicherheit, wir schlafen nebeneinander ein und wir m\u00f6chten unbedingt gemeinsam in unser neues Zuhause ziehen. \ud83d\udc9b<\/p>\n<p data-start=\"865\" data-end=\"1061\">Was wir uns w\u00fcnschen?<br data-start=\"886\" data-end=\"889\">Besondere Menschen.<br data-start=\"908\" data-end=\"911\">Menschen mit Geduld und Ruhe.<br data-start=\"940\" data-end=\"943\">Mit einem Herz f\u00fcr sch\u00fcchterne Katzen.<br data-start=\"981\" data-end=\"984\">Menschen, die wissen: Vertrauen ist kein Knopfdruck \u2013 sondern ein Geschenk.<\/p>\n<p data-start=\"1063\" data-end=\"1250\">\u2714 Wir sind kastriert und gechipt.<br data-start=\"1096\" data-end=\"1099\">\u2714 Paule ist bereits geimpft.<br data-start=\"1127\" data-end=\"1130\">\u2714 Wir ziehen nur gemeinsam aus.<br data-start=\"1161\" data-end=\"1164\">\u2714 Nach einer liebevollen Eingew\u00f6hnung w\u00fcnschen wir uns Freigang in ruhiger Umgebung.<\/p>\n<p data-start=\"1252\" data-end=\"1400\">Wer uns Zeit schenkt, wird eines Tages diesen ganz besonderen Moment erleben:<br data-start=\"1329\" data-end=\"1332\">Wenn eine vorsichtige Katze sich entscheidet \u2013 <em data-start=\"1379\" data-end=\"1398\">Dir vertraue ich.<\/em><\/p>\n<p data-start=\"1402\" data-end=\"1545\" data-is-last-node=\"\" data-is-only-node=\"\">Wenn ihr uns dieses F\u00fcr-immer-Zuhause geben m\u00f6chtet, meldet euch gern mit ein paar Infos zu eurem Zuhause unter:<br data-start=\"1514\" data-end=\"1517\"><strong data-start=\"1517\" data-end=\"1542\">Kontakt: 0173 9626036<\/strong> \ud83d\udc31<\/p>\n","protected":false},"excerpt":{"rendered":"<p>Wir sind Milka und Paule \u2013 geboren im Mai 2025. \ud83d\udc3e Wir sind keine Draufg\u00e4nger.Wir sind die Leisen. Die Vorsichtigen. Die, die erst einmal beobachten, bevor sie den n\u00e4chsten Schritt wagen. Ich, Milka, bin noch sehr, sehr scheu. Ich halte lieber etwas Abstand und schaue mir alles genau an. Ich brauche Menschen, die nichts von [&hellip;]<\/p>\n","protected":false},"featured_media":3761,"template":"","meta":{"ngg_post_thumbnail":0,"_joinchat":{"telephone":"+491725215751"}},"product_brand":[],"product_cat":[49,57,48],"product_tag":[],"class_list":{"0":"post-3756","1":"product","2":"type-product","3":"status-publish","4":"has-post-thumbnail","6":"product_cat-katzen","7":"product_cat-kitten-bis1-jahr","8":"product_cat-tiervermittlung","10":"first","11":"instock","12":"taxable","13":"shipping-taxable","14":"product-type-simple"},"_links":{"self":[{"href":"https:\/\/tiere-opr.de\/index.php?rest_route=\/wp\/v2\/product\/3756","targetHints":{"allow":["GET"]}}],"collection":[{"href":"https:\/\/tiere-opr.de\/index.php?rest_route=\/wp\/v2\/product"}],"about":[{"href":"https:\/\/tiere-opr.de\/index.php?rest_route=\/wp\/v2\/types\/product"}],"wp:featuredmedia":[{"embeddable":true,"href":"https:\/\/tiere-opr.de\/index.php?rest_route=\/wp\/v2\/media\/3761"}],"wp:attachment":[{"href":"https:\/\/tiere-opr.de\/index.php?rest_route=%2Fwp%2Fv2%2Fmedia&parent=3756"}],"wp:term":[{"taxonomy":"product_brand","embeddable":true,"href":"https:\/\/tiere-opr.de\/index.php?rest_route=%2Fwp%2Fv2%2Fproduct_brand&post=3756"},{"taxonomy":"product_cat","embeddable":true,"href":"https:\/\/tiere-opr.de\/index.php?rest_route=%2Fwp%2Fv2%2Fproduct_cat&post=3756"},{"taxonomy":"product_tag","embeddable":true,"href":"https:\/\/tiere-opr.de\/index.php?rest_route=%2Fwp%2Fv2%2Fproduct_tag&post=3756"}],"curies":[{"name":"wp","href":"https:\/\/api.w.org\/{rel}","templated":true}]}}