{"id":3801,"date":"2026-03-01T00:37:56","date_gmt":"2026-02-28T23:37:56","guid":{"rendered":"https:\/\/tiere-opr.de\/?post_type=product&#038;p=3801"},"modified":"2026-03-01T00:41:36","modified_gmt":"2026-02-28T23:41:36","slug":"zoja-2","status":"publish","type":"product","link":"https:\/\/tiere-opr.de\/?product=zoja-2","title":{"rendered":"Zoja"},"content":{"rendered":"<p data-start=\"0\" data-end=\"170\">Ich bin <strong data-start=\"8\" data-end=\"16\">Zoja<\/strong> \u2013 ungef\u00e4hr zwischen 5 und 10 Jahre alt. \ud83d\udc3e<br data-start=\"59\" data-end=\"62\">Mein genaues Alter kennt niemand so richtig. Mein fr\u00fcheres Leben war das einer Streunerin \u2013 und es war hart.<\/p>\n<p data-start=\"172\" data-end=\"361\">Als ich im tiefsten Winter aufgenommen wurde, wog ich nicht einmal mehr 2 kg. Ich war schwach, ausgezehrt und m\u00fcde vom K\u00e4mpfen. Es hat lange gedauert, bis mein K\u00f6rper sich erholen konnte.<\/p>\n<p data-start=\"363\" data-end=\"711\">Bei den Untersuchungen zeigte mein Blutbild, dass ich Corona-positiv bin. Das bedeutet, dass theoretisch einmal FIP ausbrechen k\u00f6nnte. Deshalb werde ich momentan noch alleine gehalten. Doch ich zeige immer deutlicher, dass ich mich nach einem Katzenpartner oder einer Katzenpartnerin sehne. Ganz allein sein \u2013 das w\u00fcnsche ich mir auf Dauer nicht.<\/p>\n<p data-start=\"713\" data-end=\"818\">Inzwischen bin ich kastriert, gechipt und meine Z\u00e4hne wurden saniert. K\u00f6rperlich geht es mir heute gut.<\/p>\n<p data-start=\"820\" data-end=\"1054\">Ich bin eine wundersch\u00f6ne Katze geworden \u2013 nur Menschen gegen\u00fcber bin ich noch vorsichtig bis \u00e4ngstlich. Vertrauen f\u00e4llt mir nicht leicht. Aber meiner Pflegemama gegen\u00fcber werde ich immer zugewandter. Ich lerne. Schritt f\u00fcr Schritt.<\/p>\n<p data-start=\"1056\" data-end=\"1248\">Ich w\u00fcnsche mir ein ruhiges Zuhause in Wohnungshaltung, mit gesichertem Balkon oder Freigehege. Menschen mit Geduld. Mit leiser Stimme. Mit einem gro\u00dfen Herzen f\u00fcr Katzen, die Zeit brauchen.<\/p>\n<p data-start=\"1250\" data-end=\"1326\">Jemanden, der mir zeigt, wie sch\u00f6n das Leben mit Zweibeinern sein kann. \ud83d\udc9b<\/p>\n<p data-start=\"1328\" data-end=\"1432\">Wenn du mir diese Chance geben m\u00f6chtest, melde dich gern unter:<br data-start=\"1391\" data-end=\"1394\">\ud83d\udcde +49 172 5215751<br data-start=\"1412\" data-end=\"1415\">\ud83d\udcde 0173 9626036<\/p>\n<p data-start=\"1434\" data-end=\"1471\" data-is-last-node=\"\" data-is-only-node=\"\">Vielleicht darf ich endlich ankommen.<\/p>\n","protected":false},"excerpt":{"rendered":"<p>Ich bin Zoja \u2013 ungef\u00e4hr zwischen 5 und 10 Jahre alt. \ud83d\udc3eMein genaues Alter kennt niemand so richtig. Mein fr\u00fcheres Leben war das einer Streunerin \u2013 und es war hart. Als ich im tiefsten Winter aufgenommen wurde, wog ich nicht einmal mehr 2 kg. Ich war schwach, ausgezehrt und m\u00fcde vom K\u00e4mpfen. Es hat lange [&hellip;]<\/p>\n","protected":false},"featured_media":3806,"template":"","meta":{"ngg_post_thumbnail":0,"_joinchat":{"telephone":"+491725215751"}},"product_brand":[],"product_cat":[58,49,48],"product_tag":[],"class_list":{"0":"post-3801","1":"product","2":"type-product","3":"status-publish","4":"has-post-thumbnail","6":"product_cat-adult-1-9-jahre","7":"product_cat-katzen","8":"product_cat-tiervermittlung","10":"first","11":"instock","12":"taxable","13":"shipping-taxable","14":"product-type-simple"},"_links":{"self":[{"href":"https:\/\/tiere-opr.de\/index.php?rest_route=\/wp\/v2\/product\/3801","targetHints":{"allow":["GET"]}}],"collection":[{"href":"https:\/\/tiere-opr.de\/index.php?rest_route=\/wp\/v2\/product"}],"about":[{"href":"https:\/\/tiere-opr.de\/index.php?rest_route=\/wp\/v2\/types\/product"}],"wp:featuredmedia":[{"embeddable":true,"href":"https:\/\/tiere-opr.de\/index.php?rest_route=\/wp\/v2\/media\/3806"}],"wp:attachment":[{"href":"https:\/\/tiere-opr.de\/index.php?rest_route=%2Fwp%2Fv2%2Fmedia&parent=3801"}],"wp:term":[{"taxonomy":"product_brand","embeddable":true,"href":"https:\/\/tiere-opr.de\/index.php?rest_route=%2Fwp%2Fv2%2Fproduct_brand&post=3801"},{"taxonomy":"product_cat","embeddable":true,"href":"https:\/\/tiere-opr.de\/index.php?rest_route=%2Fwp%2Fv2%2Fproduct_cat&post=3801"},{"taxonomy":"product_tag","embeddable":true,"href":"https:\/\/tiere-opr.de\/index.php?rest_route=%2Fwp%2Fv2%2Fproduct_tag&post=3801"}],"curies":[{"name":"wp","href":"https:\/\/api.w.org\/{rel}","templated":true}]}}