{"id":4006,"date":"2026-03-15T08:58:13","date_gmt":"2026-03-15T07:58:13","guid":{"rendered":"https:\/\/tiere-opr.de\/?post_type=product&#038;p=4006"},"modified":"2026-03-15T09:02:35","modified_gmt":"2026-03-15T08:02:35","slug":"goldfisch-und-lachs","status":"publish","type":"product","link":"https:\/\/tiere-opr.de\/?product=goldfisch-und-lachs","title":{"rendered":"Goldfisch und Lachs"},"content":{"rendered":"<div class=\"xdj266r x14z9mp xat24cr x1lziwak x1vvkbs x126k92a\">\n<div dir=\"auto\">&nbsp; &nbsp; Zwei junge Kater suchen ihre zweite Chance.<\/p>\n<p>Die beiden Br\u00fcder sind im Mai 2025 geboren und waren f\u00fcr ca. einen Monat vermittelt. Doch leider hat das nicht gepasst also machen sich die Zwei erneut auf die Suche.<\/p>\n<p>Sie sind geimpft, kastriert, gechipt und entwurmt. Sie sind zahm, wobei Lachs (der Schmalere) ein bisschen Zeit braucht um Vertrauen zu fassen. Er ist auch der Ruhigere von beiden. Beide hatten schlimmen Katzenschnupfen als sie in unsere Pflegestelle kamen, der leider vor allem bei Lachs chronisch geworden ist.<\/p>\n<p>Goldfisch von uns damals als Goldst\u00fcck beschrieben und daher so benannt hat sich im neuen zu Hause als kleiner Rabauke entpuppt. Er war bereits bei uns in der Pflegestelle immer vorne mit dabei und eher draufg\u00e4ngerisch. Im neuen zu Hause war nichts vor ihm sicher. Er ist zum Einen sehr tollpatschig und das in Kombination mit seinem draufg\u00e4ngerischen Charakter hat so einige Dekoartikel, Vasen und Blument\u00f6pfe herunterfallen lassen. Au\u00dferdem hat er auch versucht an den W\u00e4nden hochzuklettern und diese dabei teils angekratzt.<br \/>\nGoldfisch ist leider taub. Wenn er tief und fest schl\u00e4ft, bringt ihn nichts aus der Ruhe, aber wenn er wach ist, dann ist Action angesagt und das vor allem abends und auch nachts, wenn die Besitzerin anwesend war. Generell war er immer gerne \u00fcberall dabei und ist der Besitzerin in der Wohnung gefolgt, um blo\u00df nichts zu verpassen. Er reagiert stark auf optische Reize und nimmt diese vermutlich sch\u00e4rfer war. Hier bei uns genie\u00dft Goldfisch den Blick aus der Glast\u00fcr in den Garten. Er maunzt auch lauter als andere Katzen, weil er sich selbst nicht h\u00f6rt.<\/p>\n<p>Miteinander sind die Zwei sehr s\u00fc\u00df im Umgang. Sie spielen miteinander, teils liegen sie zusammen oder putzen sich. Also sollen die Zwei auf jeden Fall zusammen bleiben.<\/p>\n<p>Die Beiden waren in Wohnungshaltung vermittelt. Goldfisch w\u00e4re sicher ein Kandidat der Freigang gut gebrauchen k\u00f6nnte, was aufgrund seiner Taubheit aber zu gef\u00e4hrlich ist.<\/p>\n<p>Perfekt w\u00e4re ein gesicherter Garten, absolut Pflicht w\u00e4re ein gesicherter Balkon, Terassent\u00fcr oder \u00e4hnliches mit Blick in den Garten. Evtl. w\u00e4re er ein guter Kandidat um ihn an Geschirr und Leine zu gew\u00f6hnen, um mit ihm spazieren zu gehen.<\/p>\n<p>Die Wohnung sollte viel Platz zum Klettern und Toben bieten und m\u00f6glichst wenig Deko beinhalten. Gro\u00dfe Kratzb\u00e4ume und eine Kletterwand und viel Besch\u00e4ftigung. Wir haben den Eindruck, dass wenn er gen\u00fcgend Besch\u00e4ftigung und Anreiz bekommt trotzdem auch gut in der Wohnung zu halten ist.<\/p>\n<p>Bist du die Nadel im Heuhaufen? Dann melde dich bei uns, um die Zwei kennenzulernen!<\/p>\n<p>Tel: 01773007775<\/p><\/div>\n<\/div>\n","protected":false},"excerpt":{"rendered":"<p>&nbsp; &nbsp; Zwei junge Kater suchen ihre zweite Chance. Die beiden Br\u00fcder sind im Mai 2025 geboren und waren f\u00fcr ca. einen Monat vermittelt. Doch leider hat das nicht gepasst also machen sich die Zwei erneut auf die Suche. Sie sind geimpft, kastriert, gechipt und entwurmt. Sie sind zahm, wobei Lachs (der Schmalere) ein bisschen [&hellip;]<\/p>\n","protected":false},"featured_media":3781,"template":"","meta":{"ngg_post_thumbnail":0,"_joinchat":{"telephone":"+491725215751"}},"product_brand":[],"product_cat":[49,57,48],"product_tag":[],"class_list":{"0":"post-4006","1":"product","2":"type-product","3":"status-publish","4":"has-post-thumbnail","6":"product_cat-katzen","7":"product_cat-kitten-bis1-jahr","8":"product_cat-tiervermittlung","10":"first","11":"instock","12":"taxable","13":"shipping-taxable","14":"product-type-simple"},"_links":{"self":[{"href":"https:\/\/tiere-opr.de\/index.php?rest_route=\/wp\/v2\/product\/4006","targetHints":{"allow":["GET"]}}],"collection":[{"href":"https:\/\/tiere-opr.de\/index.php?rest_route=\/wp\/v2\/product"}],"about":[{"href":"https:\/\/tiere-opr.de\/index.php?rest_route=\/wp\/v2\/types\/product"}],"wp:featuredmedia":[{"embeddable":true,"href":"https:\/\/tiere-opr.de\/index.php?rest_route=\/wp\/v2\/media\/3781"}],"wp:attachment":[{"href":"https:\/\/tiere-opr.de\/index.php?rest_route=%2Fwp%2Fv2%2Fmedia&parent=4006"}],"wp:term":[{"taxonomy":"product_brand","embeddable":true,"href":"https:\/\/tiere-opr.de\/index.php?rest_route=%2Fwp%2Fv2%2Fproduct_brand&post=4006"},{"taxonomy":"product_cat","embeddable":true,"href":"https:\/\/tiere-opr.de\/index.php?rest_route=%2Fwp%2Fv2%2Fproduct_cat&post=4006"},{"taxonomy":"product_tag","embeddable":true,"href":"https:\/\/tiere-opr.de\/index.php?rest_route=%2Fwp%2Fv2%2Fproduct_tag&post=4006"}],"curies":[{"name":"wp","href":"https:\/\/api.w.org\/{rel}","templated":true}]}}