{"id":4007,"date":"2026-03-15T09:09:17","date_gmt":"2026-03-15T08:09:17","guid":{"rendered":"https:\/\/tiere-opr.de\/?post_type=product&#038;p=4007"},"modified":"2026-03-15T09:10:47","modified_gmt":"2026-03-15T08:10:47","slug":"fritzi","status":"publish","type":"product","link":"https:\/\/tiere-opr.de\/?product=fritzi","title":{"rendered":"Fritzi"},"content":{"rendered":"<p>\ud83d\udc39 Hall\u00f6chen, ich bin Fritzi \u2013 das kleine Wunder auf vier Pf\u00f6tchen! \u2728<\/p>\n<p>Ich suche mein endg\u00fcltiges \u201eF\u00fcr-immer-Heu-Paradies\u201c!<br \/>\nVielleicht hast du meine Geschichte schon ein bisschen verfolgt. Man nennt mich hier einen kleinen K\u00e4mpfer, denn mein Start ins Leben war alles andere als leicht: Ich war eigentlich als Schlangenfutter gebucht. Zwei Tage sa\u00df ich im Terrarium und habe der Gefahr ins Auge geblickt \u2013 aber ich wurde einfach nicht gefressen! Vielleicht war ich der Schlange zu haarig oder ich habe sie einfach totgequatscht. Jedenfalls bin ich ein echtes Wunder auf vier Pf\u00f6tchen.<\/p>\n<p>Das bin ich und so werde ich sein:<br \/>\n* Mein Mut-Weg: Anfangs war ich eher eine \u201evorsichtige Zimmerpflanze\u201c. Doch ich mache Riesenschritte: Ich verkrieche mich nicht mehr den ganzen Tag und zeige mich immer \u00f6fter. Meine Pflegemama glaubt fest daran: Wenn ich meine Angst erst einmal komplett besiegt habe, werde ich eine ganz sch\u00f6n quirlige und neugierige Mitbewohnerin sein! \ud83d\ude05<\/p>\n<p>* Kein Kuscheltier: Ich bin ein Beobachtungstier. Das bedeutet, ich m\u00f6chte nicht herumgetragen oder gekuschelt werden. Ich liebe es aber, wenn du mir beim Wuseln und Entdecken zuschaust!\ud83d\udc40<\/p>\n<p>* Meine Stimme: Vor Kurzem habe ich das erste Mal \u201egesprochen\u201c. Es war ein zarter Hauch von Mut, der direkt ins Herz ging. Meine Stimme wird jeden Tag kr\u00e4ftiger, weil ich merke, dass man mir hier zuh\u00f6rt.\ud83d\udc42\ud83c\udffc<\/p>\n<p>* Meine Leidenschaften: Neugierig gucken und alles untersuchen, sobald die Luft rein ist. In meinem K\u00f6fferchen bringe ich \u00fcbrigens eine ganz pers\u00f6nliche Lieblingsfutterliste mit, damit du genau wei\u00dft, womit du mir eine Freude machen kannst! \ud83e\udd6c\ud83c\udf4e<\/p>\n<p>Das w\u00fcnsche ich mir von dir:<br \/>\n* Ein kinderfreier Haushalt: Da ich bei schnellen Bewegungen noch sehr schreckhaft reagiere, w\u00fcnsche ich mir ein Zuhause ohne Kinder. Ich brauche die Ruhe, um mich sicher zu f\u00fchlen.<\/p>\n<p>* Sicherheit &amp; Geduld: Ein ruhiger Hafen, in dem ich in meinem Tempo ankommen darf.<\/p>\n<p>* Artgenossen: Ich brauche unbedingt Meerschweinchen-Freunde an meiner Seite, an denen ich mich orientieren kann.<\/p>\n<p>Bist du mein Herzensmensch?<br \/>\nIch bin bereit f\u00fcr mein neues Leben! Wenn du einem kleinen K\u00e4mpfer mit gro\u00dfer Zukunft ein ruhiges Zuhause schenken m\u00f6chtest, melde dich bitte bei meiner Pflegestelle. \ud83c\udfe0\ud83d\udc9c<br \/>\n#Pflegekind #FritziDerHeld #Tierschutz #Wuselmagie #SchweinGehabt #K\u00e4mpferherz #Ganzjahreselfe #Neuanfang #Beobachtungstier<br \/>\n\ud83c\udf40\ud83d\udc39\u2728<\/p>\n<p>Kontakt: 0176\/30133194<\/p>\n","protected":false},"excerpt":{"rendered":"<p>\ud83d\udc39 Hall\u00f6chen, ich bin Fritzi \u2013 das kleine Wunder auf vier Pf\u00f6tchen! \u2728 Ich suche mein endg\u00fcltiges \u201eF\u00fcr-immer-Heu-Paradies\u201c! Vielleicht hast du meine Geschichte schon ein bisschen verfolgt. Man nennt mich hier einen kleinen K\u00e4mpfer, denn mein Start ins Leben war alles andere als leicht: Ich war eigentlich als Schlangenfutter gebucht. Zwei Tage sa\u00df ich im [&hellip;]<\/p>\n","protected":false},"featured_media":4009,"template":"","meta":{"ngg_post_thumbnail":0,"_joinchat":[]},"product_brand":[],"product_cat":[48,51],"product_tag":[],"class_list":{"0":"post-4007","1":"product","2":"type-product","3":"status-publish","4":"has-post-thumbnail","6":"product_cat-tiervermittlung","7":"product_cat-kleintiere","9":"first","10":"instock","11":"taxable","12":"shipping-taxable","13":"product-type-simple"},"_links":{"self":[{"href":"https:\/\/tiere-opr.de\/index.php?rest_route=\/wp\/v2\/product\/4007","targetHints":{"allow":["GET"]}}],"collection":[{"href":"https:\/\/tiere-opr.de\/index.php?rest_route=\/wp\/v2\/product"}],"about":[{"href":"https:\/\/tiere-opr.de\/index.php?rest_route=\/wp\/v2\/types\/product"}],"wp:featuredmedia":[{"embeddable":true,"href":"https:\/\/tiere-opr.de\/index.php?rest_route=\/wp\/v2\/media\/4009"}],"wp:attachment":[{"href":"https:\/\/tiere-opr.de\/index.php?rest_route=%2Fwp%2Fv2%2Fmedia&parent=4007"}],"wp:term":[{"taxonomy":"product_brand","embeddable":true,"href":"https:\/\/tiere-opr.de\/index.php?rest_route=%2Fwp%2Fv2%2Fproduct_brand&post=4007"},{"taxonomy":"product_cat","embeddable":true,"href":"https:\/\/tiere-opr.de\/index.php?rest_route=%2Fwp%2Fv2%2Fproduct_cat&post=4007"},{"taxonomy":"product_tag","embeddable":true,"href":"https:\/\/tiere-opr.de\/index.php?rest_route=%2Fwp%2Fv2%2Fproduct_tag&post=4007"}],"curies":[{"name":"wp","href":"https:\/\/api.w.org\/{rel}","templated":true}]}}