{"id":4022,"date":"2026-03-21T22:53:06","date_gmt":"2026-03-21T21:53:06","guid":{"rendered":"https:\/\/tiere-opr.de\/?post_type=product&#038;p=4022"},"modified":"2026-03-21T22:53:06","modified_gmt":"2026-03-21T21:53:06","slug":"leo-und-linus","status":"publish","type":"product","link":"https:\/\/tiere-opr.de\/?product=leo-und-linus","title":{"rendered":"Leo und Linus"},"content":{"rendered":"<p class=\"isSelectedEnd\">Hallo, wir sind Leo und Linus \ud83d\udc3e<\/p>\n<p class=\"isSelectedEnd\">Wir sind zwei junge Katerbr\u00fcder im besten Teenageralter (geboren im Mai 2025) \u2013 voller Energie, Neugier und jeder von uns mit seiner ganz eigenen Pers\u00f6nlichkeit.<\/p>\n<p class=\"isSelectedEnd\">Ich bin Linus \u2013 der mit dem schwarz gl\u00e4nzenden Fell. Ich bin ein aufgeweckter, verspielter Kater und habe meinen eigenen Kopf. Neue Dinge schaue ich mir erstmal ganz genau an, bevor ich entscheide, was ich davon halte. Ein bisschen skeptisch vielleicht \u2013 aber einfach, weil ich wei\u00df, was ich will.<\/p>\n<p class=\"isSelectedEnd\">Und ich bin Leo \u2013 mit der roten Tigerzeichnung. Ich bin eher der ruhigere und vorsichtigere von uns beiden. Manchmal bin ich noch ein bisschen sch\u00fcchtern und brauche Zeit, um mich sicher zu f\u00fchlen. Aber ich habe meine ganz eigene Art, mich mitzuteilen: Wenn jemand kommt, drehe ich erstmal ein paar Runden im Laufrad, setze mich dann hinein \u2013 und erst dann darfst du n\u00e4herkommen. Meine Regeln eben \ud83d\ude09<\/p>\n<p class=\"isSelectedEnd\">Auch wenn wir unterschiedlich sind, geh\u00f6ren wir zusammen und verstehen uns richtig gut. Deshalb m\u00f6chten wir unbedingt gemeinsam in unser neues Zuhause ziehen.<\/p>\n<p class=\"isSelectedEnd\">Wir w\u00fcnschen uns ein liebevolles Zuhause mit Freigang in l\u00e4ndlicher Umgebung \u2013 bei Menschen, die entweder schon Katzenerfahrung haben oder uns mit viel Geduld und Verst\u00e4ndnis begegnen. Wir brauchen vielleicht ein bisschen Zeit zum Ankommen, aber es lohnt sich, uns kennenzulernen.<\/p>\n<p class=\"isSelectedEnd\">Wir sind nat\u00fcrlich kastriert, gechipt und geimpft.<\/p>\n<p class=\"isSelectedEnd\">Wenn du uns ein Zuhause schenken m\u00f6chtest, freuen wir uns sehr \u00fcber deine Nachricht mit ein paar Infos \u00fcber dich.<\/p>\n<p class=\"isSelectedEnd\">Vielleicht bis bald?<\/p>\n<p>Deine Leo &amp; Linus \ud83d\udc31\ud83d\udc31<\/p>\n","protected":false},"excerpt":{"rendered":"<p>Hallo, wir sind Leo und Linus \ud83d\udc3e Wir sind zwei junge Katerbr\u00fcder im besten Teenageralter (geboren im Mai 2025) \u2013 voller Energie, Neugier und jeder von uns mit seiner ganz eigenen Pers\u00f6nlichkeit. Ich bin Linus \u2013 der mit dem schwarz gl\u00e4nzenden Fell. Ich bin ein aufgeweckter, verspielter Kater und habe meinen eigenen Kopf. Neue Dinge [&hellip;]<\/p>\n","protected":false},"featured_media":4025,"template":"","meta":{"ngg_post_thumbnail":0,"_joinchat":[]},"product_brand":[],"product_cat":[57],"product_tag":[],"class_list":{"0":"post-4022","1":"product","2":"type-product","3":"status-publish","4":"has-post-thumbnail","6":"product_cat-kitten-bis1-jahr","8":"first","9":"instock","10":"taxable","11":"shipping-taxable","12":"product-type-simple"},"_links":{"self":[{"href":"https:\/\/tiere-opr.de\/index.php?rest_route=\/wp\/v2\/product\/4022","targetHints":{"allow":["GET"]}}],"collection":[{"href":"https:\/\/tiere-opr.de\/index.php?rest_route=\/wp\/v2\/product"}],"about":[{"href":"https:\/\/tiere-opr.de\/index.php?rest_route=\/wp\/v2\/types\/product"}],"wp:featuredmedia":[{"embeddable":true,"href":"https:\/\/tiere-opr.de\/index.php?rest_route=\/wp\/v2\/media\/4025"}],"wp:attachment":[{"href":"https:\/\/tiere-opr.de\/index.php?rest_route=%2Fwp%2Fv2%2Fmedia&parent=4022"}],"wp:term":[{"taxonomy":"product_brand","embeddable":true,"href":"https:\/\/tiere-opr.de\/index.php?rest_route=%2Fwp%2Fv2%2Fproduct_brand&post=4022"},{"taxonomy":"product_cat","embeddable":true,"href":"https:\/\/tiere-opr.de\/index.php?rest_route=%2Fwp%2Fv2%2Fproduct_cat&post=4022"},{"taxonomy":"product_tag","embeddable":true,"href":"https:\/\/tiere-opr.de\/index.php?rest_route=%2Fwp%2Fv2%2Fproduct_tag&post=4022"}],"curies":[{"name":"wp","href":"https:\/\/api.w.org\/{rel}","templated":true}]}}