{"id":4062,"date":"2026-03-22T10:58:06","date_gmt":"2026-03-22T09:58:06","guid":{"rendered":"https:\/\/tiere-opr.de\/?post_type=product&#038;p=4062"},"modified":"2026-04-06T21:53:46","modified_gmt":"2026-04-06T19:53:46","slug":"tilda-frieda-gertrud","status":"publish","type":"product","link":"https:\/\/tiere-opr.de\/?product=tilda-frieda-gertrud","title":{"rendered":"Tilda, Frieda &#038; Gertrud"},"content":{"rendered":"<p data-start=\"104\" data-end=\"172\"><strong data-start=\"104\" data-end=\"172\">Wir sind Tilda, Frieda &amp; Gertrud \u2013 und wir suchen unser Gl\u00fcck \ud83d\udc3e<\/strong><\/p>\n<p data-start=\"174\" data-end=\"434\">Hallo ihr lieben Menschen,<br data-start=\"200\" data-end=\"203\">wir drei Katzenm\u00e4dchen sind Mitte Oktober 2025 geboren und nun gro\u00df genug, um unser eigenes Zuhause zu finden. Am allerliebsten w\u00fcrden wir zu zweit ausziehen \u2013 oder vielleicht sogar gemeinsam zu dritt? Das w\u00e4re unser gr\u00f6\u00dftes Gl\u00fcck.<\/p>\n<p data-start=\"436\" data-end=\"637\">Ich bin <strong data-start=\"444\" data-end=\"453\">Tilda<\/strong> \u2013 ich taste mich langsam vor und entdecke, dass Streicheleinheiten eigentlich etwas ganz Sch\u00f6nes sind. Manchmal bin ich noch ein bisschen vorsichtig, aber ich werde jeden Tag mutiger.<\/p>\n<p data-start=\"639\" data-end=\"800\">Ich bin <strong data-start=\"647\" data-end=\"657\">Frieda<\/strong>, die Kleinste von uns \u2013 und ich habe die Menschen schon fest in mein Herz geschlossen. Ich bin zutraulich, verschmust und einfach gerne dabei.<\/p>\n<p data-start=\"802\" data-end=\"986\">Und ich bin <strong data-start=\"814\" data-end=\"825\">Gertrud<\/strong> \u2013 auch ich lasse mich schon streicheln, brauche aber noch etwas Zeit, um ganz aufzutauen. Mit Geduld und Liebe werde ich dir sicher eine ganz treue Begleiterin.<\/p>\n<p data-start=\"988\" data-end=\"1129\">Was uns verbindet?<br data-start=\"1006\" data-end=\"1009\">Ganz viel Energie, gro\u00dfe Neugier und ein kleines Katzenherz voller Liebe, das nur darauf wartet, verschenkt zu werden \ud83d\udc9b<\/p>\n<p data-start=\"1131\" data-end=\"1341\">Wir w\u00fcnschen uns ein ruhiges, liebevolles Zuhause, in dem wir in unserem Tempo ankommen d\u00fcrfen. Wenn wir uns eingelebt haben, w\u00fcrden wir uns sp\u00e4ter \u00fcber Freigang in einer ruhigen, verkehrsarmen Umgebung freuen.<\/p>\n<p data-start=\"1343\" data-end=\"1420\">Wenn wir bei dir einziehen, sind wir bereits kastriert, gechippt und geimpft.<\/p>\n<p data-start=\"1422\" data-end=\"1549\">Vielleicht bist genau du unser Mensch?<br data-start=\"1460\" data-end=\"1463\">Dann stell dich doch gerne bei uns vor \u2013 wir freuen uns darauf, dich kennenzulernen \ud83d\udc31<\/p>\n<p data-start=\"1551\" data-end=\"1566\">\ud83d\udcde 0173 9626036<\/p>\n","protected":false},"excerpt":{"rendered":"<p>Wir sind Tilda, Frieda &amp; Gertrud \u2013 und wir suchen unser Gl\u00fcck \ud83d\udc3e Hallo ihr lieben Menschen,wir drei Katzenm\u00e4dchen sind Mitte Oktober 2025 geboren und nun gro\u00df genug, um unser eigenes Zuhause zu finden. Am allerliebsten w\u00fcrden wir zu zweit ausziehen \u2013 oder vielleicht sogar gemeinsam zu dritt? Das w\u00e4re unser gr\u00f6\u00dftes Gl\u00fcck. Ich bin [&hellip;]<\/p>\n","protected":false},"featured_media":4070,"template":"","meta":{"ngg_post_thumbnail":0,"_joinchat":[]},"product_brand":[],"product_cat":[57],"product_tag":[],"class_list":{"0":"post-4062","1":"product","2":"type-product","3":"status-publish","4":"has-post-thumbnail","6":"product_cat-kitten-bis1-jahr","8":"first","9":"instock","10":"taxable","11":"shipping-taxable","12":"product-type-simple"},"_links":{"self":[{"href":"https:\/\/tiere-opr.de\/index.php?rest_route=\/wp\/v2\/product\/4062","targetHints":{"allow":["GET"]}}],"collection":[{"href":"https:\/\/tiere-opr.de\/index.php?rest_route=\/wp\/v2\/product"}],"about":[{"href":"https:\/\/tiere-opr.de\/index.php?rest_route=\/wp\/v2\/types\/product"}],"wp:featuredmedia":[{"embeddable":true,"href":"https:\/\/tiere-opr.de\/index.php?rest_route=\/wp\/v2\/media\/4070"}],"wp:attachment":[{"href":"https:\/\/tiere-opr.de\/index.php?rest_route=%2Fwp%2Fv2%2Fmedia&parent=4062"}],"wp:term":[{"taxonomy":"product_brand","embeddable":true,"href":"https:\/\/tiere-opr.de\/index.php?rest_route=%2Fwp%2Fv2%2Fproduct_brand&post=4062"},{"taxonomy":"product_cat","embeddable":true,"href":"https:\/\/tiere-opr.de\/index.php?rest_route=%2Fwp%2Fv2%2Fproduct_cat&post=4062"},{"taxonomy":"product_tag","embeddable":true,"href":"https:\/\/tiere-opr.de\/index.php?rest_route=%2Fwp%2Fv2%2Fproduct_tag&post=4062"}],"curies":[{"name":"wp","href":"https:\/\/api.w.org\/{rel}","templated":true}]}}