{"id":4104,"date":"2026-04-06T21:23:16","date_gmt":"2026-04-06T19:23:16","guid":{"rendered":"https:\/\/tiere-opr.de\/?post_type=product&#038;p=4104"},"modified":"2026-04-06T21:23:16","modified_gmt":"2026-04-06T19:23:16","slug":"minki","status":"publish","type":"product","link":"https:\/\/tiere-opr.de\/?product=minki","title":{"rendered":"Minki"},"content":{"rendered":"<p class=\"isSelectedEnd\">Hallo du da drau\u00dfen,<\/p>\n<p class=\"isSelectedEnd\">ich bin Minki, etwa 6 Jahre alt, und auf der Suche nach meinem F\u00fcr-immer-Zuhause \ud83d\udc31<\/p>\n<p class=\"isSelectedEnd\">Ich geh\u00f6re eher zu den ruhigen Katzen und mag es entspannt. Deshalb w\u00e4re ein Zuhause ohne kleine Kinder genau das Richtige f\u00fcr mich \u2013 Trubel und laute Ger\u00e4usche sind einfach nicht mein Ding. Daf\u00fcr liebe ich Kuscheleinheiten umso mehr! Und glaub mir: Ich wei\u00df ganz genau, wie ich mir meine Streicheleinheiten charmant einfordere \ud83d\ude09<\/p>\n<p class=\"isSelectedEnd\">Ich bin neugierig, beobachte gerne meine Umgebung und habe Fensterpl\u00e4tze ganz besonders ins Herz geschlossen. Ein gesicherter Balkon w\u00e4re f\u00fcr mich ein absoluter Traum, damit ich frische Luft schnuppern und die Welt drau\u00dfen beobachten kann.<\/p>\n<p class=\"isSelectedEnd\">Mit anderen Katzen komme ich vielleicht zurecht \u2013 aber nur, wenn man sich ganz viel Zeit f\u00fcr uns nimmt und uns langsam aneinander gew\u00f6hnt. Ehrlich gesagt w\u00e4re ich aber auch sehr gl\u00fccklich als kleine Einzelprinzessin, wenn du genug Zeit f\u00fcr mich hast und mir viel Liebe schenkst.<\/p>\n<p class=\"isSelectedEnd\">Ach, und noch etwas: Ich habe ein kleines besonderes Merkmal \u2013 mir fehlt ein Rei\u00dfzahn. Das gibt mir eine ganz eigene, niedliche Schnute, sagen die Menschen hier \ud83d\ude3a<\/p>\n<p class=\"isSelectedEnd\">Was ich mir w\u00fcnsche:<br \/>\n\u2022 ein ruhiges Zuhause ohne kleine Kinder<br \/>\n\u2022 eine Wohnung mit gesichertem Balkon (das w\u00e4re wirklich toll!)<br \/>\n\u2022 Menschen mit viel Zeit f\u00fcr mich und ganz vielen Kuschelstunden<\/p>\n<p class=\"isSelectedEnd\">Ich ziehe nur nach einem pers\u00f6nlichen Kennenlernen um \u2013 schlie\u00dflich wollen wir ja schauen, ob wir zueinander passen \ud83d\udc9b<br \/>\nNat\u00fcrlich bringe ich auch einen Schutzvertrag und eine Schutzgeb\u00fchr mit.<\/p>\n<p class=\"isSelectedEnd\">Wenn du glaubst, dass ich genau zu dir passe, dann melde dich doch mit ein paar Infos \u00fcber dich und dein Zuhause.<\/p>\n<p class=\"isSelectedEnd\">Ich warte schon ganz gespannt auf dich! \ud83d\udc3e<\/p>\n<p>Kontakt: 01739626036<\/p>\n","protected":false},"excerpt":{"rendered":"<p>Hallo du da drau\u00dfen, ich bin Minki, etwa 6 Jahre alt, und auf der Suche nach meinem F\u00fcr-immer-Zuhause \ud83d\udc31 Ich geh\u00f6re eher zu den ruhigen Katzen und mag es entspannt. Deshalb w\u00e4re ein Zuhause ohne kleine Kinder genau das Richtige f\u00fcr mich \u2013 Trubel und laute Ger\u00e4usche sind einfach nicht mein Ding. Daf\u00fcr liebe ich [&hellip;]<\/p>\n","protected":false},"featured_media":4108,"template":"","meta":{"ngg_post_thumbnail":0,"_joinchat":[]},"product_brand":[],"product_cat":[58],"product_tag":[],"class_list":{"0":"post-4104","1":"product","2":"type-product","3":"status-publish","4":"has-post-thumbnail","6":"product_cat-adult-1-9-jahre","8":"first","9":"instock","10":"taxable","11":"shipping-taxable","12":"product-type-simple"},"_links":{"self":[{"href":"https:\/\/tiere-opr.de\/index.php?rest_route=\/wp\/v2\/product\/4104","targetHints":{"allow":["GET"]}}],"collection":[{"href":"https:\/\/tiere-opr.de\/index.php?rest_route=\/wp\/v2\/product"}],"about":[{"href":"https:\/\/tiere-opr.de\/index.php?rest_route=\/wp\/v2\/types\/product"}],"wp:featuredmedia":[{"embeddable":true,"href":"https:\/\/tiere-opr.de\/index.php?rest_route=\/wp\/v2\/media\/4108"}],"wp:attachment":[{"href":"https:\/\/tiere-opr.de\/index.php?rest_route=%2Fwp%2Fv2%2Fmedia&parent=4104"}],"wp:term":[{"taxonomy":"product_brand","embeddable":true,"href":"https:\/\/tiere-opr.de\/index.php?rest_route=%2Fwp%2Fv2%2Fproduct_brand&post=4104"},{"taxonomy":"product_cat","embeddable":true,"href":"https:\/\/tiere-opr.de\/index.php?rest_route=%2Fwp%2Fv2%2Fproduct_cat&post=4104"},{"taxonomy":"product_tag","embeddable":true,"href":"https:\/\/tiere-opr.de\/index.php?rest_route=%2Fwp%2Fv2%2Fproduct_tag&post=4104"}],"curies":[{"name":"wp","href":"https:\/\/api.w.org\/{rel}","templated":true}]}}