{"id":4124,"date":"2026-04-06T22:07:59","date_gmt":"2026-04-06T20:07:59","guid":{"rendered":"https:\/\/tiere-opr.de\/?post_type=product&#038;p=4124"},"modified":"2026-04-06T22:07:59","modified_gmt":"2026-04-06T20:07:59","slug":"hookie","status":"publish","type":"product","link":"https:\/\/tiere-opr.de\/?product=hookie","title":{"rendered":"Hookie"},"content":{"rendered":"<p data-start=\"195\" data-end=\"247\"><strong data-start=\"195\" data-end=\"247\">\ud83d\udc3e Ich bin Hookie\u2026 und ich suche mein Zuhause \ud83d\udc3e<\/strong><\/p>\n<p data-start=\"249\" data-end=\"341\">Man sagt, Katzen h\u00e4tten sieben Leben\u2026<br data-start=\"286\" data-end=\"289\">aber gerade f\u00fchlt sich meins ganz sch\u00f6n unsicher an.<\/p>\n<p data-start=\"343\" data-end=\"548\">Mein Frauchen kann sich leider nicht mehr um mich k\u00fcmmern, weil sie ins Hospiz muss. Das verstehe ich nicht so richtig \u2013 ich wei\u00df nur, dass sich alles ver\u00e4ndert hat und ich jetzt ein neues Zuhause brauche.<\/p>\n<p data-start=\"550\" data-end=\"805\">Ich bin ungef\u00e4hr 7 Jahre alt und ein eher vorsichtiger Kater. Fr\u00fcher habe ich in einer Gartenanlage gelebt, deshalb f\u00e4llt es mir nicht leicht, Menschen sofort zu vertrauen. Neue Situationen machen mir Angst, und ich brauche Zeit, um mich sicher zu f\u00fchlen.<\/p>\n<p data-start=\"807\" data-end=\"914\">Aber wenn du mir diese Zeit gibst\u2026 dann k\u00f6nnte ich lernen, dir zu vertrauen. Ganz langsam. In meinem Tempo.<\/p>\n<p data-start=\"916\" data-end=\"943\">\ud83d\udc9b <strong data-start=\"919\" data-end=\"943\">Was ich mir w\u00fcnsche:<\/strong><\/p>\n<ul data-start=\"944\" data-end=\"1226\">\n<li data-section-id=\"13ek0be\" data-start=\"944\" data-end=\"984\">ein ruhiges Zuhause ohne viel Trubel<\/li>\n<li data-section-id=\"1j4c8ph\" data-start=\"985\" data-end=\"1024\">Menschen mit Geduld und Verst\u00e4ndnis<\/li>\n<li data-section-id=\"1x3654x\" data-start=\"1025\" data-end=\"1077\">eine Wohnung, in der ich mich sicher f\u00fchlen kann<\/li>\n<li data-section-id=\"12k3xha\" data-start=\"1078\" data-end=\"1226\">vielleicht einen freundlichen Kater, an dem ich mich orientieren kann<br data-start=\"1149\" data-end=\"1152\"><em data-start=\"1154\" data-end=\"1224\">(oder ich bleibe dein Einzelprinz, wenn du genug Zeit f\u00fcr mich hast)<\/em><\/li>\n<\/ul>\n<p data-start=\"1228\" data-end=\"1366\">Ich bin kein Kater, der sofort auf den Scho\u00df springt.<br data-start=\"1281\" data-end=\"1284\">Aber ich verspreche dir: Wenn du mein Herz gewinnst, ist es etwas ganz Besonderes.<\/p>\n<p data-start=\"1368\" data-end=\"1415\">\ud83d\udcde <strong data-start=\"1371\" data-end=\"1383\">Kontakt:<\/strong><br data-start=\"1383\" data-end=\"1386\">0172 5215751<br data-start=\"1398\" data-end=\"1401\">0173 9626036<\/p>\n","protected":false},"excerpt":{"rendered":"<p>\ud83d\udc3e Ich bin Hookie\u2026 und ich suche mein Zuhause \ud83d\udc3e Man sagt, Katzen h\u00e4tten sieben Leben\u2026aber gerade f\u00fchlt sich meins ganz sch\u00f6n unsicher an. Mein Frauchen kann sich leider nicht mehr um mich k\u00fcmmern, weil sie ins Hospiz muss. Das verstehe ich nicht so richtig \u2013 ich wei\u00df nur, dass sich alles ver\u00e4ndert hat und [&hellip;]<\/p>\n","protected":false},"featured_media":4128,"template":"","meta":{"ngg_post_thumbnail":0,"_joinchat":[]},"product_brand":[],"product_cat":[58],"product_tag":[],"class_list":{"0":"post-4124","1":"product","2":"type-product","3":"status-publish","4":"has-post-thumbnail","6":"product_cat-adult-1-9-jahre","8":"first","9":"instock","10":"taxable","11":"shipping-taxable","12":"product-type-simple"},"_links":{"self":[{"href":"https:\/\/tiere-opr.de\/index.php?rest_route=\/wp\/v2\/product\/4124","targetHints":{"allow":["GET"]}}],"collection":[{"href":"https:\/\/tiere-opr.de\/index.php?rest_route=\/wp\/v2\/product"}],"about":[{"href":"https:\/\/tiere-opr.de\/index.php?rest_route=\/wp\/v2\/types\/product"}],"wp:featuredmedia":[{"embeddable":true,"href":"https:\/\/tiere-opr.de\/index.php?rest_route=\/wp\/v2\/media\/4128"}],"wp:attachment":[{"href":"https:\/\/tiere-opr.de\/index.php?rest_route=%2Fwp%2Fv2%2Fmedia&parent=4124"}],"wp:term":[{"taxonomy":"product_brand","embeddable":true,"href":"https:\/\/tiere-opr.de\/index.php?rest_route=%2Fwp%2Fv2%2Fproduct_brand&post=4124"},{"taxonomy":"product_cat","embeddable":true,"href":"https:\/\/tiere-opr.de\/index.php?rest_route=%2Fwp%2Fv2%2Fproduct_cat&post=4124"},{"taxonomy":"product_tag","embeddable":true,"href":"https:\/\/tiere-opr.de\/index.php?rest_route=%2Fwp%2Fv2%2Fproduct_tag&post=4124"}],"curies":[{"name":"wp","href":"https:\/\/api.w.org\/{rel}","templated":true}]}}