{"id":4135,"date":"2026-04-10T23:52:46","date_gmt":"2026-04-10T21:52:46","guid":{"rendered":"https:\/\/tiere-opr.de\/?post_type=product&#038;p=4135"},"modified":"2026-04-10T23:53:05","modified_gmt":"2026-04-10T21:53:05","slug":"carlos-louis-silver-und-grummelchen","status":"publish","type":"product","link":"https:\/\/tiere-opr.de\/?product=carlos-louis-silver-und-grummelchen","title":{"rendered":"Carlos, Louis, Silver und Grummelchen"},"content":{"rendered":"<p data-start=\"90\" data-end=\"227\"><strong data-start=\"90\" data-end=\"227\">Wir sind Carlos, Louis und Silver \u2013 drei charmante Jungs \u2013 und unser kleines \u201eGrummelchen\u201c \ud83d\udc31 und wir suchen unser F\u00fcr-immer-Zuhause.<\/strong><\/p>\n<p data-start=\"229\" data-end=\"447\">Wir sind etwa 8 Monate alt, geimpft, gechipt und kastriert. Wie es sich f\u00fcr junge Katzen geh\u00f6rt, sind wir neugierig, verspielt und haben noch ganz viel vor im Leben \u2013 am liebsten gemeinsam mit unseren eigenen Menschen.<\/p>\n<p data-start=\"449\" data-end=\"692\">Im Moment sind wir noch ein bisschen sch\u00fcchtern. Aber wenn du uns Zeit gibst und lieb zu uns bist, lassen wir uns schon streicheln und werden mit jedem Tag mutiger. Mit Geduld und ganz viel Herz werden wir bestimmt bald deine treuen Begleiter.<\/p>\n<p data-start=\"694\" data-end=\"870\">Da wir uns untereinander richtig gern haben, m\u00f6chten wir <strong data-start=\"751\" data-end=\"773\">nicht allein leben<\/strong>. Am gl\u00fccklichsten sind wir mindestens zu zweit oder bei einer lieben, bereits vorhandenen Katze.<\/p>\n<p data-start=\"872\" data-end=\"1002\">Wir w\u00fcnschen uns ein ruhiges Zuhause in Wohnungshaltung mit einem <strong data-start=\"938\" data-end=\"960\">gesicherten Balkon<\/strong>, wo wir in unserem Tempo ankommen d\u00fcrfen.<\/p>\n<p data-start=\"1004\" data-end=\"1075\">Bevor wir umziehen, m\u00f6chten wir dich nat\u00fcrlich pers\u00f6nlich kennenlernen.<\/p>\n<p data-start=\"1077\" data-end=\"1134\">\u2728 Schenkst du uns die Chance, endlich richtig anzukommen?<\/p>\n<p data-start=\"1136\" data-end=\"1241\">\ud83d\udcde Melde dich gerne unter 01725215751<\/p>\n","protected":false},"excerpt":{"rendered":"<p>Wir sind Carlos, Louis und Silver \u2013 drei charmante Jungs \u2013 und unser kleines \u201eGrummelchen\u201c \ud83d\udc31 und wir suchen unser F\u00fcr-immer-Zuhause. Wir sind etwa 8 Monate alt, geimpft, gechipt und kastriert. Wie es sich f\u00fcr junge Katzen geh\u00f6rt, sind wir neugierig, verspielt und haben noch ganz viel vor im Leben \u2013 am liebsten gemeinsam mit [&hellip;]<\/p>\n","protected":false},"featured_media":4136,"template":"","meta":{"ngg_post_thumbnail":0,"_joinchat":[]},"product_brand":[],"product_cat":[58,57],"product_tag":[],"class_list":{"0":"post-4135","1":"product","2":"type-product","3":"status-publish","4":"has-post-thumbnail","6":"product_cat-adult-1-9-jahre","7":"product_cat-kitten-bis1-jahr","9":"first","10":"instock","11":"taxable","12":"shipping-taxable","13":"product-type-simple"},"_links":{"self":[{"href":"https:\/\/tiere-opr.de\/index.php?rest_route=\/wp\/v2\/product\/4135","targetHints":{"allow":["GET"]}}],"collection":[{"href":"https:\/\/tiere-opr.de\/index.php?rest_route=\/wp\/v2\/product"}],"about":[{"href":"https:\/\/tiere-opr.de\/index.php?rest_route=\/wp\/v2\/types\/product"}],"wp:featuredmedia":[{"embeddable":true,"href":"https:\/\/tiere-opr.de\/index.php?rest_route=\/wp\/v2\/media\/4136"}],"wp:attachment":[{"href":"https:\/\/tiere-opr.de\/index.php?rest_route=%2Fwp%2Fv2%2Fmedia&parent=4135"}],"wp:term":[{"taxonomy":"product_brand","embeddable":true,"href":"https:\/\/tiere-opr.de\/index.php?rest_route=%2Fwp%2Fv2%2Fproduct_brand&post=4135"},{"taxonomy":"product_cat","embeddable":true,"href":"https:\/\/tiere-opr.de\/index.php?rest_route=%2Fwp%2Fv2%2Fproduct_cat&post=4135"},{"taxonomy":"product_tag","embeddable":true,"href":"https:\/\/tiere-opr.de\/index.php?rest_route=%2Fwp%2Fv2%2Fproduct_tag&post=4135"}],"curies":[{"name":"wp","href":"https:\/\/api.w.org\/{rel}","templated":true}]}}