{"id":4146,"date":"2026-04-12T11:03:20","date_gmt":"2026-04-12T09:03:20","guid":{"rendered":"https:\/\/tiere-opr.de\/?post_type=product&#038;p=4146"},"modified":"2026-04-12T11:08:41","modified_gmt":"2026-04-12T09:08:41","slug":"kasia","status":"publish","type":"product","link":"https:\/\/tiere-opr.de\/?product=kasia","title":{"rendered":"Rio"},"content":{"rendered":"<p data-start=\"77\" data-end=\"202\">Hallo, ich bin Rio \ud83d\udc3e<br data-start=\"98\" data-end=\"101\">Ein grau getigerter Kater, geboren im Juli 2025 \u2013 und wie man mir sagt, ein ziemlich entspannter Typ.<\/p>\n<p data-start=\"204\" data-end=\"372\">Ich gehe alles ruhig an und beobachte erstmal, bevor ich mich ins Get\u00fcmmel st\u00fcrze. Hektik ist nicht so mein Ding \u2013 ich genie\u00dfe lieber die gem\u00fctlichen Seiten des Lebens.<\/p>\n<p data-start=\"374\" data-end=\"564\">Ich bin sehr verschmust, sanft und einfach gern in der N\u00e4he meiner Menschen. Kein Draufg\u00e4nger, sondern eher ein ruhiger Begleiter, der einfach da ist und f\u00fcr eine angenehme Atmosph\u00e4re sorgt.<\/p>\n<p data-start=\"566\" data-end=\"709\">Streit? Kenne ich nicht.<br data-start=\"590\" data-end=\"593\">Ich verstehe mich wirklich mit jeder Katze und gehe Konflikten lieber aus dem Weg. Harmonie ist mir einfach wichtig.<\/p>\n<p data-start=\"711\" data-end=\"825\">Deshalb passe ich auch super als Zweitkater \u2013 egal ob zu einer vorhandenen Katze oder in eine Familie mit Kindern.<\/p>\n<p data-start=\"827\" data-end=\"912\">Ich bin bereits kastriert und gechipt, und meine erste Impfung bekomme ich ganz bald.<\/p>\n<p data-start=\"914\" data-end=\"1063\">F\u00fcr mein neues Zuhause w\u00fcnsche ich mir liebevolle Menschen, bei denen ich einfach ich selbst sein darf: ruhig, freundlich und v\u00f6llig unkompliziert \ud83d\udc9b<\/p>\n<p data-start=\"1065\" data-end=\"1163\">M\u00f6chtest du mich kennenlernen? Dann melde dich gern \u2013 ich freue mich auf ein pers\u00f6nliches Treffen.<\/p>\n<p data-start=\"1165\" data-end=\"1196\">\ud83d\udcde 01739626036<br data-start=\"1179\" data-end=\"1182\">\ud83d\udcde 01725215751<\/p>\n<p>&nbsp;<\/p>\n","protected":false},"excerpt":{"rendered":"<p>Hallo, ich bin Rio \ud83d\udc3eEin grau getigerter Kater, geboren im Juli 2025 \u2013 und wie man mir sagt, ein ziemlich entspannter Typ. Ich gehe alles ruhig an und beobachte erstmal, bevor ich mich ins Get\u00fcmmel st\u00fcrze. Hektik ist nicht so mein Ding \u2013 ich genie\u00dfe lieber die gem\u00fctlichen Seiten des Lebens. Ich bin sehr verschmust, [&hellip;]<\/p>\n","protected":false},"featured_media":4150,"template":"","meta":{"ngg_post_thumbnail":0,"_joinchat":[]},"product_brand":[],"product_cat":[57],"product_tag":[],"class_list":{"0":"post-4146","1":"product","2":"type-product","3":"status-publish","4":"has-post-thumbnail","6":"product_cat-kitten-bis1-jahr","8":"first","9":"instock","10":"taxable","11":"shipping-taxable","12":"product-type-simple"},"_links":{"self":[{"href":"https:\/\/tiere-opr.de\/index.php?rest_route=\/wp\/v2\/product\/4146","targetHints":{"allow":["GET"]}}],"collection":[{"href":"https:\/\/tiere-opr.de\/index.php?rest_route=\/wp\/v2\/product"}],"about":[{"href":"https:\/\/tiere-opr.de\/index.php?rest_route=\/wp\/v2\/types\/product"}],"wp:featuredmedia":[{"embeddable":true,"href":"https:\/\/tiere-opr.de\/index.php?rest_route=\/wp\/v2\/media\/4150"}],"wp:attachment":[{"href":"https:\/\/tiere-opr.de\/index.php?rest_route=%2Fwp%2Fv2%2Fmedia&parent=4146"}],"wp:term":[{"taxonomy":"product_brand","embeddable":true,"href":"https:\/\/tiere-opr.de\/index.php?rest_route=%2Fwp%2Fv2%2Fproduct_brand&post=4146"},{"taxonomy":"product_cat","embeddable":true,"href":"https:\/\/tiere-opr.de\/index.php?rest_route=%2Fwp%2Fv2%2Fproduct_cat&post=4146"},{"taxonomy":"product_tag","embeddable":true,"href":"https:\/\/tiere-opr.de\/index.php?rest_route=%2Fwp%2Fv2%2Fproduct_tag&post=4146"}],"curies":[{"name":"wp","href":"https:\/\/api.w.org\/{rel}","templated":true}]}}