{"id":4162,"date":"2026-04-12T11:23:32","date_gmt":"2026-04-12T09:23:32","guid":{"rendered":"https:\/\/tiere-opr.de\/?post_type=product&#038;p=4162"},"modified":"2026-04-12T11:23:32","modified_gmt":"2026-04-12T09:23:32","slug":"tappas-burrito","status":"publish","type":"product","link":"https:\/\/tiere-opr.de\/?product=tappas-burrito","title":{"rendered":"Tappas &#038; Burrito"},"content":{"rendered":"<p data-start=\"104\" data-end=\"262\">Hallo, wir sind Burrito &amp; Tappas \ud83d\udc3e\ud83d\udc3e<br data-start=\"141\" data-end=\"144\">Zwei Br\u00fcder, fast 2 Jahre alt \u2013 und wir warten schon eine ganze Weile darauf, endlich unser eigenes Zuhause zu finden.<\/p>\n<p data-start=\"264\" data-end=\"408\">Ich bin Burrito: Ich bin schon ziemlich zutraulich und liebe Streicheleinheiten sehr. N\u00e4he tut einfach gut, und ich genie\u00dfe jede Aufmerksamkeit.<\/p>\n<p data-start=\"410\" data-end=\"633\">Und ich bin Tappas: Ich bin noch etwas vorsichtig und brauche ein bisschen Zeit. Aber ich werde immer mutiger \u2013 Leckerlis nehme ich schon aus der Hand \ud83d\ude09<br data-start=\"563\" data-end=\"566\">Mit Geduld werde auch ich bestimmt bald ein richtiger Schmusekater.<\/p>\n<p data-start=\"635\" data-end=\"804\">Gemeinsam haben wir ein gro\u00dfes Herz und ganz viel Potenzial. Wenn man uns Zeit, Ruhe und Verst\u00e4ndnis schenkt, werden wir uns ganz sicher zu treuen Begleitern entwickeln.<\/p>\n<p data-start=\"806\" data-end=\"973\">F\u00fcr unser neues Zuhause w\u00fcnschen wir uns einen ruhigen Haushalt in Wohnungshaltung, in dem wir endlich ankommen d\u00fcrfen \u2013 zusammen, denn wir geh\u00f6ren einfach zusammen \u2764\ufe0f<\/p>\n<p data-start=\"975\" data-end=\"1052\">M\u00f6chtest du uns kennenlernen? Dann melde dich gern \u2013 wir freuen uns auf dich!<\/p>\n<p data-start=\"1054\" data-end=\"1068\">\ud83d\udcde 01725215751<\/p>\n","protected":false},"excerpt":{"rendered":"<p>Hallo, wir sind Burrito &amp; Tappas \ud83d\udc3e\ud83d\udc3eZwei Br\u00fcder, fast 2 Jahre alt \u2013 und wir warten schon eine ganze Weile darauf, endlich unser eigenes Zuhause zu finden. Ich bin Burrito: Ich bin schon ziemlich zutraulich und liebe Streicheleinheiten sehr. N\u00e4he tut einfach gut, und ich genie\u00dfe jede Aufmerksamkeit. Und ich bin Tappas: Ich bin noch [&hellip;]<\/p>\n","protected":false},"featured_media":4163,"template":"","meta":{"ngg_post_thumbnail":0,"_joinchat":[]},"product_brand":[],"product_cat":[58],"product_tag":[],"class_list":{"0":"post-4162","1":"product","2":"type-product","3":"status-publish","4":"has-post-thumbnail","6":"product_cat-adult-1-9-jahre","8":"first","9":"instock","10":"taxable","11":"shipping-taxable","12":"product-type-simple"},"_links":{"self":[{"href":"https:\/\/tiere-opr.de\/index.php?rest_route=\/wp\/v2\/product\/4162","targetHints":{"allow":["GET"]}}],"collection":[{"href":"https:\/\/tiere-opr.de\/index.php?rest_route=\/wp\/v2\/product"}],"about":[{"href":"https:\/\/tiere-opr.de\/index.php?rest_route=\/wp\/v2\/types\/product"}],"wp:featuredmedia":[{"embeddable":true,"href":"https:\/\/tiere-opr.de\/index.php?rest_route=\/wp\/v2\/media\/4163"}],"wp:attachment":[{"href":"https:\/\/tiere-opr.de\/index.php?rest_route=%2Fwp%2Fv2%2Fmedia&parent=4162"}],"wp:term":[{"taxonomy":"product_brand","embeddable":true,"href":"https:\/\/tiere-opr.de\/index.php?rest_route=%2Fwp%2Fv2%2Fproduct_brand&post=4162"},{"taxonomy":"product_cat","embeddable":true,"href":"https:\/\/tiere-opr.de\/index.php?rest_route=%2Fwp%2Fv2%2Fproduct_cat&post=4162"},{"taxonomy":"product_tag","embeddable":true,"href":"https:\/\/tiere-opr.de\/index.php?rest_route=%2Fwp%2Fv2%2Fproduct_tag&post=4162"}],"curies":[{"name":"wp","href":"https:\/\/api.w.org\/{rel}","templated":true}]}}