{"id":4217,"date":"2026-05-10T21:03:54","date_gmt":"2026-05-10T19:03:54","guid":{"rendered":"https:\/\/tiere-opr.de\/?post_type=product&#038;p=4217"},"modified":"2026-05-10T21:03:55","modified_gmt":"2026-05-10T19:03:55","slug":"leilah","status":"publish","type":"product","link":"https:\/\/tiere-opr.de\/?product=leilah","title":{"rendered":"Leilah"},"content":{"rendered":"<p data-start=\"0\" data-end=\"53\"><strong data-start=\"0\" data-end=\"53\">Ich hei\u00dfe Leilah \u2026 und ich suche mein Zuhause. \ud83d\udc3e<\/strong><\/p>\n<p data-start=\"57\" data-end=\"326\">Geboren wurde ich am 27.12.2022 und in mir steckt ganz sch\u00f6n viel Hund: Akita, American Stafford Terrier und Riesenschnauzer. Klingt nach Power? Stimmt auch. Mit meinen ca. 26,5 kg bringe ich ordentlich Energie, Lebensfreude und manchmal auch ein bisschen Unsinn mit.<\/p>\n<p data-start=\"330\" data-end=\"426\">Ich bin geimpft, gechippt und bereit f\u00fcr Menschen, die mich wirklich sehen und verstehen wollen.<\/p>\n<p data-start=\"430\" data-end=\"643\">Ich liebe es zu spielen \u2013 besonders mit B\u00e4llen \ud83c\udfbe. Wasser finde ich gro\u00dfartig und lange Spazierg\u00e4nge sowieso. Am sch\u00f6nsten ist es, wenn ich gemeinsam mit meinen Menschen unterwegs sein darf und etwas erleben kann.<\/p>\n<p data-start=\"647\" data-end=\"880\">Ich bin selbstbewusst und manchmal etwas st\u00fcrmisch. Deshalb w\u00fcnsche ich mir Menschen, die mir Sicherheit geben, klare Grenzen setzen und mir zeigen, woran ich mich orientieren kann. Dann kann ich richtig gut entspannen und vertrauen.<\/p>\n<p data-start=\"884\" data-end=\"1062\">Andere Hunde k\u00f6nnen okay sein, wenn man mich gut anleitet. Kinder kenne ich bereits, aber wegen meiner Energie sollten sie verstehen, dass ich manchmal noch etwas wild sein kann.<\/p>\n<p data-start=\"1066\" data-end=\"1275\">Ich suche kein Zuhause \u201ef\u00fcr nebenbei\u201c. Ich suche Menschen mit Zeit, Geduld, Herz und ehrlicher Zuwendung. Menschen, die Lust haben, mit mir gemeinsam zu wachsen und mir einen festen Platz im Leben zu schenken.<\/p>\n<p data-start=\"1279\" data-end=\"1304\">Vielleicht genau dich? \u2764\ufe0f<\/p>\n<p data-start=\"1308\" data-end=\"1366\" data-is-last-node=\"\" data-is-only-node=\"\">\ud83d\udcde Wenn du mich kennenlernen m\u00f6chtest:<br data-start=\"1346\" data-end=\"1350\">+49 1523 3598492<\/p>\n","protected":false},"excerpt":{"rendered":"<p>Ich hei\u00dfe Leilah \u2026 und ich suche mein Zuhause. \ud83d\udc3e Geboren wurde ich am 27.12.2022 und in mir steckt ganz sch\u00f6n viel Hund: Akita, American Stafford Terrier und Riesenschnauzer. Klingt nach Power? Stimmt auch. Mit meinen ca. 26,5 kg bringe ich ordentlich Energie, Lebensfreude und manchmal auch ein bisschen Unsinn mit. Ich bin geimpft, gechippt [&hellip;]<\/p>\n","protected":false},"featured_media":4218,"template":"","meta":{"ngg_post_thumbnail":0,"_joinchat":[]},"product_brand":[],"product_cat":[50],"product_tag":[],"class_list":{"0":"post-4217","1":"product","2":"type-product","3":"status-publish","4":"has-post-thumbnail","6":"product_cat-hunde","8":"first","9":"instock","10":"taxable","11":"shipping-taxable","12":"product-type-simple"},"_links":{"self":[{"href":"https:\/\/tiere-opr.de\/index.php?rest_route=\/wp\/v2\/product\/4217","targetHints":{"allow":["GET"]}}],"collection":[{"href":"https:\/\/tiere-opr.de\/index.php?rest_route=\/wp\/v2\/product"}],"about":[{"href":"https:\/\/tiere-opr.de\/index.php?rest_route=\/wp\/v2\/types\/product"}],"wp:featuredmedia":[{"embeddable":true,"href":"https:\/\/tiere-opr.de\/index.php?rest_route=\/wp\/v2\/media\/4218"}],"wp:attachment":[{"href":"https:\/\/tiere-opr.de\/index.php?rest_route=%2Fwp%2Fv2%2Fmedia&parent=4217"}],"wp:term":[{"taxonomy":"product_brand","embeddable":true,"href":"https:\/\/tiere-opr.de\/index.php?rest_route=%2Fwp%2Fv2%2Fproduct_brand&post=4217"},{"taxonomy":"product_cat","embeddable":true,"href":"https:\/\/tiere-opr.de\/index.php?rest_route=%2Fwp%2Fv2%2Fproduct_cat&post=4217"},{"taxonomy":"product_tag","embeddable":true,"href":"https:\/\/tiere-opr.de\/index.php?rest_route=%2Fwp%2Fv2%2Fproduct_tag&post=4217"}],"curies":[{"name":"wp","href":"https:\/\/api.w.org\/{rel}","templated":true}]}}